  
     {"id":14377,"date":"2021-09-14T13:55:31","date_gmt":"2021-09-14T11:55:31","guid":{"rendered":"https:\/\/www.britishschoolbarcelona.com\/?page_id=14377"},"modified":"2025-05-15T15:11:51","modified_gmt":"2025-05-15T13:11:51","slug":"suport-i-benestar","status":"publish","type":"page","link":"https:\/\/www.britishschoolbarcelona.com\/ca\/suport-i-benestar\/","title":{"rendered":"Suport i Benestar"},"content":{"rendered":"<div class=\"wpb-content-wrapper\"><p>[vc_row][vc_column]<section  class=\"bg-video-wrap hero section hero--centertext   \" style='background: url(https:\/\/www.britishschoolbarcelona.com\/wp-content\/uploads\/sites\/76\/2023\/01\/SH_0605.jpg) center ;background-size:cover ;'>\n                <div class=\"bg-overlay\" style='background:#000000;opacity:0.2;'><\/div>\n                <div class=\"overlay\" >\n                  <div class=\"container-fluid\">\n                    <div class=\"row\">\n                      <div class=\"col-md-12 col-lg-12\">\n\n                        <div class=\"caption text-start\"><div class=\"component sub-heading\" >\n                              <h1 class=\"display-h1\">Suport i Benestar<\/h1>\n                            <\/div><\/div>\n                      <\/div>\n                    <\/div>\n                  <\/div>\n                <\/div>\n              <\/section><div class='row  m-x-0 breadcrumb-wrap ' style=''><div class='container-fluid' >\n                <nav aria-label='breadcrumb'><ol class=\"breadcrumb mt-3\">\n                  <li class=\"breadcrumb-item\"><a href=\"https:\/\/www.britishschoolbarcelona.com\/ca\/\">Home<\/a><\/li>\n                  <li class=\"breadcrumb-item active\" aria-current=\"page\">Suport i Benestar<\/li>\n                <\/ol>\n              <\/nav>\n              <\/div>\n            <\/div>[\/vc_column][\/vc_row][vc_row][vc_column]\n            <div class=\"wrapper\">\n    <section  style='' class=\"section    container-width    \" ><div class=\"container-fluid\"><div class=\"row  justify-content-between  \"><div class=\" col-lg-6 col-md-6      \" ><div class=\"component mb-1 mt-0  radius-bottom-LR \" style='px'><div class=\"sub-heading component\"><h2  class=\"h6  \">Suport i benestar en tot all\u00f2 que fem<\/h2><\/div>\n                        <div class=\"sub-heading component \">\n                        <p class=\"body-medium\">Creiem plenament que l\u2019educaci\u00f3 de cada estudiant ha d\u2019estar personalitzada segons les seves fortaleses, necessitats, habilitats i interessos.<br \/>\n<br \/>\nEns preocupem per con\u00e8ixer cada estudiant de forma individual, cosa que ens permet oferir-los \/ oferir-les el suport i les cures necess\u00e0ries perqu\u00e8 siguin capa\u00e7os \/ capaces d\u2019assolir el m\u00e0xim potencial.<\/p>\n                        <\/div><\/div><\/div>\n                    <div class=\"col-lg-5 col-md-6    \"><div class=\"component single-img \"><div class=\"ratio ratio-21x9 callout-img halfcol--img image_overlay_1164\" style=\"background-image: url(https:\/\/www.britishschoolbarcelona.com\/wp-content\/uploads\/sites\/76\/2023\/01\/SH_7450-1.jpg);\"><\/div><\/div> <\/div>\n             <\/div>\n        <\/div>\n<\/section>\n            <\/div>[\/vc_column][\/vc_row][vc_row][vc_column]\n    <section  id=\"was-award\"  style='background-image: url(https:\/\/www.britishschoolbarcelona.com\/wp-content\/uploads\/sites\/76\/2023\/02\/red-pattern-test2.png);' class=\"section   section--blue    section--withBG \" ><div class=\"bg-overlay\" ><\/div><div class=\"container-fluid\"><div class=\"row\">\n                <div class=\"col-md-12 col-lg-10\">  <div class=\"component title\">\n                                        <p class=\"body-small\">Guard\u00f3<\/p>\n                                    <\/div><\/div>\n                <\/div><div class=\"row    \"><div class=\" col-lg-6 col-md-6      \" ><div class=\"component mb-1 mt-0  radius-bottom-LR \" style='px'><div class=\"sub-heading component\"><h2  class=\"h6  \">ºÚÁÏÍø est\u00e0 acreditat amb el Wellbeing Award for Schools<\/h2><\/div>\n                        <div class=\"sub-heading component \">\n                        <p class=\"body-medium\">El gener de 2022, vam rebre el guard\u00f3 <a href=\"https:\/\/www.awardplace.co.uk\/award\/was\" target=\"_blank\">Wellbeing Award for Schools<\/a> en reconeixement del comprom\u00eds de l\u2019escola amb el benestar de la nostra comunitat educativa.<br \/>\n<br \/>\nAquest guard\u00f3 confirma que el benestar forma part de l\u2019ADN de l\u2019escola i que escoltem amb atenci\u00f3 les opinions de la comunitat educativa de BSB (estudiants, fam\u00edlies, personal) per oferir un enfocament global per a tota l\u2019escola.<\/p>\n                        <\/div><\/div><div class=\"component link\"><a href=\"\/wp-content\/uploads\/sites\/76\/2023\/01\/WAS-Verification-Report-British-School-of-Barcelona.pdf\" class=\" btn btn-link\" target=\"_blank\">Vegeu\/Descarregueu l\u2019Informe WAS complet<\/a><\/div><\/div>\n                    <div class=\"col-lg-6 col-md-6    \"><div class=\"component single-img \"><a href=\"https:\/\/www.awardplace.co.uk\/award\/was\"target=\"_blank\"><div class=\"ratio ratio-4x3 callout-img halfcol--img image_overlay_1588\" style=\"background-image: url(https:\/\/www.britishschoolbarcelona.com\/wp-content\/uploads\/sites\/76\/2023\/01\/Award-logo-5.png);\"><\/div><\/a><\/div> <\/div>\n             <\/div>\n        <\/div>\n<\/section>[\/vc_column][\/vc_row][vc_row][vc_column]<section  class=\"section callout-img full--img  wpb_animate_when_almost_visible wpb_slideInUp slideInUp has-bg-image   \" style=\"background-image: url('https:\/\/www.britishschoolbarcelona.com\/wp-content\/uploads\/sites\/76\/2023\/01\/SH_5006-1.jpg'); background-size: cover;\"margin-top:5px;margin-bottom:5px;><div class=\"img-overlay overlay2264\"><\/div><div class=\"container-fluid\">\n                                <div class=\"row \"><style>\n                .overlay2264 {\n                    background: rgba(0,0,0,0.5) !important;\n                }\n                <\/style><style>\n                @media (max-width: 767px) {\n                    .img_overlay_uniq4774 {\n                        width: 90%;\n                    }\n                }\n                <\/style><div class=\"col-lg-12 col-md-12\">\n                                    <div class=\"heading component\">\n                                    <div class=\"\" >\n                                    <div class=\"img-overlay-middle img_overlay_uniq4774\" style=\" \">\n                                    <div><div class=\"heading component\">\n                                                    <div class=\"h4\">\u00abBSB presta atenci\u00f3 a les necessitats de l\u2019alumnat, assegurant-se que cada nen\/a sent que l\u2019hi recolza i l\u2019anima a progressar en un entorn segur i comprom\u00e8s.\u00bb<\/div>\n                                                <\/div><div class=\"heading component\">\n                                                                        <p class=\"body-large\"><\/p>\n<h6>&#8211; Fam\u00edlia de Year 10, Q\u00fcestionari Voice of the Parent 2025<\/h6>\n<p><\/p>\n                                                                    <\/div><div class=\"component link cust-link\"><\/div><\/div>\n                                                    <\/div>\n                                                <\/div>\n                                            <\/div>\n                                        \n                                        <\/div>\n                                    <\/div>\n                                <\/div>\n                            <\/section>[\/vc_column][\/vc_row][vc_row css=&#8221;.vc_custom_1729071755554{background-image: url(https:\/\/www.britishschoolbarcelona.com\/wp-content\/uploads\/sites\/76\/2023\/02\/Blue-pattern-test1.png?id=21811) !important;background-position: center !important;background-repeat: no-repeat !important;background-size: cover !important;}&#8221;][vc_column]<section  id=\"pastoral-care\"  class=\"section  wpb_animate_when_almost_visible wpb_slideInUp slideInUp   button-align-left white-section   \" style='margin-bottom:5px;'><div class=\"container-fluid \" ><style>\r\n            .tech-grid-title h2 a {\r\n                font-size: 20px;\r\n                line-height: 45px;\r\n            }\r\n            .tech-grid-title h2 {\r\n                font-size: 20px;\r\n                line-height: 45px;\r\n            }\r\n            <\/style><style>\r\n            .tech-grid-title h2 a {\r\n                font-weight: bold;\r\n            }\r\n            .tech-grid-title h2 a {\r\n                font-weight: bold;\r\n            }\r\n            <\/style><div class=\"row m-0 align-items-center centerText\">\r\n                            <div class=\"col-sm-12 col-md-12 col-lg-12 mx-auto\"><div class=\"sub-heading component\">\r\n                                    <div class=\"h4\">El benestar de l\u2019alumnat forma part essencial de tot all\u00f2 que fem<\/div>\r\n                                <\/div><\/div>\r\n                        <\/div><div class=\"row m-0 justify-content-center pt-3 pt-md-5\"><div class=\"col-lg-6 col-md-6 col-sm-6 mb-3\">\r\n                            <div class=\"card card--white tech-images\">   <div class=\"ratio ratio-16x9 callout-img halfcol--img \" style=\"background-image: url(https:\/\/www.britishschoolbarcelona.com\/wp-content\/uploads\/sites\/76\/2024\/02\/SH_2782.jpg);background-position:center;\"><\/div><div class=\"  card-body tech-grid-title\"><h6><b>Suport a l\u2019Aprenentatge<\/b><\/h6><div class=\"component  mt-2 mt-md-0\"><p class=\"body-medium\"><i>Donem suport a l\u2019alumnat per impulsar-ne l\u2019aprenentatge<\/i>\n<br>\n<br>\nMonitorem, mesurem i avaluem amb regularitat el progr\u00e9s individual de cada estudiant. Aix\u00f2 ens permet intervenir a temps quan un alumne \/ una alumna necessita suport addicional o un enfocament alternatiu per impulsar la seva educaci\u00f3. L\u2019Equip de Suport els \/ les ajudar\u00e0 amb l\u2019aprenentatge i els \/ les oferir\u00e0 nous reptes, tot identificant aquelles \u00e0rees on necessiten m\u00e9s ajuda i usant les fortaleses pr\u00f2pies com a base per millorar aix\u00ed l\u2019experi\u00e8ncia educativa.<\/p><\/div><div class=\"component link text-center btnBottom-flexible\"><a href=\"\/wp-content\/uploads\/sites\/76\/2023\/02\/Learning-Support-at-BSB.pdf\" class=\" btn btn-primary\" >Coneix m\u00e9s sobre el nostre programa de Suport a l\u2019Aprenentatge<\/a><\/div><\/div>\r\n                            <\/div>\r\n                        <\/div><div class=\"col-lg-6 col-md-6 col-sm-6 mb-3\">\r\n                            <div class=\"card card--white tech-images\">   <div class=\"ratio ratio-16x9 callout-img halfcol--img \" style=\"background-image: url(https:\/\/www.britishschoolbarcelona.com\/wp-content\/uploads\/sites\/76\/2023\/01\/SH_0624-1.jpg);background-position:center;\"><\/div><div class=\"  card-body tech-grid-title\"><h6><b>Benestar<\/b><\/h6><div class=\"component  mt-2 mt-md-0\"><p class=\"body-medium\"><i>Un nen \/ una nena feli\u00e7 apr\u00e8n millor<\/i>\n<br>\n<br>\nEl benestar emocional i la salut mental no nom\u00e9s estan connectats amb l\u2019\u00e8xit acad\u00e8mic, sin\u00f3 que els considerem de vital import\u00e0ncia perqu\u00e8 els \/ les alumnes gaudeixin d\u2019una vida plena i feli\u00e7. L\u2019objectiu \u00e9s que tot l\u2019alumnat adquireixin els coneixements necessaris per negociar amb confian\u00e7a totes aquelles situacions a qu\u00e8 hauran de fer front al llarg de la seva traject\u00f2ria educativa i m\u00e9s endavant, a la seva vida futura.<\/p><\/div><div class=\"component link text-center btnBottom-flexible\"><a href=\"\/wp-content\/uploads\/sites\/76\/2023\/01\/BSB-Wellbeing-Vision-statement.pdf\" class=\" btn btn-primary\" >Declaraci\u00f3 de visi\u00f3 de benestar de BSB<\/a><\/div><\/div>\r\n                            <\/div>\r\n                        <\/div><div class=\"col-lg-6 col-md-6 col-sm-6 mb-3\">\r\n                            <div class=\"card card--white tech-images\">   <div class=\"ratio ratio-16x9 callout-img halfcol--img \" style=\"background-image: url(https:\/\/www.britishschoolbarcelona.com\/wp-content\/uploads\/sites\/76\/2023\/01\/SH_6829-1.jpg);background-position:center;\"><\/div><div class=\"  card-body tech-grid-title\"><h6><b>Desenvolupament personal<\/b><\/h6><div class=\"component  mt-2 mt-md-0\"><p class=\"body-medium\"><i>Ens centrem en el desenvolupament integral<\/i>\n<br>\n<br>\nL\u2019atenci\u00f3 al desenvolupament personal involucra tota la comunitat educativa i est\u00e0 vinculada intr\u00ednsecament al model d\u2019ensenyament de l\u2019escola, tot promovent el desenvolupament personal i social de l\u2019alumnat i fomentant actituds positives. L\u2019objectiu \u00e9s crear un entorn afectiu i de suport on l\u2019alumnat se sentin amb la seguretat per poder explorar i aix\u00ed desenvolupar les compet\u00e8ncies necess\u00e0ries que els permetran tenir \u00e8xit en un m\u00f3n que evoluciona tan r\u00e0pidament.<\/p><\/div><div class=\"component link text-center btnBottom-flexible\"><a href=\"\/ca\/character-development\/\" class=\" btn btn-primary\" >Coneix m\u00e9s sobre Desenvolupament Personal<\/a><\/div><\/div>\r\n                            <\/div>\r\n                        <\/div><div class=\"col-lg-6 col-md-6 col-sm-6 mb-3\">\r\n                            <div class=\"card card--white tech-images\">   <div class=\"ratio ratio-16x9 callout-img halfcol--img \" style=\"background-image: url(https:\/\/www.britishschoolbarcelona.com\/wp-content\/uploads\/sites\/76\/2023\/01\/SH_2513.jpg);background-position:center;\"><\/div><div class=\"  card-body tech-grid-title\"><h6><b>Protecci\u00f3 integral<\/b><\/h6><div class=\"component  mt-2 mt-md-0\"><p class=\"body-medium\"><i>Un lloc segur i acollidor<\/i>\n<br>\n<br>\nProtegir la salut, el benestar i els drets de l\u2019alumnat \u00e9s el nostre deure com a escola.\n<br>\n<br>\nOferim un ambient educatiu segur i els equipem amb les eines necess\u00e0ries per protegir-se, ajudar els \/ les altres, compartir el que els \/ les preocupa i sentir-se segurs \/ segures per expressar les seves opinions.<\/p><\/div><\/div>\r\n                            <\/div>\r\n                        <\/div><\/div><\/div>\r\n            <\/section>[\/vc_column][\/vc_row][vc_row][vc_column]<section class=\"section section--blue bottom-step TopBottomBorder   \" style=\"background-image: url('https:\/\/www.britishschoolbarcelona.com\/wp-content\/uploads\/sites\/76\/2023\/01\/SH_4912-e1676302450641.jpg');;;\"><style>.bottom-step.section--blue:before {background: rgba(0,0,0,0.4);}<\/style><div class=\"container-fluid\"><div class=\"row\"><div class=\"col-sm-12\"><div class=\"component title\"><p class=\"body-small\">Propers Passos<\/p><\/div><\/div><\/div><div class=\"row\"><div class=\"col-md-4\"><div class=\"component linkcard \">\n                                <a class=\"card card--bordered\" href=\"\/ca\/portes-obertes-i-visites\/\">\n                                    <div class=\"card-body d-flex align-items-center\">\n                                    <div> <div class=\"component link\">\n                                            <div  class=\"btn btn-link simple-link h5\">Portes Obertes i Visites<\/div>\n                                        <\/div><\/div><\/div><\/a><\/div><\/div><div class=\"col-md-4\"><div class=\"component linkcard \">\n                                <a class=\"card card--bordered\" href=\"\/ca\/installacions-i-ubicacio\/\">\n                                    <div class=\"card-body d-flex align-items-center\">\n                                    <div> <div class=\"component link\">\n                                            <div  class=\"btn btn-link simple-link h5\">Instal\u00b7lacions i Ubicacio<\/div>\n                                        <\/div><\/div><\/div><\/a><\/div><\/div><div class=\"col-md-4\"><div class=\"component linkcard \">\n                                <a class=\"card card--bordered\" href=\"\/ca\/excelencia-academica\/\">\n                                    <div class=\"card-body d-flex align-items-center\">\n                                    <div> <div class=\"component link\">\n                                            <div  class=\"btn btn-link simple-link h5\">Excelencia Academica<\/div>\n                                        <\/div><\/div><\/div><\/a><\/div><\/div><\/div><\/section>[\/vc_column][\/vc_row]<\/p>\n<\/div>","protected":false},"excerpt":{"rendered":"<p>[vc_row][vc_column][\/vc_column][\/vc_row][vc_row][vc_column][\/vc_column][\/vc_row][vc_row][vc_column][\/vc_column][\/vc_row][vc_row][vc_column][\/vc_column][\/vc_row][vc_row css=&#8221;.vc_custom_1729071755554{background-image: url(https:\/\/www.britishschoolbarcelona.com\/wp-content\/uploads\/sites\/76\/2023\/02\/Blue-pattern-test1.png?id=21811) !important;background-position: center !important;background-repeat: no-repeat !important;background-size: cover !important;}&#8221;][vc_column][\/vc_column][\/vc_row][vc_row][vc_column][\/vc_column][\/vc_row]<\/p>\n","protected":false},"author":390,"featured_media":0,"parent":0,"menu_order":0,"comment_status":"closed","ping_status":"closed","template":"","meta":{"_acf_changed":false,"footnotes":""},"class_list":["post-14377","page","type-page","status-publish","hentry"],"acf":[],"yoast_head":"<!-- This site is optimized with the Yoast SEO plugin v26.5 - https:\/\/yoast.com\/wordpress\/plugins\/seo\/ -->\n<title>Suport i benestar de l&#039;escola - BSB<\/title>\n<meta name=\"description\" content=\"El benestar dels estudiants \u00e9s la base de l&#039;educaci\u00f3 a BSB. Oferim suport escolar per a la salut f\u00edsica i emocional dels nostres estudiants.\" \/>\n<meta name=\"robots\" content=\"index, follow, max-snippet:-1, max-image-preview:large, max-video-preview:-1\" \/>\n<link rel=\"canonical\" href=\"https:\/\/www.britishschoolbarcelona.com\/ca\/suport-i-benestar\/\" \/>\n<meta property=\"og:locale\" content=\"ca_ES\" \/>\n<meta property=\"og:type\" content=\"article\" \/>\n<meta property=\"og:title\" content=\"Suport i benestar de l&#039;escola - BSB\" \/>\n<meta property=\"og:description\" content=\"El benestar dels estudiants \u00e9s la base de l&#039;educaci\u00f3 a BSB. Oferim suport escolar per a la salut f\u00edsica i emocional dels nostres estudiants.\" \/>\n<meta property=\"og:url\" content=\"https:\/\/www.britishschoolbarcelona.com\/ca\/suport-i-benestar\/\" \/>\n<meta property=\"og:site_name\" content=\"British School of Barcelona\" \/>\n<meta property=\"article:publisher\" content=\"https:\/\/www.facebook.com\/britishschoolbarcelonacastelldefels\/\" \/>\n<meta property=\"article:modified_time\" content=\"2025-05-15T13:11:51+00:00\" \/>\n<meta property=\"og:image\" content=\"https:\/\/www.britishschoolbarcelona.com\/wp-content\/uploads\/sites\/76\/2024\/06\/bsb-web-imagen-destacada.jpg\" \/>\n\t<meta property=\"og:image:width\" content=\"1200\" \/>\n\t<meta property=\"og:image:height\" content=\"675\" \/>\n\t<meta property=\"og:image:type\" content=\"image\/jpeg\" \/>\n<meta name=\"twitter:card\" content=\"summary_large_image\" \/>\n<meta name=\"twitter:site\" content=\"@BSB_Barcelona\" \/>\n<meta name=\"twitter:label1\" content=\"Est. reading time\" \/>\n\t<meta name=\"twitter:data1\" content=\"2 minutes\" \/>\n<!-- \/ Yoast SEO plugin. -->","yoast_head_json":{"title":"Suport i benestar de l'escola - BSB","description":"El benestar dels estudiants \u00e9s la base de l'educaci\u00f3 a BSB. Oferim suport escolar per a la salut f\u00edsica i emocional dels nostres estudiants.","robots":{"index":"index","follow":"follow","max-snippet":"max-snippet:-1","max-image-preview":"max-image-preview:large","max-video-preview":"max-video-preview:-1"},"canonical":"https:\/\/www.britishschoolbarcelona.com\/ca\/suport-i-benestar\/","og_locale":"ca_ES","og_type":"article","og_title":"Suport i benestar de l'escola - BSB","og_description":"El benestar dels estudiants \u00e9s la base de l'educaci\u00f3 a BSB. Oferim suport escolar per a la salut f\u00edsica i emocional dels nostres estudiants.","og_url":"https:\/\/www.britishschoolbarcelona.com\/ca\/suport-i-benestar\/","og_site_name":"British School of Barcelona","article_publisher":"https:\/\/www.facebook.com\/britishschoolbarcelonacastelldefels\/","article_modified_time":"2025-05-15T13:11:51+00:00","og_image":[{"width":1200,"height":675,"url":"https:\/\/www.britishschoolbarcelona.com\/wp-content\/uploads\/sites\/76\/2024\/06\/bsb-web-imagen-destacada.jpg","type":"image\/jpeg"}],"twitter_card":"summary_large_image","twitter_site":"@BSB_Barcelona","twitter_misc":{"Est. reading time":"2 minutes"},"schema":{"@context":"https:\/\/schema.org","@graph":[{"@type":"WebPage","@id":"https:\/\/www.britishschoolbarcelona.com\/ca\/suport-i-benestar\/","url":"https:\/\/www.britishschoolbarcelona.com\/ca\/suport-i-benestar\/","name":"Suport i benestar de l'escola - BSB","isPartOf":{"@id":"https:\/\/www.britishschoolbarcelona.com\/ca\/#website"},"datePublished":"2021-09-14T11:55:31+00:00","dateModified":"2025-05-15T13:11:51+00:00","description":"El benestar dels estudiants \u00e9s la base de l'educaci\u00f3 a BSB. Oferim suport escolar per a la salut f\u00edsica i emocional dels nostres estudiants.","breadcrumb":{"@id":"https:\/\/www.britishschoolbarcelona.com\/ca\/suport-i-benestar\/#breadcrumb"},"inLanguage":"ca","potentialAction":[{"@type":"ReadAction","target":["https:\/\/www.britishschoolbarcelona.com\/ca\/suport-i-benestar\/"]}]},{"@type":"BreadcrumbList","@id":"https:\/\/www.britishschoolbarcelona.com\/ca\/suport-i-benestar\/#breadcrumb","itemListElement":[{"@type":"ListItem","position":1,"name":"Home","item":"https:\/\/www.britishschoolbarcelona.com\/ca\/"},{"@type":"ListItem","position":2,"name":"Suport i Benestar"}]},{"@type":"WebSite","@id":"https:\/\/www.britishschoolbarcelona.com\/ca\/#website","url":"https:\/\/www.britishschoolbarcelona.com\/ca\/","name":"British School of Barcelona","description":"ºÚÁÏÍø is a private international school in Barcelona, Spain. We deliver the British curriculum &amp; IB. Visit us!","publisher":{"@id":"https:\/\/www.britishschoolbarcelona.com\/ca\/#organization"},"alternateName":"BSB","potentialAction":[{"@type":"SearchAction","target":{"@type":"EntryPoint","urlTemplate":"https:\/\/www.britishschoolbarcelona.com\/ca\/?s={search_term_string}"},"query-input":{"@type":"PropertyValueSpecification","valueRequired":true,"valueName":"search_term_string"}}],"inLanguage":"ca"},{"@type":"Organization","@id":"https:\/\/www.britishschoolbarcelona.com\/ca\/#organization","name":"ºÚÁÏÍø","alternateName":"BSB","url":"https:\/\/www.britishschoolbarcelona.com\/ca\/","logo":{"@type":"ImageObject","inLanguage":"ca","@id":"https:\/\/www.britishschoolbarcelona.com\/ca\/#\/schema\/logo\/image\/","url":"https:\/\/www.britishschoolbarcelona.com\/wp-content\/uploads\/sites\/76\/2023\/01\/BSB-logo.png","contentUrl":"https:\/\/www.britishschoolbarcelona.com\/wp-content\/uploads\/sites\/76\/2023\/01\/BSB-logo.png","width":1920,"height":1357,"caption":"ºÚÁÏÍø"},"image":{"@id":"https:\/\/www.britishschoolbarcelona.com\/ca\/#\/schema\/logo\/image\/"},"sameAs":["https:\/\/www.facebook.com\/britishschoolbarcelonacastelldefels\/","https:\/\/x.com\/BSB_Barcelona","https:\/\/www.instagram.com\/britishschoolbarcelona\/","https:\/\/www.youtube.com\/channel\/UC-Cc996mIB8CwmapwNYQKvg","https:\/\/es.linkedin.com\/school\/british-school-of-barcelona\/"]}]}},"jetpack_sharing_enabled":true,"_links":{"self":[{"href":"https:\/\/www.britishschoolbarcelona.com\/ca\/wp-json\/wp\/v2\/pages\/14377","targetHints":{"allow":["GET"]}}],"collection":[{"href":"https:\/\/www.britishschoolbarcelona.com\/ca\/wp-json\/wp\/v2\/pages"}],"about":[{"href":"https:\/\/www.britishschoolbarcelona.com\/ca\/wp-json\/wp\/v2\/types\/page"}],"author":[{"embeddable":true,"href":"https:\/\/www.britishschoolbarcelona.com\/ca\/wp-json\/wp\/v2\/users\/390"}],"replies":[{"embeddable":true,"href":"https:\/\/www.britishschoolbarcelona.com\/ca\/wp-json\/wp\/v2\/comments?post=14377"}],"version-history":[{"count":22,"href":"https:\/\/www.britishschoolbarcelona.com\/ca\/wp-json\/wp\/v2\/pages\/14377\/revisions"}],"predecessor-version":[{"id":73696,"href":"https:\/\/www.britishschoolbarcelona.com\/ca\/wp-json\/wp\/v2\/pages\/14377\/revisions\/73696"}],"wp:attachment":[{"href":"https:\/\/www.britishschoolbarcelona.com\/ca\/wp-json\/wp\/v2\/media?parent=14377"}],"curies":[{"name":"wp","href":"https:\/\/api.w.org\/{rel}","templated":true}]}}