  
     {"id":23086,"date":"2021-09-14T09:42:49","date_gmt":"2021-09-14T07:42:49","guid":{"rendered":"https:\/\/www.britishschoolbarcelona.com\/calendario\/"},"modified":"2026-03-30T12:31:04","modified_gmt":"2026-03-30T10:31:04","slug":"calendari","status":"publish","type":"page","link":"https:\/\/www.britishschoolbarcelona.com\/ca\/calendari\/","title":{"rendered":"Calendari"},"content":{"rendered":"<div class=\"wpb-content-wrapper\"><p>[vc_row][vc_column]<section  class=\"bg-video-wrap hero section hero--centertext  small-header \" style='background: url(https:\/\/www.britishschoolbarcelona.com\/wp-content\/uploads\/sites\/76\/2023\/01\/SH_9344.jpg) center ;background-size:cover ;'>\n                <div class=\"bg-overlay\" style='background:#000000;opacity:0.4;'><\/div>\n                <div class=\"overlay\" >\n                  <div class=\"container-fluid\">\n                    <div class=\"row\">\n                      <div class=\"col-md-12 col-lg-12\">\n\n                        <div class=\"caption text-start\"><div class=\"component sub-heading\" >\n                              <h1 class=\"display-h1\">Calendari<\/h1>\n                            <\/div><\/div>\n                      <\/div>\n                    <\/div>\n                  <\/div>\n                <\/div>\n              <\/section><div class='row  m-x-0 breadcrumb-wrap ' style=''><div class='container-fluid' >\n                <nav aria-label='breadcrumb'><ol class=\"breadcrumb mt-3\">\n                  <li class=\"breadcrumb-item\"><a href=\"https:\/\/www.britishschoolbarcelona.com\/ca\/\">Home<\/a><\/li>\n                  <li class=\"breadcrumb-item active\" aria-current=\"page\">Calendari<\/li>\n                <\/ol>\n              <\/nav>\n              <\/div>\n            <\/div>[\/vc_column][\/vc_row][vc_row][vc_column]<div class=\"wrapper\"><section  style='' class=\"section    pb-0 container-width \"><div class=\"container-fluid\"><div class=\"row m-0 align-items-center centerText \" >\n                        <div class=\"col-sm-12 col-md-10 col-lg-9 mx-auto\"><div class=\"sub-heading component\">\n                                        <h2 class=\"h5\">Dates principals del curs 2025-2026<\/h2>\n                                    <\/div><div class=\"sub-heading component\"><p style=\"text-align: center;\">La majoria de les dates corresponen a tots els campus, per\u00f2 existeixen lleugeres variacions depenent de les festivitats locals que escaiguin a cada campus. Aquestes dates estan ressaltades en les taules seg\u00fcents.<\/p>\n<p>&nbsp;<\/p>\n<p style=\"text-align: center;\">Els calendaris amb les dates del curs 2026-2027 ja estan disponibles. Pots veure\/descarregar una c\u00f2pia per a cada campus en els seg\u00fcents enlla\u00e7os:<\/p>\n<\/div><div class=\"component link\"><a href=\"https:\/\/www.britishschoolbarcelona.com\/wp-content\/uploads\/sites\/76\/2026\/03\/BSB-Castelldefels-BSB-Nexus-School-Calendar-2026-2027-Key-Dates-1.pdf\" class=\" btn btn-primary btn-primary--border\" target=\"_blank\">Descarregueu Calendari 2026-2027 BSB Castelldefels - BSB Nexus<\/a><\/div><div class=\"flex-button\"><\/div><style>\n                        .flex-button {\n                        margin-top: 25px;\n                    } \n                        \n                    @media (max-width: 767px){\n                     .flex-button {\n                      display: block;\n                      margin-left: 0;\n                    }\n                    .flex-button .text-center{\n                     text-align: left !important;\n                    }\n                    }\n\n\n                        <\/style><\/div><\/div><\/section><\/div><div class=\"wrapper\"><section  style='' class=\"section    pt-0 pb-0 container-width \"><div class=\"container-fluid\"><div class=\"row m-0 align-items-center centerText \" >\n                        <div class=\"col-sm-12 col-md-10 col-lg-9 mx-auto\"><div class=\"sub-heading component\"><\/div><div class=\"component link\"><a href=\"https:\/\/www.britishschoolbarcelona.com\/wp-content\/uploads\/sites\/76\/2026\/03\/BSB-City-School-Calendar-2026-2027-Key-Dates.pdf\" class=\" btn btn-primary btn-primary--border\" target=\"_blank\">Descarregueu Calendari 2026-2027 BSB City<\/a><\/div><div class=\"flex-button\"><\/div><style>\n                        .flex-button {\n                        margin-top: 25px;\n                    } \n                        \n                    @media (max-width: 767px){\n                     .flex-button {\n                      display: block;\n                      margin-left: 0;\n                    }\n                    .flex-button .text-center{\n                     text-align: left !important;\n                    }\n                    }\n\n\n                        <\/style><\/div><\/div><\/section><\/div><div class=\"wrapper\"><section  style='' class=\"section    pt-0 container-width \"><div class=\"container-fluid\"><div class=\"row m-0 align-items-center centerText \" >\n                        <div class=\"col-sm-12 col-md-10 col-lg-9 mx-auto\"><div class=\"sub-heading component\"><\/div><div class=\"component link\"><a href=\"https:\/\/www.britishschoolbarcelona.com\/wp-content\/uploads\/sites\/76\/2026\/03\/BSB-Sitges-School-Calendar-2026-2027-Key-Dates.pdf\" class=\" btn btn-primary btn-primary--border\" target=\"_blank\">Descarregueu Calendari 2026-2027 BSB Sitges<\/a><\/div><div class=\"flex-button\"><\/div><style>\n                        .flex-button {\n                        margin-top: 25px;\n                    } \n                        \n                    @media (max-width: 767px){\n                     .flex-button {\n                      display: block;\n                      margin-left: 0;\n                    }\n                    .flex-button .text-center{\n                     text-align: left !important;\n                    }\n                    }\n\n\n                        <\/style><\/div><\/div><\/section><\/div>[\/vc_column][\/vc_row][vc_row][vc_column]\n    <section  style='background-image: url(https:\/\/www.britishschoolbarcelona.com\/wp-content\/uploads\/sites\/76\/2023\/02\/Blue-pattern-test1.png);' class=\"section   section--blue    section--withBG \" ><div class=\"bg-overlay\" ><\/div><div class=\"container-fluid\"><div class=\"row\">\n                <div class=\"col-md-12 col-lg-10\"> <div class=\"component heading\">\n                     <h2 class=\"h4\">PRIMER TRIMESTRE 2025<\/h2>\n                 <\/div><\/div>\n                <\/div><div class=\"row   pt-3 pt-md-5 \"><div class=\" col-lg-8 col-md-8      \" ><div class=\"component fee-table\"><table class=\"table\">\n                                <thead>\n                                    <tr>\n                                        <th  class=\"\">Data<\/th>\n                                        <th  class=\"\">Descripci\u00f3<\/th><\/tr>\n                                <\/thead>\n                                <tbody><tr>\n                                        <td class=\"\" >Dimecres, 3 de setembre 2025<\/td>\n                                        <td class=\"text-left text-md-right \" >Dia d\u2019inici per a Years 7 i 12  i tot l\u2019alumnat nou<\/td><\/tr><tr>\n                                        <td class=\"\" >Dijous, 4 de setembre 2025<\/td>\n                                        <td class=\"text-left text-md-right \" >Comen\u00e7a el trimestre per a la resta d'alumnes<\/td><\/tr><tr>\n                                        <td class=\"\" >Dijous, 11 de setembre 2025<\/td>\n                                        <td class=\"text-left text-md-right \" >Festiu (La Diada)<\/td><\/tr><tr>\n                                        <td class=\"\" >Dimarts, 23 de setembre 2025<\/td>\n                                        <td class=\"text-left text-md-right \" >Festiu local a BSB Sitges (Santa Tecla)<\/td><\/tr><tr>\n                                        <td class=\"\" >Dimecres, 24 de setembre 2025<\/td>\n                                        <td class=\"text-left text-md-right \" >Festiu local a BSB City (La Merc\u00e8)<\/td><\/tr><tr>\n                                        <td class=\"\" >Del dilluns, 27 al divendres, 31 d\u2019octubre 2025<\/td>\n                                        <td class=\"text-left text-md-right \" >Vacances de Meitat de Trimestre<\/td><\/tr><tr>\n                                        <td class=\"\" >Divendres, 5 de desembre 2025<\/td>\n                                        <td class=\"text-left text-md-right \" >Festiu Local a BSB Castelldefels<\/td><\/tr><tr>\n                                        <td class=\"\" >Dilluns, 8 de desembre 2025<\/td>\n                                        <td class=\"text-left text-md-right \" >Festiu (La Inmaculada)<\/td><\/tr><tr>\n                                        <td class=\"\" >Divendres, 19 de desembre 2025<\/td>\n                                        <td class=\"text-left text-md-right \" >Fi del trimestre<\/td><\/tr><\/tbody>\n                            <\/table>\n                        <\/div><\/div>\n                    <div class=\"col-lg-4 col-md-4    \"><div class=\"component single-img \"><div class=\"ratio ratio-1x1 callout-img halfcol--img image_overlay_9197\" style=\"background-image: url(https:\/\/www.britishschoolbarcelona.com\/wp-content\/uploads\/sites\/76\/2023\/01\/SH_0135.jpg);\"><\/div><figcaption><br><\/figcaption><\/div><div class=\"component mb-1 mt-0  radius-bottom-LR \" style='px'>\n                        <div class=\"sub-heading component \">\n                        <p class=\"body-medium\">Llevat que s\u2019especifiqui el contrari a la taula, aquestes dates apliquen a tots els campus de BSB.<br \/>\n<br \/>\nTingues en compte que no hi ha classe els dies de formaci\u00f3 del personal. Consulta les dates d\u2019aquestes jornades per a cada campus.<\/p>\n                        <\/div><\/div> <\/div>\n             <\/div>\n        <\/div>\n<\/section>[\/vc_column][\/vc_row][vc_row][vc_column]\n            <div class=\"wrapper\">\n    <section  style='' class=\"section    container-width    \" ><div class=\"container-fluid\"><div class=\"row\">\n                <div class=\"col-md-12 col-lg-10\"> <div class=\"component heading\">\n                     <h2 class=\"h4\">SEGON TRIMESTRE 2026<\/h2>\n                 <\/div><\/div>\n                <\/div><div class=\"row   pt-3 pt-md-5 \"><div class=\" col-lg-8 col-md-8      \" ><div class=\"component fee-table\"><table class=\"table\">\n                                <thead>\n                                    <tr>\n                                        <th  class=\"\">Data<\/th>\n                                        <th  class=\"\">Descripci\u00f3<\/th><\/tr>\n                                <\/thead>\n                                <tbody><tr>\n                                        <td class=\"\" >Dijous, 8 de gener 2026<\/td>\n                                        <td class=\"text-left text-md-right \" >Comen\u00e7a el trimestre<\/td><\/tr><tr>\n                                        <td class=\"\" >Del dilluns, 16 al divendres, 20 de febrer 2026<\/td>\n                                        <td class=\"text-left text-md-right \" >Vacances de Meitat de Trimestre<\/td><\/tr><tr>\n                                        <td class=\"\" >Divendres, 27 de mar\u00e7 2026<\/td>\n                                        <td class=\"text-left text-md-right \" >Fi del trimestre<\/td><\/tr><\/tbody>\n                            <\/table>\n                        <\/div><\/div>\n                    <div class=\"col-lg-4 col-md-4    \"><div class=\"component single-img \"><div class=\"ratio ratio-21x9 callout-img halfcol--img image_overlay_2671\" style=\"background-image: url(https:\/\/www.britishschoolbarcelona.com\/wp-content\/uploads\/sites\/76\/2023\/01\/SH_7421.jpg);\"><\/div><\/div><div class=\"component mb-1 mt-0  radius-bottom-LR \" style='px'>\n                        <div class=\"sub-heading component \">\n                        <p class=\"body-medium\">Llevat que s\u2019especifiqui el contrari a la taula, aquestes dates apliquen a tots els campus de BSB.<br \/>\n<br \/>\nTingues en compte que no hi ha classe els dies de formaci\u00f3 del personal. Consulta les dates d\u2019aquestes jornades per a cada campus.<\/p>\n                        <\/div><\/div> <\/div>\n             <\/div>\n        <\/div>\n<\/section>\n            <\/div>[\/vc_column][\/vc_row][vc_row][vc_column]\n    <section  style='background-image: url(https:\/\/www.britishschoolbarcelona.com\/wp-content\/uploads\/sites\/76\/2023\/02\/Blue-pattern-test1.png);margin-bottom:5px;' class=\"section   section--blue    section--withBG \" ><div class=\"bg-overlay\" ><\/div><div class=\"container-fluid\"><div class=\"row\">\n                <div class=\"col-md-12 col-lg-10\"> <div class=\"component heading\">\n                     <h2 class=\"h4\">TERCER TRIMESTRE 2026<\/h2>\n                 <\/div><\/div>\n                <\/div><div class=\"row   pt-3 pt-md-5 \"><div class=\" col-lg-8 col-md-8      \" ><div class=\"component fee-table\"><table class=\"table\">\n                                <thead>\n                                    <tr>\n                                        <th  class=\"\">Data<\/th>\n                                        <th  class=\"\">Descripci\u00f3<\/th><\/tr>\n                                <\/thead>\n                                <tbody><tr>\n                                        <td class=\"\" >Dimarts, 7 d\u2019abril 2026<\/td>\n                                        <td class=\"text-left text-md-right \" >Dia de Formaci\u00f3 \u2013 nom\u00e9s personal<\/td><\/tr><tr>\n                                        <td class=\"\" >Dimecres, 8 d\u2019abril 2026<\/td>\n                                        <td class=\"text-left text-md-right \" >Comen\u00e7a el trimestre<\/td><\/tr><tr>\n                                        <td class=\"\" >Divendres, 1 de maig 2026<\/td>\n                                        <td class=\"text-left text-md-right \" >Festiu (Dia Internacional dels \/ de les Treballadors\/es)<\/td><\/tr><tr>\n                                        <td class=\"\" >Dilluns, 25 de maig 2026<\/td>\n                                        <td class=\"text-left text-md-right \" >Festiu local a BSB City (Dilluns de Pasqua Granada)<\/td><\/tr><tr>\n                                        <td class=\"\" >Divendres, 19 de juny 2026<\/td>\n                                        <td class=\"text-left text-md-right \" >Fi del trimestre<\/td><\/tr><\/tbody>\n                            <\/table>\n                        <\/div><\/div>\n                    <div class=\"col-lg-4 col-md-4    \"><div class=\"component single-img \"><div class=\"ratio ratio-21x9 callout-img halfcol--img image_overlay_7948\" style=\"background-image: url(https:\/\/www.britishschoolbarcelona.com\/wp-content\/uploads\/sites\/76\/2023\/01\/SH_0543-1.jpg);\"><\/div><\/div><div class=\"component mb-1 mt-0  radius-bottom-LR \" style='px'>\n                        <div class=\"sub-heading component \">\n                        <p class=\"body-medium\">Llevat que s\u2019especifiqui el contrari a la taula, aquestes dates apliquen a tots els campus de BSB.<br \/>\n<br \/>\nTingues en compte que no hi ha classe els dies de formaci\u00f3 del personal. Consulta les dates d\u2019aquestes jornades per a cada campus.<\/p>\n                        <\/div><\/div> <\/div>\n             <\/div>\n        <\/div>\n<\/section>[\/vc_column][\/vc_row][vc_row][vc_column]<section class=\"section section--blue bottom-step TopBottomBorder   \" style=\"background-image: url('https:\/\/www.britishschoolbarcelona.com\/wp-content\/uploads\/sites\/76\/2023\/01\/SH_8030.jpg');;;\"><style>.bottom-step.section--blue:before {background: rgba(0,0,0,0.4);}<\/style><div class=\"container-fluid\"><div class=\"row\"><div class=\"col-sm-12\"><div class=\"component title\"><p class=\"body-small\">Propers passos<\/p><\/div><\/div><\/div><div class=\"row\"><div class=\"col-md-4\"><div class=\"component linkcard \">\n                                <a class=\"card card--bordered\" href=\"\/ca\/portes-obertes-i-visites\/\">\n                                    <div class=\"card-body d-flex align-items-center\">\n                                    <div> <div class=\"component link\">\n                                            <div  class=\"btn btn-link simple-link h5\">Portes Obertes i Visites<\/div>\n                                        <\/div><\/div><\/div><\/a><\/div><\/div><div class=\"col-md-4\"><div class=\"component linkcard \">\n                                <a class=\"card card--bordered\" href=\"\/ca\/excelencia-academica\/\">\n                                    <div class=\"card-body d-flex align-items-center\">\n                                    <div> <div class=\"component link\">\n                                            <div  class=\"btn btn-link simple-link h5\">Excel\u00b7l\u00e8ncia acad\u00e8mica<\/div>\n                                        <\/div><\/div><\/div><\/a><\/div><\/div><div class=\"col-md-4\"><div class=\"component linkcard \">\n                                <a class=\"card card--bordered\" href=\"\/ca\/installacions-i-ubicacio\/\">\n                                    <div class=\"card-body d-flex align-items-center\">\n                                    <div> <div class=\"component link\">\n                                            <div  class=\"btn btn-link simple-link h5\">Instal\u00b7lacions i ubicaci\u00f3<\/div>\n                                        <\/div><\/div><\/div><\/a><\/div><\/div><\/div><\/section>[\/vc_column][\/vc_row]<\/p>\n<\/div>","protected":false},"excerpt":{"rendered":"<p>[vc_row][vc_column][\/vc_column][\/vc_row][vc_row][vc_column][\/vc_column][\/vc_row][vc_row][vc_column][\/vc_column][\/vc_row][vc_row][vc_column][\/vc_column][\/vc_row][vc_row][vc_column][\/vc_column][\/vc_row][vc_row][vc_column][\/vc_column][\/vc_row]<\/p>\n","protected":false},"author":390,"featured_media":0,"parent":0,"menu_order":0,"comment_status":"closed","ping_status":"closed","template":"","meta":{"_acf_changed":false,"footnotes":""},"class_list":["post-23086","page","type-page","status-publish","hentry"],"acf":[],"yoast_head":"<!-- This site is optimized with the Yoast SEO plugin v26.5 - https:\/\/yoast.com\/wordpress\/plugins\/seo\/ -->\n<title>Calendari escolar i dates principals - BSB<\/title>\n<meta name=\"description\" content=\"Troba aqu\u00ed el calendari escolar complet de BSB, incloent-hi dates importants i dies festius. Organitza el teu curs escolar amb nosaltres!\" \/>\n<meta name=\"robots\" content=\"index, follow, max-snippet:-1, max-image-preview:large, max-video-preview:-1\" \/>\n<link rel=\"canonical\" href=\"https:\/\/www.britishschoolbarcelona.com\/ca\/calendari\/\" \/>\n<meta property=\"og:locale\" content=\"ca_ES\" \/>\n<meta property=\"og:type\" content=\"article\" \/>\n<meta property=\"og:title\" content=\"Calendari escolar i dates principals - BSB\" \/>\n<meta property=\"og:description\" content=\"Troba aqu\u00ed el calendari escolar complet de BSB, incloent-hi dates importants i dies festius. Organitza el teu curs escolar amb nosaltres!\" \/>\n<meta property=\"og:url\" content=\"https:\/\/www.britishschoolbarcelona.com\/ca\/calendari\/\" \/>\n<meta property=\"og:site_name\" content=\"British School of Barcelona\" \/>\n<meta property=\"article:publisher\" content=\"https:\/\/www.facebook.com\/britishschoolbarcelonacastelldefels\/\" \/>\n<meta property=\"article:modified_time\" content=\"2026-03-30T10:31:04+00:00\" \/>\n<meta property=\"og:image\" content=\"https:\/\/www.britishschoolbarcelona.com\/wp-content\/uploads\/sites\/76\/2024\/06\/bsb-web-imagen-destacada.jpg\" \/>\n\t<meta property=\"og:image:width\" content=\"1200\" \/>\n\t<meta property=\"og:image:height\" content=\"675\" \/>\n\t<meta property=\"og:image:type\" content=\"image\/jpeg\" \/>\n<meta name=\"twitter:card\" content=\"summary_large_image\" \/>\n<meta name=\"twitter:site\" content=\"@BSB_Barcelona\" \/>\n<meta name=\"twitter:label1\" content=\"Est. reading time\" \/>\n\t<meta name=\"twitter:data1\" content=\"3 minutes\" \/>\n<!-- \/ Yoast SEO plugin. -->","yoast_head_json":{"title":"Calendari escolar i dates principals - BSB","description":"Troba aqu\u00ed el calendari escolar complet de BSB, incloent-hi dates importants i dies festius. Organitza el teu curs escolar amb nosaltres!","robots":{"index":"index","follow":"follow","max-snippet":"max-snippet:-1","max-image-preview":"max-image-preview:large","max-video-preview":"max-video-preview:-1"},"canonical":"https:\/\/www.britishschoolbarcelona.com\/ca\/calendari\/","og_locale":"ca_ES","og_type":"article","og_title":"Calendari escolar i dates principals - BSB","og_description":"Troba aqu\u00ed el calendari escolar complet de BSB, incloent-hi dates importants i dies festius. Organitza el teu curs escolar amb nosaltres!","og_url":"https:\/\/www.britishschoolbarcelona.com\/ca\/calendari\/","og_site_name":"British School of Barcelona","article_publisher":"https:\/\/www.facebook.com\/britishschoolbarcelonacastelldefels\/","article_modified_time":"2026-03-30T10:31:04+00:00","og_image":[{"width":1200,"height":675,"url":"https:\/\/www.britishschoolbarcelona.com\/wp-content\/uploads\/sites\/76\/2024\/06\/bsb-web-imagen-destacada.jpg","type":"image\/jpeg"}],"twitter_card":"summary_large_image","twitter_site":"@BSB_Barcelona","twitter_misc":{"Est. reading time":"3 minutes"},"schema":{"@context":"https:\/\/schema.org","@graph":[{"@type":"WebPage","@id":"https:\/\/www.britishschoolbarcelona.com\/ca\/calendari\/","url":"https:\/\/www.britishschoolbarcelona.com\/ca\/calendari\/","name":"Calendari escolar i dates principals - BSB","isPartOf":{"@id":"https:\/\/www.britishschoolbarcelona.com\/ca\/#website"},"datePublished":"2021-09-14T07:42:49+00:00","dateModified":"2026-03-30T10:31:04+00:00","description":"Troba aqu\u00ed el calendari escolar complet de BSB, incloent-hi dates importants i dies festius. Organitza el teu curs escolar amb nosaltres!","breadcrumb":{"@id":"https:\/\/www.britishschoolbarcelona.com\/ca\/calendari\/#breadcrumb"},"inLanguage":"ca","potentialAction":[{"@type":"ReadAction","target":["https:\/\/www.britishschoolbarcelona.com\/ca\/calendari\/"]}]},{"@type":"BreadcrumbList","@id":"https:\/\/www.britishschoolbarcelona.com\/ca\/calendari\/#breadcrumb","itemListElement":[{"@type":"ListItem","position":1,"name":"Home","item":"https:\/\/www.britishschoolbarcelona.com\/ca\/"},{"@type":"ListItem","position":2,"name":"Calendari"}]},{"@type":"WebSite","@id":"https:\/\/www.britishschoolbarcelona.com\/ca\/#website","url":"https:\/\/www.britishschoolbarcelona.com\/ca\/","name":"British School of Barcelona","description":"ºÚÁÏÍø is a private international school in Barcelona, Spain. We deliver the British curriculum &amp; IB. Visit us!","publisher":{"@id":"https:\/\/www.britishschoolbarcelona.com\/ca\/#organization"},"alternateName":"BSB","potentialAction":[{"@type":"SearchAction","target":{"@type":"EntryPoint","urlTemplate":"https:\/\/www.britishschoolbarcelona.com\/ca\/?s={search_term_string}"},"query-input":{"@type":"PropertyValueSpecification","valueRequired":true,"valueName":"search_term_string"}}],"inLanguage":"ca"},{"@type":"Organization","@id":"https:\/\/www.britishschoolbarcelona.com\/ca\/#organization","name":"ºÚÁÏÍø","alternateName":"BSB","url":"https:\/\/www.britishschoolbarcelona.com\/ca\/","logo":{"@type":"ImageObject","inLanguage":"ca","@id":"https:\/\/www.britishschoolbarcelona.com\/ca\/#\/schema\/logo\/image\/","url":"https:\/\/www.britishschoolbarcelona.com\/wp-content\/uploads\/sites\/76\/2023\/01\/BSB-logo.png","contentUrl":"https:\/\/www.britishschoolbarcelona.com\/wp-content\/uploads\/sites\/76\/2023\/01\/BSB-logo.png","width":1920,"height":1357,"caption":"ºÚÁÏÍø"},"image":{"@id":"https:\/\/www.britishschoolbarcelona.com\/ca\/#\/schema\/logo\/image\/"},"sameAs":["https:\/\/www.facebook.com\/britishschoolbarcelonacastelldefels\/","https:\/\/x.com\/BSB_Barcelona","https:\/\/www.instagram.com\/britishschoolbarcelona\/","https:\/\/www.youtube.com\/channel\/UC-Cc996mIB8CwmapwNYQKvg","https:\/\/es.linkedin.com\/school\/british-school-of-barcelona\/"]}]}},"jetpack_sharing_enabled":true,"_links":{"self":[{"href":"https:\/\/www.britishschoolbarcelona.com\/ca\/wp-json\/wp\/v2\/pages\/23086","targetHints":{"allow":["GET"]}}],"collection":[{"href":"https:\/\/www.britishschoolbarcelona.com\/ca\/wp-json\/wp\/v2\/pages"}],"about":[{"href":"https:\/\/www.britishschoolbarcelona.com\/ca\/wp-json\/wp\/v2\/types\/page"}],"author":[{"embeddable":true,"href":"https:\/\/www.britishschoolbarcelona.com\/ca\/wp-json\/wp\/v2\/users\/390"}],"replies":[{"embeddable":true,"href":"https:\/\/www.britishschoolbarcelona.com\/ca\/wp-json\/wp\/v2\/comments?post=23086"}],"version-history":[{"count":32,"href":"https:\/\/www.britishschoolbarcelona.com\/ca\/wp-json\/wp\/v2\/pages\/23086\/revisions"}],"predecessor-version":[{"id":77342,"href":"https:\/\/www.britishschoolbarcelona.com\/ca\/wp-json\/wp\/v2\/pages\/23086\/revisions\/77342"}],"wp:attachment":[{"href":"https:\/\/www.britishschoolbarcelona.com\/ca\/wp-json\/wp\/v2\/media?parent=23086"}],"curies":[{"name":"wp","href":"https:\/\/api.w.org\/{rel}","templated":true}]}}