  
     {"id":23155,"date":"2021-09-15T16:40:14","date_gmt":"2021-09-15T14:40:14","guid":{"rendered":"https:\/\/www.britishschoolbarcelona.com\/politicas-del-colegio\/"},"modified":"2025-11-07T12:15:28","modified_gmt":"2025-11-07T11:15:28","slug":"politiques-de-lescola","status":"publish","type":"page","link":"https:\/\/www.britishschoolbarcelona.com\/ca\/politiques-de-lescola\/","title":{"rendered":"Pol\u00edtiques de l\u2019Escola"},"content":{"rendered":"<div class=\"wpb-content-wrapper\"><p>[vc_row][vc_column]<section  class=\"bg-video-wrap hero section hero--centertext   \" style='background: url(https:\/\/www.britishschoolbarcelona.com\/wp-content\/uploads\/sites\/76\/2023\/01\/SH_9330-e1675074992807.jpg) bottom ;background-size:cover ;'>\n                <div class=\"bg-overlay\" style='background:#000000;opacity:0.4;'><\/div>\n                <div class=\"overlay\" >\n                  <div class=\"container-fluid\">\n                    <div class=\"row\">\n                      <div class=\"col-md-12 col-lg-12\">\n\n                        <div class=\"caption text-start\"><div class=\"component sub-heading\" >\n                              <h1 class=\"display-h1\">Pol\u00edtiques de l\u2019Escola<\/h1>\n                            <\/div><\/div>\n                      <\/div>\n                    <\/div>\n                  <\/div>\n                <\/div>\n              <\/section><div class='row  m-x-0 breadcrumb-wrap ' style=''><div class='container-fluid' >\n                <nav aria-label='breadcrumb'><ol class=\"breadcrumb mt-3\">\n                  <li class=\"breadcrumb-item\"><a href=\"https:\/\/www.britishschoolbarcelona.com\/ca\/\">Home<\/a><\/li>\n                  <li class=\"breadcrumb-item active\" aria-current=\"page\">Pol\u00edtiques de l\u2019Escola<\/li>\n                <\/ol>\n              <\/nav>\n              <\/div>\n            <\/div>[\/vc_column][\/vc_row][vc_row][vc_column]<div class=\"wrapper\"><section  style='' class=\"section    pb-0 container-width \"><div class=\"container-fluid\"><div class=\"row m-0 align-items-center centerText \" >\n                        <div class=\"col-sm-12 col-md-10 col-lg-9 mx-auto\"><div class=\"sub-heading component\">\n                                        <h2 class=\"h5\">La nostra prioritat \u00e9s la seguretat i el benestar emocional i f\u00edsic de l\u2019alumnat<\/h2>\n                                    <\/div><div class=\"sub-heading component\"><p>A ºÚÁÏÍø seguim una s\u00e8rie de pol\u00edtiques i procediments dissenyats per complir amb els est\u00e0ndards m\u00e9s elevats i amb pr\u00e0ctiques justes, consistents i clares de conformitat amb les lleis i les normes \u00e8tiques en totes les etapes educatives.<\/p>\n<\/div><style>\n                        .flex-button {\n                        margin-top: 25px;\n                    } \n                        \n                    @media (max-width: 767px){\n                     .flex-button {\n                      display: block;\n                      margin-left: 0;\n                    }\n                    .flex-button .text-center{\n                     text-align: left !important;\n                    }\n                    }\n\n\n                        <\/style><\/div><\/div><\/section><\/div><div class=\"wrapper\"><section  style='margin-top:10px;' class=\"section    pt-0 container-width \"><div class=\"container-fluid\"><div class=\"row m-0 align-items-center centerText \" >\n                        <div class=\"col-sm-12 col-md-10 col-lg-9 mx-auto\"><div class=\"sub-heading component\"><p>Revisem i actualitzem aquestes pol\u00edtiques amb regularitat. Pots veure-les\/descarregar-les a continuaci\u00f3 (si alguna pol\u00edtica nom\u00e9s est\u00e0 disponible en angl\u00e8s, si us plau, contacta amb l\u2019escola):<\/p>\n<\/div><style>\n                        .flex-button {\n                        margin-top: 25px;\n                    } \n                        \n                    @media (max-width: 767px){\n                     .flex-button {\n                      display: block;\n                      margin-left: 0;\n                    }\n                    .flex-button .text-center{\n                     text-align: left !important;\n                    }\n                    }\n\n\n                        <\/style><\/div><\/div><\/section><\/div>[\/vc_column][\/vc_row][vc_row][vc_column]\n            <div class=\"wrapper\">\n    <section  style='' class=\"section    container-width pt-0   \" ><div class=\"container-fluid\"><div class=\"row    \"><div class=\" col-lg-6 col-md-6      \" ><div class=\"component link\"><a href=\"https:\/\/www.britishschoolbarcelona.com\/wp-content\/uploads\/sites\/76\/2025\/09\/Anti-Bullying-Policy-SPAIN-2025-ESP.pdf\" class=\" btn btn-link\" target=\"_blank\">Pol\u00edtica contra el Acoso Escolar<\/a><\/div><div class=\"component link\"><a href=\"https:\/\/www.britishschoolbarcelona.com\/wp-content\/uploads\/sites\/76\/2025\/09\/Children-Absent-from-Education-Attendance-Policy-SPAIN-2025-ESP.pdf\" class=\" btn btn-link\" target=\"_blank\">Pol\u00edtica de Alumnos con Ausencias Persistentes y Asistencia<\/a><\/div><div class=\"component link\"><a href=\"https:\/\/www.britishschoolbarcelona.com\/wp-content\/uploads\/sites\/76\/2025\/09\/Behaviour-Policy-SPAIN-Sep-2025-ESP.pdf\" class=\" btn btn-link\" target=\"_blank\">Pol\u00edtica de Comportamiento<\/a><\/div><div class=\"component link\"><a href=\"https:\/\/www.britishschoolbarcelona.com\/wp-content\/uploads\/sites\/76\/2025\/09\/Curriculum-Policy-EUROPE-2025-ESP.pdf\" class=\" btn btn-link\" target=\"_blank\">Pol\u00edtica sobre el Curr\u00edculo<\/a><\/div><div class=\"component link\"><a href=\"https:\/\/www.britishschoolbarcelona.com\/wp-content\/uploads\/sites\/76\/2025\/09\/Drug-and-Alcohol-Policy-SPAIN-Sep-2025-ESP.pdf\" class=\" btn btn-link\" target=\"_blank\">Pol\u00edtica sobre Drogas y Alcohol<\/a><\/div><div class=\"component link\"><a href=\"https:\/\/www.britishschoolbarcelona.com\/wp-content\/uploads\/sites\/76\/2025\/09\/Risk-Assessment-Policy-SPAIN-Sept-2025_ESP.pdf\" class=\" btn btn-link\" target=\"_blank\">Pol\u00edtica de Evaluaci\u00f3n de Riesgos<\/a><\/div><div class=\"component link\"><a href=\"https:\/\/www.britishschoolbarcelona.com\/wp-content\/uploads\/sites\/76\/2025\/09\/EAL-Policy-EUROPE-2025-ESP.pdf\" class=\" btn btn-link\" target=\"_blank\">Pol\u00edtica de Ingl\u00e9s como Lengua Adicional (English as an Additional Language: EAL)<\/a><\/div><div class=\"component link\"><a href=\"https:\/\/www.britishschoolbarcelona.com\/wp-content\/uploads\/sites\/76\/2025\/09\/SEND-NEAE-Policy-SPAIN-2025-ESP-.pdf\" class=\" btn btn-link\" target=\"_blank\">Pol\u00edtica de Necesidades Educativas Especiales y Discapacidades<\/a><\/div><div class=\"component link\"><a href=\"https:\/\/www.britishschoolbarcelona.com\/wp-content\/uploads\/sites\/76\/2025\/09\/Preventing-Radicalisation-Policy-SPAIN-Sep-2025-ESP.pdf\" class=\" btn btn-link\" target=\"_blank\">Pol\u00edtica de Prevenci\u00f3n del Extremismo y de la Radicalizaci\u00f3n<\/a><\/div><div class=\"component link\"><a href=\"https:\/\/www.britishschoolbarcelona.com\/wp-content\/uploads\/sites\/76\/2025\/10\/First-Aid-Policy-SPAIN-Sept-2025-ESP-.pdf\" class=\" btn btn-link\" target=\"_blank\">Pol\u00edtica de Primeros Auxilios<\/a><\/div><\/div>\n                    <div class=\"col-lg-6 col-md-6    \"><div class=\"component link\"><a href=\"https:\/\/www.britishschoolbarcelona.com\/wp-content\/uploads\/sites\/76\/2025\/09\/Safeguarding-and-Child-Protection-Policy-SPAIN-2025-2026-ESP-.pdf\" class=\" btn btn-link\" target=\"_blank\">Pol\u00edtica y Procedimientos para la Protecci\u00f3n Integral de Menores<\/a><\/div><div class=\"component link\"><a href=\"https:\/\/www.britishschoolbarcelona.com\/wp-content\/uploads\/sites\/76\/2025\/09\/Complaints-Procedure-SPAIN-2025-ESP.pdf\" class=\" btn btn-link\" target=\"_blank\">Procedimiento de Quejas<\/a><\/div><div class=\"component link\"><a href=\"https:\/\/www.britishschoolbarcelona.com\/wp-content\/uploads\/sites\/76\/2025\/11\/Health-and-Safety-Policy-SPAIN-2025-ESP.pdf\" class=\" btn btn-link\" target=\"_blank\">Pol\u00edtica de Seguridad y Salud<\/a><\/div><div class=\"component link\"><a href=\"https:\/\/www.britishschoolbarcelona.com\/wp-content\/uploads\/sites\/76\/2025\/09\/Applications-and-Admissions-Policy-SPAIN-2025-ESP.pdf\" class=\" btn btn-link\" target=\"_blank\">Pol\u00edtica de Solicitudes de Plaza y Admisiones<\/a><\/div><div class=\"component link\"><a href=\"https:\/\/www.britishschoolbarcelona.com\/wp-content\/uploads\/sites\/76\/2025\/09\/Pupil-Supervision-Lost-Missing-Children-Policy-SPAIN-2025-ESP.pdf\" class=\" btn btn-link\" target=\"_blank\">Pol\u00edtica de Supervisi\u00f3n de Alumnos y de Alumnos Perdidos<\/a><\/div><div class=\"component link\"><a href=\"https:\/\/www.britishschoolbarcelona.com\/wp-content\/uploads\/sites\/76\/2025\/09\/Suspension-Exclusion-and-Removal-in-other-Circumstances-Policy-SPAIN-2025-ESP-.pdf\" class=\" btn btn-link\" target=\"_blank\">Pol\u00edtica de Suspensi\u00f3n, Exclusi\u00f3n y Baja en Otras Circunstancias<\/a><\/div><div class=\"component link\"><a href=\"https:\/\/www.britishschoolbarcelona.com\/wp-content\/uploads\/sites\/76\/2025\/09\/Cognita-Europe-Regional-IT-Policy-Sept-2025-Spain-ESP.pdf\" class=\" btn btn-link\" target=\"_blank\">Pol\u00edtica de TI<\/a><\/div><div class=\"component link\"><a href=\"https:\/\/www.britishschoolbarcelona.com\/wp-content\/uploads\/sites\/76\/2025\/09\/Early-Years-Mobile-Phones-and-Devices-Policy-SPAIN-2025-ESP.pdf\" class=\" btn btn-link\" target=\"_blank\">Pol\u00edtica sobre el uso de tel\u00e9fonos, c\u00e1maras y otros dispositivos en Infantil<\/a><\/div><div class=\"component link\"><a href=\"https:\/\/www.britishschoolbarcelona.com\/wp-content\/uploads\/sites\/76\/2025\/09\/Use-of-Reasonable-Force-Restrictive-Intervention-and-Restraint-Policy-SPAIN-2025-ESP.pdf\" class=\" btn btn-link\" target=\"_blank\">Pol\u00edtica de Uso Razonable de la Fuerza, Registro y Confiscaci\u00f3n<\/a><\/div><div class=\"component link\"><a href=\"https:\/\/www.britishschoolbarcelona.com\/wp-content\/uploads\/sites\/76\/2025\/09\/Educational-Visits-Policy-SPAIN-ESP-2025-1.pdf\" class=\" btn btn-link\" target=\"_blank\">Pol\u00edtica de Visitas Educativas<\/a><\/div><div class=\"component link\"><a href=\"https:\/\/www.britishschoolbarcelona.com\/ca\/privadesa-i-politiques-de-cookies\/\" class=\" btn btn-link\" target=\"_blank\">Pol\u00edtica de Privacidad y Cookies<\/a><\/div> <\/div>\n             <\/div>\n        <\/div>\n<\/section>\n            <\/div>[\/vc_column][\/vc_row][vc_row][vc_column]<section class=\"section section--blue bottom-step TopBottomBorder   \" style=\"background-image: url('https:\/\/www.britishschoolbarcelona.com\/wp-content\/uploads\/sites\/76\/2023\/01\/SH_8030.jpg');;;\"><style>.bottom-step.section--blue:before {background: rgba(0,0,0,0.4);}<\/style><div class=\"container-fluid\"><div class=\"row\"><div class=\"col-sm-12\"><div class=\"component title\"><p class=\"body-small\">Propers Passos<\/p><\/div><\/div><\/div><div class=\"row\"><div class=\"col-md-4\"><div class=\"component linkcard \">\n                                <a class=\"card card--bordered\" href=\"\/ca\/portes-obertes-i-visites\/\">\n                                    <div class=\"card-body d-flex align-items-center\">\n                                    <div> <div class=\"component link\">\n                                            <div  class=\"btn btn-link simple-link h5\">Portes Obertes-i-Visites<\/div>\n                                        <\/div><\/div><\/div><\/a><\/div><\/div><div class=\"col-md-4\"><div class=\"component linkcard \">\n                                <a class=\"card card--bordered\" href=\"\/ca\/excelencia-academica\/\">\n                                    <div class=\"card-body d-flex align-items-center\">\n                                    <div> <div class=\"component link\">\n                                            <div  class=\"btn btn-link simple-link h5\">Excelencia Academica<\/div>\n                                        <\/div><\/div><\/div><\/a><\/div><\/div><div class=\"col-md-4\"><div class=\"component linkcard \">\n                                <a class=\"card card--bordered\" href=\"\/ca\/installacions-i-ubicacio\/\">\n                                    <div class=\"card-body d-flex align-items-center\">\n                                    <div> <div class=\"component link\">\n                                            <div  class=\"btn btn-link simple-link h5\">Instal\u00b7lacions i Ubicacio<\/div>\n                                        <\/div><\/div><\/div><\/a><\/div><\/div><\/div><\/section>[\/vc_column][\/vc_row]<\/p>\n<\/div>","protected":false},"excerpt":{"rendered":"<p>[vc_row][vc_column][\/vc_column][\/vc_row][vc_row][vc_column][\/vc_column][\/vc_row][vc_row][vc_column][\/vc_column][\/vc_row][vc_row][vc_column][\/vc_column][\/vc_row]<\/p>\n","protected":false},"author":390,"featured_media":0,"parent":0,"menu_order":0,"comment_status":"closed","ping_status":"closed","template":"","meta":{"_acf_changed":false,"footnotes":""},"class_list":["post-23155","page","type-page","status-publish","hentry"],"acf":[],"yoast_head":"<!-- This site is optimized with the Yoast SEO plugin v26.5 - https:\/\/yoast.com\/wordpress\/plugins\/seo\/ -->\n<title>Coneix les pol\u00edtiques de l&#039;escola - BSB<\/title>\n<meta name=\"description\" content=\"Coneix les pol\u00edtiques i els procediments de BSB per garantir un entorn d&#039;aprenentatge segur i amb les millors pr\u00e0ctiques per al teu fill\/a.\" \/>\n<meta name=\"robots\" content=\"index, follow, max-snippet:-1, max-image-preview:large, max-video-preview:-1\" \/>\n<link rel=\"canonical\" href=\"https:\/\/www.britishschoolbarcelona.com\/ca\/politiques-de-lescola\/\" \/>\n<meta property=\"og:locale\" content=\"ca_ES\" \/>\n<meta property=\"og:type\" content=\"article\" \/>\n<meta property=\"og:title\" content=\"Coneix les pol\u00edtiques de l&#039;escola - BSB\" \/>\n<meta property=\"og:description\" content=\"Coneix les pol\u00edtiques i els procediments de BSB per garantir un entorn d&#039;aprenentatge segur i amb les millors pr\u00e0ctiques per al teu fill\/a.\" \/>\n<meta property=\"og:url\" content=\"https:\/\/www.britishschoolbarcelona.com\/ca\/politiques-de-lescola\/\" \/>\n<meta property=\"og:site_name\" content=\"British School of Barcelona\" \/>\n<meta property=\"article:publisher\" content=\"https:\/\/www.facebook.com\/britishschoolbarcelonacastelldefels\/\" \/>\n<meta property=\"article:modified_time\" content=\"2025-11-07T11:15:28+00:00\" \/>\n<meta property=\"og:image\" content=\"https:\/\/www.britishschoolbarcelona.com\/wp-content\/uploads\/sites\/76\/2024\/06\/bsb-web-imagen-destacada.jpg\" \/>\n\t<meta property=\"og:image:width\" content=\"1200\" \/>\n\t<meta property=\"og:image:height\" content=\"675\" \/>\n\t<meta property=\"og:image:type\" content=\"image\/jpeg\" \/>\n<meta name=\"twitter:card\" content=\"summary_large_image\" \/>\n<meta name=\"twitter:site\" content=\"@BSB_Barcelona\" \/>\n<meta name=\"twitter:label1\" content=\"Est. reading time\" \/>\n\t<meta name=\"twitter:data1\" content=\"1 minute\" \/>\n<!-- \/ Yoast SEO plugin. -->","yoast_head_json":{"title":"Coneix les pol\u00edtiques de l'escola - BSB","description":"Coneix les pol\u00edtiques i els procediments de BSB per garantir un entorn d'aprenentatge segur i amb les millors pr\u00e0ctiques per al teu fill\/a.","robots":{"index":"index","follow":"follow","max-snippet":"max-snippet:-1","max-image-preview":"max-image-preview:large","max-video-preview":"max-video-preview:-1"},"canonical":"https:\/\/www.britishschoolbarcelona.com\/ca\/politiques-de-lescola\/","og_locale":"ca_ES","og_type":"article","og_title":"Coneix les pol\u00edtiques de l'escola - BSB","og_description":"Coneix les pol\u00edtiques i els procediments de BSB per garantir un entorn d'aprenentatge segur i amb les millors pr\u00e0ctiques per al teu fill\/a.","og_url":"https:\/\/www.britishschoolbarcelona.com\/ca\/politiques-de-lescola\/","og_site_name":"British School of Barcelona","article_publisher":"https:\/\/www.facebook.com\/britishschoolbarcelonacastelldefels\/","article_modified_time":"2025-11-07T11:15:28+00:00","og_image":[{"width":1200,"height":675,"url":"https:\/\/www.britishschoolbarcelona.com\/wp-content\/uploads\/sites\/76\/2024\/06\/bsb-web-imagen-destacada.jpg","type":"image\/jpeg"}],"twitter_card":"summary_large_image","twitter_site":"@BSB_Barcelona","twitter_misc":{"Est. reading time":"1 minute"},"schema":{"@context":"https:\/\/schema.org","@graph":[{"@type":"WebPage","@id":"https:\/\/www.britishschoolbarcelona.com\/ca\/politiques-de-lescola\/","url":"https:\/\/www.britishschoolbarcelona.com\/ca\/politiques-de-lescola\/","name":"Coneix les pol\u00edtiques de l'escola - BSB","isPartOf":{"@id":"https:\/\/www.britishschoolbarcelona.com\/ca\/#website"},"datePublished":"2021-09-15T14:40:14+00:00","dateModified":"2025-11-07T11:15:28+00:00","description":"Coneix les pol\u00edtiques i els procediments de BSB per garantir un entorn d'aprenentatge segur i amb les millors pr\u00e0ctiques per al teu fill\/a.","breadcrumb":{"@id":"https:\/\/www.britishschoolbarcelona.com\/ca\/politiques-de-lescola\/#breadcrumb"},"inLanguage":"ca","potentialAction":[{"@type":"ReadAction","target":["https:\/\/www.britishschoolbarcelona.com\/ca\/politiques-de-lescola\/"]}]},{"@type":"BreadcrumbList","@id":"https:\/\/www.britishschoolbarcelona.com\/ca\/politiques-de-lescola\/#breadcrumb","itemListElement":[{"@type":"ListItem","position":1,"name":"Home","item":"https:\/\/www.britishschoolbarcelona.com\/ca\/"},{"@type":"ListItem","position":2,"name":"Pol\u00edtiques de l\u2019Escola"}]},{"@type":"WebSite","@id":"https:\/\/www.britishschoolbarcelona.com\/ca\/#website","url":"https:\/\/www.britishschoolbarcelona.com\/ca\/","name":"British School of Barcelona","description":"ºÚÁÏÍø is a private international school in Barcelona, Spain. We deliver the British curriculum &amp; IB. Visit us!","publisher":{"@id":"https:\/\/www.britishschoolbarcelona.com\/ca\/#organization"},"alternateName":"BSB","potentialAction":[{"@type":"SearchAction","target":{"@type":"EntryPoint","urlTemplate":"https:\/\/www.britishschoolbarcelona.com\/ca\/?s={search_term_string}"},"query-input":{"@type":"PropertyValueSpecification","valueRequired":true,"valueName":"search_term_string"}}],"inLanguage":"ca"},{"@type":"Organization","@id":"https:\/\/www.britishschoolbarcelona.com\/ca\/#organization","name":"ºÚÁÏÍø","alternateName":"BSB","url":"https:\/\/www.britishschoolbarcelona.com\/ca\/","logo":{"@type":"ImageObject","inLanguage":"ca","@id":"https:\/\/www.britishschoolbarcelona.com\/ca\/#\/schema\/logo\/image\/","url":"https:\/\/www.britishschoolbarcelona.com\/wp-content\/uploads\/sites\/76\/2023\/01\/BSB-logo.png","contentUrl":"https:\/\/www.britishschoolbarcelona.com\/wp-content\/uploads\/sites\/76\/2023\/01\/BSB-logo.png","width":1920,"height":1357,"caption":"ºÚÁÏÍø"},"image":{"@id":"https:\/\/www.britishschoolbarcelona.com\/ca\/#\/schema\/logo\/image\/"},"sameAs":["https:\/\/www.facebook.com\/britishschoolbarcelonacastelldefels\/","https:\/\/x.com\/BSB_Barcelona","https:\/\/www.instagram.com\/britishschoolbarcelona\/","https:\/\/www.youtube.com\/channel\/UC-Cc996mIB8CwmapwNYQKvg","https:\/\/es.linkedin.com\/school\/british-school-of-barcelona\/"]}]}},"jetpack_sharing_enabled":true,"_links":{"self":[{"href":"https:\/\/www.britishschoolbarcelona.com\/ca\/wp-json\/wp\/v2\/pages\/23155","targetHints":{"allow":["GET"]}}],"collection":[{"href":"https:\/\/www.britishschoolbarcelona.com\/ca\/wp-json\/wp\/v2\/pages"}],"about":[{"href":"https:\/\/www.britishschoolbarcelona.com\/ca\/wp-json\/wp\/v2\/types\/page"}],"author":[{"embeddable":true,"href":"https:\/\/www.britishschoolbarcelona.com\/ca\/wp-json\/wp\/v2\/users\/390"}],"replies":[{"embeddable":true,"href":"https:\/\/www.britishschoolbarcelona.com\/ca\/wp-json\/wp\/v2\/comments?post=23155"}],"version-history":[{"count":31,"href":"https:\/\/www.britishschoolbarcelona.com\/ca\/wp-json\/wp\/v2\/pages\/23155\/revisions"}],"predecessor-version":[{"id":75448,"href":"https:\/\/www.britishschoolbarcelona.com\/ca\/wp-json\/wp\/v2\/pages\/23155\/revisions\/75448"}],"wp:attachment":[{"href":"https:\/\/www.britishschoolbarcelona.com\/ca\/wp-json\/wp\/v2\/media?parent=23155"}],"curies":[{"name":"wp","href":"https:\/\/api.w.org\/{rel}","templated":true}]}}