  
     {"id":23217,"date":"2021-09-14T07:32:55","date_gmt":"2021-09-14T05:32:55","guid":{"rendered":"https:\/\/www.britishschoolbarcelona.com\/uniforme-escolar\/"},"modified":"2025-07-08T10:19:06","modified_gmt":"2025-07-08T08:19:06","slug":"uniforme","status":"publish","type":"page","link":"https:\/\/www.britishschoolbarcelona.com\/ca\/uniforme\/","title":{"rendered":"Uniforme"},"content":{"rendered":"<div class=\"wpb-content-wrapper\"><p>[vc_row][vc_column]<section  class=\"bg-video-wrap hero section hero--centertext  small-header \" style='background: url(https:\/\/www.britishschoolbarcelona.com\/wp-content\/uploads\/sites\/76\/2023\/01\/SH_0730.jpg) center ;background-size:cover ;'>\n                <div class=\"bg-overlay\" style='background:#000000;opacity:0.2;'><\/div>\n                <div class=\"overlay\" >\n                  <div class=\"container-fluid\">\n                    <div class=\"row\">\n                      <div class=\"col-md-12 col-lg-12\">\n\n                        <div class=\"caption text-start\"><div class=\"component sub-heading\" >\n                              <h1 class=\"display-h1\">Uniforme<\/h1>\n                            <\/div><\/div>\n                      <\/div>\n                    <\/div>\n                  <\/div>\n                <\/div>\n              <\/section><div class='row  m-x-0 breadcrumb-wrap ' style=''><div class='container-fluid' >\n                <nav aria-label='breadcrumb'><ol class=\"breadcrumb mt-3\">\n                  <li class=\"breadcrumb-item\"><a href=\"https:\/\/www.britishschoolbarcelona.com\/ca\/\">Home<\/a><\/li>\n                  <li class=\"breadcrumb-item active\" aria-current=\"page\">Uniforme<\/li>\n                <\/ol>\n              <\/nav>\n              <\/div>\n            <\/div>[\/vc_column][\/vc_row][vc_row][vc_column]\n            <div class=\"wrapper\">\n    <section  style='' class=\"section    container-width    \" ><div class=\"container-fluid\"><div class=\"row    \"><div class=\" col-lg-6 col-md-6      \" ><div class=\"component mb-1 mt-0  radius-bottom-LR \" style='px'><div class=\"sub-heading component\"><h2  class=\"h6  \">Pert\u00e0nyer a la Comunitat BSB<\/h2><\/div>\n                        <div class=\"sub-heading component \">\n                        <p class=\"body-medium\">El nostre alumnat se sent orgull\u00f3s de portar l\u2019uniforme de BSB, ja que els\/les ajuda a crear un sentiment de pertinen\u00e7a a la comunitat educativa, i promou la igualtat i el respecte mutu.<br \/>\n<br \/>\nEsperem que l\u2019alumnat representi la nostra escola tot vestint l\u2019uniforme de BSB correctament i agra\u00efm el suport que ens brinden les fam\u00edlies en aquesta q\u00fcesti\u00f3.<\/p>\n                        <\/div><\/div><\/div>\n                    <div class=\"col-lg-6 col-md-6    \"><div class=\"component single-img \"><div class=\"ratio ratio-21x9 callout-img halfcol--img image_overlay_9384\" style=\"background-image: url(https:\/\/www.britishschoolbarcelona.com\/wp-content\/uploads\/sites\/76\/2023\/01\/SH_0919-2.jpg);\"><\/div><\/div> <\/div>\n             <\/div>\n        <\/div>\n<\/section>\n            <\/div>\n    <section  style='background-image: url(https:\/\/www.britishschoolbarcelona.com\/wp-content\/uploads\/sites\/76\/2023\/02\/Blue-pattern-test1.png);' class=\"section   section--blue    section--withBG \" ><div class=\"bg-overlay\" ><\/div><div class=\"container-fluid\"><div class=\"row    \"><div class=\" col-lg-6 col-md-6      \" ><div class=\"component mb-1 mt-0  radius-bottom-LR \" style='px'><div class=\"sub-heading component\"><h2  class=\"h6  \">Un codi de vestimenta apropiat per a tothom<\/h2><\/div>\n                        <div class=\"sub-heading component \">\n                        <p class=\"body-medium\">L\u2019uniforme escolar \u00e9s obligatori per als \/ a les estudiants d\u2019Infantil, Prim\u00e0ria i Secund\u00e0ria. Tenim opcions d\u2019estiu i hivern, i tamb\u00e9 un equipament esportiu espec\u00edfic per a les classes d\u2019Educaci\u00f3 F\u00edsica.<br \/>\n<br \/>\nL\u2019alumnat de Batxillerat no porta uniforme; no obstant aix\u00f2, cal que segueixin un codi de vestimenta apropiat.<\/p>\n                        <\/div><\/div><\/div>\n                    <div class=\"col-lg-6 col-md-6    \"><div class=\"component single-img \"><div class=\"ratio ratio-21x9 callout-img halfcol--img image_overlay_7802\" style=\"background-image: url(https:\/\/www.britishschoolbarcelona.com\/wp-content\/uploads\/sites\/76\/2023\/01\/SH_0279-1.jpg);\"><\/div><\/div> <\/div>\n             <\/div>\n        <\/div>\n<\/section>\n            <div class=\"wrapper\">\n    <section  style='' class=\"section    container-width    \" ><div class=\"container-fluid\"><div class=\"row    \"><div class=\" col-lg-6 col-md-6      \" ><div class=\"component mb-1 mt-0  radius-bottom-LR \" style='px'><div class=\"sub-heading component\"><h2  class=\"h6  \">Prove\u00efdor d\u2019uniformes<\/h2><\/div>\n                        <div class=\"sub-heading component \">\n                        <p class=\"body-medium\">El prove\u00efdor de l\u2019uniforme escolar \u00e9s <b>Uniformes de Colegio.<\/b><br \/>\n<br \/>\nL\u2019uniforme es pot adquirir en l\u00ednia. Per concertar una cita, utilitzeu el calendari de la seva p\u00e0gina web.<\/p>\n                        <\/div><\/div><div class=\"component link\"><a href=\"https:\/\/www.britishschoolbarcelona.com\/wp-content\/uploads\/sites\/76\/2025\/07\/BSB-School-Uniform-Guidelines-Dress-Code-2025-2026-ESP.pdf\" class=\" btn btn-link\" target=\"_blank\">Vegeu\/Descarregueu la Normativa d\u2019Uniforme BSB y Codi de Vestimenta<\/a><\/div><div class=\"component link\"><a href=\"http:\/\/www.uniformesdecolegio.com\/\" class=\" btn btn-link\" target=\"_blank\">Visiteu Uniformes de Colegio<\/a><\/div><\/div>\n                    <div class=\"col-lg-6 col-md-6    \"><div class=\"component single-img \"><div class=\"ratio ratio-16x9 callout-img halfcol--img image_overlay_6158\" style=\"background-image: url(https:\/\/www.britishschoolbarcelona.com\/wp-content\/uploads\/sites\/76\/2023\/01\/SH_7995.jpg);\"><\/div><\/div> <\/div>\n             <\/div>\n        <\/div>\n<\/section>\n            <\/div>[\/vc_column][\/vc_row][vc_row][vc_column]<section class=\"section section--blue bottom-step TopBottomBorder   \" style=\"background-image: url('https:\/\/www.britishschoolbarcelona.com\/wp-content\/uploads\/sites\/76\/2023\/01\/SH_7967-e1675875634434.jpg');;;\"><style>.bottom-step.section--blue:before {background: rgba(0,0,0,0.4);}<\/style><div class=\"container-fluid\"><div class=\"row\"><div class=\"col-sm-12\"><div class=\"component title\"><p class=\"body-small\">Propers Passos<\/p><\/div><\/div><\/div><div class=\"row\"><div class=\"col-md-4\"><div class=\"component linkcard \">\n                                <a class=\"card card--bordered\" href=\"\/ca\/portes-obertes-i-visites\/\">\n                                    <div class=\"card-body d-flex align-items-center\">\n                                    <div> <div class=\"component link\">\n                                            <div  class=\"btn btn-link simple-link h5\">Portes Obertes i Visites<\/div>\n                                        <\/div><\/div><\/div><\/a><\/div><\/div><div class=\"col-md-4\"><div class=\"component linkcard \">\n                                <a class=\"card card--bordered\" href=\"\/ca\/excelencia-academica\/\">\n                                    <div class=\"card-body d-flex align-items-center\">\n                                    <div> <div class=\"component link\">\n                                            <div  class=\"btn btn-link simple-link h5\">Excelencia Academica<\/div>\n                                        <\/div><\/div><\/div><\/a><\/div><\/div><div class=\"col-md-4\"><div class=\"component linkcard \">\n                                <a class=\"card card--bordered\" href=\"\/ca\/installacions-i-ubicacio\/\">\n                                    <div class=\"card-body d-flex align-items-center\">\n                                    <div> <div class=\"component link\">\n                                            <div  class=\"btn btn-link simple-link h5\">Instal\u00b7lacions i Ubicacio<\/div>\n                                        <\/div><\/div><\/div><\/a><\/div><\/div><\/div><\/section>[\/vc_column][\/vc_row]<\/p>\n<\/div>","protected":false},"excerpt":{"rendered":"<p>[vc_row][vc_column][\/vc_column][\/vc_row][vc_row][vc_column][\/vc_column][\/vc_row][vc_row][vc_column][\/vc_column][\/vc_row]<\/p>\n","protected":false},"author":390,"featured_media":0,"parent":0,"menu_order":0,"comment_status":"closed","ping_status":"closed","template":"","meta":{"_acf_changed":false,"footnotes":""},"class_list":["post-23217","page","type-page","status-publish","hentry"],"acf":[],"yoast_head":"<!-- This site is optimized with the Yoast SEO plugin v26.5 - https:\/\/yoast.com\/wordpress\/plugins\/seo\/ -->\n<title>Coneix el nostre uniforme escolar - BSB<\/title>\n<meta name=\"description\" content=\"El nostre uniforme escolar \u00e9s elegant, c\u00f2mode i promou un sentiment de pertinen\u00e7a a la nostra comunitat educativa. Descobriu l&#039;uniforme de BSB Barcelona.\" \/>\n<meta name=\"robots\" content=\"index, follow, max-snippet:-1, max-image-preview:large, max-video-preview:-1\" \/>\n<link rel=\"canonical\" href=\"https:\/\/www.britishschoolbarcelona.com\/ca\/uniforme\/\" \/>\n<meta property=\"og:locale\" content=\"ca_ES\" \/>\n<meta property=\"og:type\" content=\"article\" \/>\n<meta property=\"og:title\" content=\"Coneix el nostre uniforme escolar - BSB\" \/>\n<meta property=\"og:description\" content=\"El nostre uniforme escolar \u00e9s elegant, c\u00f2mode i promou un sentiment de pertinen\u00e7a a la nostra comunitat educativa. Descobriu l&#039;uniforme de BSB Barcelona.\" \/>\n<meta property=\"og:url\" content=\"https:\/\/www.britishschoolbarcelona.com\/ca\/uniforme\/\" \/>\n<meta property=\"og:site_name\" content=\"British School of Barcelona\" \/>\n<meta property=\"article:publisher\" content=\"https:\/\/www.facebook.com\/britishschoolbarcelonacastelldefels\/\" \/>\n<meta property=\"article:modified_time\" content=\"2025-07-08T08:19:06+00:00\" \/>\n<meta property=\"og:image\" content=\"https:\/\/www.britishschoolbarcelona.com\/wp-content\/uploads\/sites\/76\/2024\/06\/bsb-web-imagen-destacada.jpg\" \/>\n\t<meta property=\"og:image:width\" content=\"1200\" \/>\n\t<meta property=\"og:image:height\" content=\"675\" \/>\n\t<meta property=\"og:image:type\" content=\"image\/jpeg\" \/>\n<meta name=\"twitter:card\" content=\"summary_large_image\" \/>\n<meta name=\"twitter:site\" content=\"@BSB_Barcelona\" \/>\n<meta name=\"twitter:label1\" content=\"Est. reading time\" \/>\n\t<meta name=\"twitter:data1\" content=\"1 minute\" \/>\n<!-- \/ Yoast SEO plugin. -->","yoast_head_json":{"title":"Coneix el nostre uniforme escolar - BSB","description":"El nostre uniforme escolar \u00e9s elegant, c\u00f2mode i promou un sentiment de pertinen\u00e7a a la nostra comunitat educativa. Descobriu l'uniforme de BSB Barcelona.","robots":{"index":"index","follow":"follow","max-snippet":"max-snippet:-1","max-image-preview":"max-image-preview:large","max-video-preview":"max-video-preview:-1"},"canonical":"https:\/\/www.britishschoolbarcelona.com\/ca\/uniforme\/","og_locale":"ca_ES","og_type":"article","og_title":"Coneix el nostre uniforme escolar - BSB","og_description":"El nostre uniforme escolar \u00e9s elegant, c\u00f2mode i promou un sentiment de pertinen\u00e7a a la nostra comunitat educativa. Descobriu l'uniforme de BSB Barcelona.","og_url":"https:\/\/www.britishschoolbarcelona.com\/ca\/uniforme\/","og_site_name":"British School of Barcelona","article_publisher":"https:\/\/www.facebook.com\/britishschoolbarcelonacastelldefels\/","article_modified_time":"2025-07-08T08:19:06+00:00","og_image":[{"width":1200,"height":675,"url":"https:\/\/www.britishschoolbarcelona.com\/wp-content\/uploads\/sites\/76\/2024\/06\/bsb-web-imagen-destacada.jpg","type":"image\/jpeg"}],"twitter_card":"summary_large_image","twitter_site":"@BSB_Barcelona","twitter_misc":{"Est. reading time":"1 minute"},"schema":{"@context":"https:\/\/schema.org","@graph":[{"@type":"WebPage","@id":"https:\/\/www.britishschoolbarcelona.com\/ca\/uniforme\/","url":"https:\/\/www.britishschoolbarcelona.com\/ca\/uniforme\/","name":"Coneix el nostre uniforme escolar - BSB","isPartOf":{"@id":"https:\/\/www.britishschoolbarcelona.com\/ca\/#website"},"datePublished":"2021-09-14T05:32:55+00:00","dateModified":"2025-07-08T08:19:06+00:00","description":"El nostre uniforme escolar \u00e9s elegant, c\u00f2mode i promou un sentiment de pertinen\u00e7a a la nostra comunitat educativa. Descobriu l'uniforme de BSB Barcelona.","breadcrumb":{"@id":"https:\/\/www.britishschoolbarcelona.com\/ca\/uniforme\/#breadcrumb"},"inLanguage":"ca","potentialAction":[{"@type":"ReadAction","target":["https:\/\/www.britishschoolbarcelona.com\/ca\/uniforme\/"]}]},{"@type":"BreadcrumbList","@id":"https:\/\/www.britishschoolbarcelona.com\/ca\/uniforme\/#breadcrumb","itemListElement":[{"@type":"ListItem","position":1,"name":"Home","item":"https:\/\/www.britishschoolbarcelona.com\/ca\/"},{"@type":"ListItem","position":2,"name":"Uniforme"}]},{"@type":"WebSite","@id":"https:\/\/www.britishschoolbarcelona.com\/ca\/#website","url":"https:\/\/www.britishschoolbarcelona.com\/ca\/","name":"British School of Barcelona","description":"ºÚÁÏÍø is a private international school in Barcelona, Spain. We deliver the British curriculum &amp; IB. Visit us!","publisher":{"@id":"https:\/\/www.britishschoolbarcelona.com\/ca\/#organization"},"alternateName":"BSB","potentialAction":[{"@type":"SearchAction","target":{"@type":"EntryPoint","urlTemplate":"https:\/\/www.britishschoolbarcelona.com\/ca\/?s={search_term_string}"},"query-input":{"@type":"PropertyValueSpecification","valueRequired":true,"valueName":"search_term_string"}}],"inLanguage":"ca"},{"@type":"Organization","@id":"https:\/\/www.britishschoolbarcelona.com\/ca\/#organization","name":"ºÚÁÏÍø","alternateName":"BSB","url":"https:\/\/www.britishschoolbarcelona.com\/ca\/","logo":{"@type":"ImageObject","inLanguage":"ca","@id":"https:\/\/www.britishschoolbarcelona.com\/ca\/#\/schema\/logo\/image\/","url":"https:\/\/www.britishschoolbarcelona.com\/wp-content\/uploads\/sites\/76\/2023\/01\/BSB-logo.png","contentUrl":"https:\/\/www.britishschoolbarcelona.com\/wp-content\/uploads\/sites\/76\/2023\/01\/BSB-logo.png","width":1920,"height":1357,"caption":"ºÚÁÏÍø"},"image":{"@id":"https:\/\/www.britishschoolbarcelona.com\/ca\/#\/schema\/logo\/image\/"},"sameAs":["https:\/\/www.facebook.com\/britishschoolbarcelonacastelldefels\/","https:\/\/x.com\/BSB_Barcelona","https:\/\/www.instagram.com\/britishschoolbarcelona\/","https:\/\/www.youtube.com\/channel\/UC-Cc996mIB8CwmapwNYQKvg","https:\/\/es.linkedin.com\/school\/british-school-of-barcelona\/"]}]}},"jetpack_sharing_enabled":true,"_links":{"self":[{"href":"https:\/\/www.britishschoolbarcelona.com\/ca\/wp-json\/wp\/v2\/pages\/23217","targetHints":{"allow":["GET"]}}],"collection":[{"href":"https:\/\/www.britishschoolbarcelona.com\/ca\/wp-json\/wp\/v2\/pages"}],"about":[{"href":"https:\/\/www.britishschoolbarcelona.com\/ca\/wp-json\/wp\/v2\/types\/page"}],"author":[{"embeddable":true,"href":"https:\/\/www.britishschoolbarcelona.com\/ca\/wp-json\/wp\/v2\/users\/390"}],"replies":[{"embeddable":true,"href":"https:\/\/www.britishschoolbarcelona.com\/ca\/wp-json\/wp\/v2\/comments?post=23217"}],"version-history":[{"count":15,"href":"https:\/\/www.britishschoolbarcelona.com\/ca\/wp-json\/wp\/v2\/pages\/23217\/revisions"}],"predecessor-version":[{"id":74151,"href":"https:\/\/www.britishschoolbarcelona.com\/ca\/wp-json\/wp\/v2\/pages\/23217\/revisions\/74151"}],"wp:attachment":[{"href":"https:\/\/www.britishschoolbarcelona.com\/ca\/wp-json\/wp\/v2\/media?parent=23217"}],"curies":[{"name":"wp","href":"https:\/\/api.w.org\/{rel}","templated":true}]}}