  
     {"id":23237,"date":"2021-09-27T15:22:02","date_gmt":"2021-09-27T13:22:02","guid":{"rendered":"https:\/\/www.britishschoolbarcelona.com\/estudiantes-internacionales\/"},"modified":"2024-10-07T11:48:48","modified_gmt":"2024-10-07T09:48:48","slug":"estudiants-internacionals","status":"publish","type":"page","link":"https:\/\/www.britishschoolbarcelona.com\/ca\/estudiants-internacionals\/","title":{"rendered":"Estudiants Internacionals"},"content":{"rendered":"<div class=\"wpb-content-wrapper\"><p>[vc_row][vc_column]<section  class=\"bg-video-wrap hero section hero--centertext  small-header \" style='background: url(https:\/\/www.britishschoolbarcelona.com\/wp-content\/uploads\/sites\/76\/2023\/01\/SH_5461-2-e1676528336824.jpg) top ;background-size:cover ;'>\n                <div class=\"bg-overlay\" style='background:#000000;opacity:0.4;'><\/div>\n                <div class=\"overlay\" >\n                  <div class=\"container-fluid\">\n                    <div class=\"row\">\n                      <div class=\"col-md-12 col-lg-12\">\n\n                        <div class=\"caption text-start\"><div class=\"component sub-heading\" >\n                              <h1 class=\"display-h1\">Estudiants Internacionals<\/h1>\n                            <\/div><\/div>\n                      <\/div>\n                    <\/div>\n                  <\/div>\n                <\/div>\n              <\/section><div class='row  m-x-0 breadcrumb-wrap ' style=''><div class='container-fluid' >\n                <nav aria-label='breadcrumb'><ol class=\"breadcrumb mt-3\">\n                  <li class=\"breadcrumb-item\"><a href=\"https:\/\/www.britishschoolbarcelona.com\/ca\/\">Home<\/a><\/li>\n                  <li class=\"breadcrumb-item active\" aria-current=\"page\">Estudiants Internacionals<\/li>\n                <\/ol>\n              <\/nav>\n              <\/div>\n            <\/div>\n            <div class=\"wrapper\">\n    <section  style='' class=\"section    container-width    \" ><div class=\"container-fluid\"><div class=\"row    \"><div class=\" col-lg-6 col-md-6      \" ><div class=\"component mb-1 mt-0  radius-bottom-LR \" style='px'><div class=\"sub-heading component\"><h2  class=\"h6  \">Viu la millor experi\u00e8ncia educativa en un entorn internacional<\/h2><\/div>\n                        <div class=\"sub-heading component \">\n                        <p class=\"body-medium\">Som una escola internacional amb estudiants de setanta-una nacionalitats diferents.<br \/>\n<br \/>\nComprenem que mudar-se a un altre pa\u00eds i canviar d\u2019escola o comen\u00e7ar Infantil s\u00f3n decisions molt importants per a una fam\u00edlia; per aix\u00f2, disposem de processos establerts que faran que aquesta transici\u00f3 sigui tan f\u00e0cil com sigui possible, que t\u2019ajudaran a establir-te i que et sentis de seguida part de la nostra fant\u00e0stica comunitat BSB.<\/p>\n                        <\/div><\/div><\/div>\n                    <div class=\"col-lg-6 col-md-6    \"><div class=\"component single-img \"><div class=\"ratio ratio-16x9 callout-img halfcol--img image_overlay_6711\" style=\"background-image: url(https:\/\/www.britishschoolbarcelona.com\/wp-content\/uploads\/sites\/76\/2023\/01\/SH_6782-e1676380492537.jpg);\"><\/div><\/div> <\/div>\n             <\/div>\n        <\/div>\n<\/section>\n            <\/div>\n    <section  style='background-image: url(https:\/\/www.britishschoolbarcelona.com\/wp-content\/uploads\/sites\/76\/2023\/02\/Blue-pattern-test1.png);' class=\"section   section--blue    section--withBG \" ><div class=\"bg-overlay\" ><\/div><div class=\"container-fluid\"><div class=\"row\">\n                <div class=\"col-md-12 col-lg-10\">  <div class=\"component title\">\n                                        <p class=\"body-small\">ºÚÁÏÍø<\/p>\n                                    <\/div><\/div>\n                <\/div><div class=\"row    \"><div class=\" col-lg-6 col-md-6      \" ><div class=\"component mb-1 mt-0  radius-bottom-LR \" style='px'><div class=\"sub-heading component\"><h2  class=\"h6  \">Qualificacions internacionals de renom mundial<\/h2><\/div>\n                        <div class=\"sub-heading component \">\n                        <p class=\"body-medium\">Com a escola internacional brit\u00e0nica, oferim una selecci\u00f3 d\u2019itineraris de renom mundial: el curr\u00edculum brit\u00e0nic (A Levels) i el Programa del Diploma del Batxillerat Internacional (IBDP)*. Gr\u00e0cies a la nostra experi\u00e8ncia de m\u00e9s de seixanta-cinc anys amb estudiants internacionals, podem garantir que els alumnes nous \/ les alumnes noves s\u2019hi adaptaran r\u00e0pidament independentment de l\u2019etapa educativa en qu\u00e8 s\u2019incorporin.<br \/>\n<br \/>\nEl nostre pla d\u2019estudis tamb\u00e9 compleix els requisits del curr\u00edculum nacional espanyol perqu\u00e8 l\u2019alumnat pugui homologar les qualificacions espanyoles de l\u2019ESO i el Batxillerat. Aix\u00f2 els dona acc\u00e9s a les millors universitats internacionals, ja sigui a Espanya, al Regne Unit, o a qualsevol part del m\u00f3n.<br \/>\n<br><\/p>\n                        <\/div><\/div><div class=\"component mb-1 mt-0  radius-bottom-LR \" style='px'><div class=\"sub-heading component\"><h2  class=\"body-small  \">* Al campus BSB City, la nostra oferta se centra en el Programa del Diploma del Batxillerat Internacional (IBDP).<\/h2><\/div><\/div><\/div>\n                    <div class=\"col-lg-6 col-md-6    \"><div class=\"component single-img \"><div class=\"ratio ratio-4x3 callout-img halfcol--img image_overlay_6008\" style=\"background-image: url(https:\/\/www.britishschoolbarcelona.com\/wp-content\/uploads\/sites\/76\/2023\/01\/SH_9209.jpg);\"><\/div><\/div> <\/div>\n             <\/div>\n        <\/div>\n<\/section>\n    <section  style='' class=\"section        \" ><div class=\"container-fluid\"><div class=\"row\">\n                <div class=\"col-md-12 col-lg-10\">  <div class=\"component title\">\n                                        <p class=\"body-small\">Trasllat a Barcelona<\/p>\n                                    <\/div><\/div>\n                <\/div><div class=\"row    \"><div class=\" col-lg-6 col-md-6      \" ><div class=\"component mb-1 mt-0  radius-bottom-LR \" style='px'><div class=\"sub-heading component\"><h2  class=\"h6  \">Barcelona, la millor aula per viure experi\u00e8ncies<\/h2><\/div>\n                        <div class=\"sub-heading component \">\n                        <p class=\"body-medium\">Barcelona \u00e9s una de les capitals europees m\u00e9s din\u00e0miques, innovadores i cosmopolites, i \u00e9s l\u2019epicentre d\u2019importants esdeveniments art\u00edstics, culturals i socials. Situada de cara a la Mediterr\u00e0nia i envoltada per la serra de Collserola, \u00e9s una ciutat que acull visitants de tot el m\u00f3n i atrau gent de 176 pa\u00efsos diferents gr\u00e0cies al seu car\u00e0cter i estil de vida avantguardista i experimental.<br \/>\n<br \/>\nAtrau talent internacional i se situa entre les millors start-ups tecnol\u00f2giques. \u00c9s la primera Smart City d'Espanya i la quarta d'Europa. Actualment, el 22% dels \/ de les habitants de Barcelona s\u00f3n estrangers\/es que han escollit Barcelona com a destinaci\u00f3 per assolir les seves aspiracions educatives o professionals.<\/p>\n                        <\/div><\/div><\/div>\n                    <div class=\"col-lg-6 col-md-6    \"><div class=\"component single-img \"><div class=\"ratio ratio-4x3 callout-img halfcol--img image_overlay_7522\" style=\"background-image: url(https:\/\/www.britishschoolbarcelona.com\/wp-content\/uploads\/sites\/76\/2023\/02\/Barcelona.jpg);\"><\/div><\/div> <\/div>\n             <\/div>\n        <\/div>\n<\/section>\n    <section  style='margin-top:-40px;' class=\"section     pt-0   \" ><div class=\"container-fluid\"><div class=\"row    \"><div class=\" col-lg-6 col-md-6      \" ><div class=\"component link\"><div class=\"ratio ratio-16x9 callout-img halfcol--img image_overlay_3241\" style=\"background-image: url(https:\/\/www.britishschoolbarcelona.com\/wp-content\/uploads\/sites\/76\/2023\/11\/bsb-city.main-campus-19-1.jpg);\"><\/div><\/div><\/div>\n                    <div class=\"col-lg-6 col-md-6    \"><div class=\"component mb-1 mt-0  radius-bottom-LR \" style='px'>\n                        <div class=\"sub-heading component \">\n                        <p class=\"body-medium\"> En les darreres tres d\u00e8cades, Barcelona s\u2019ha posicionat com la tercera ciutat del m\u00f3n preferida per estudiants internacionals.<br \/>\n<br \/>\nAmb campus situats al centre de Barcelona (BSB City) i a les localitats ve\u00efnes de Castelldefels i Sitges, podem treure el m\u00e0xim partit a la ciutat i els seus voltants, tot convertint-los en aules experimentals perfectes per donar vida al nostre curr\u00edculum din\u00e0mic i obert.<br \/>\n<br \/>\n<b>Les experi\u00e8ncies que presenta viure i treballar en un entorn global com Barcelona, Castelldefels i Sitges s\u00f3n presents a cadascuna de les activitats de l\u2019escola.<\/b><\/p>\n                        <\/div><\/div> <\/div>\n             <\/div>\n        <\/div>\n<\/section>\n    <section  style='background-image: url(https:\/\/www.britishschoolbarcelona.com\/wp-content\/uploads\/sites\/76\/2023\/02\/red-pattern-test2.png);margin-bottom:5px;' class=\"section   section--blue    section--withBG \" ><div class=\"bg-overlay\" ><\/div><div class=\"container-fluid\"><div class=\"row    \"><div class=\" col-lg-6 col-md-6      \" ><div class=\"component mb-1 mt-0  radius-bottom-LR \" style='px'><div class=\"sub-heading component\"><h2  class=\"h6  \">Et farem sentir com a casa<\/h2><\/div>\n                        <div class=\"sub-heading component \">\n                        <p class=\"body-medium\">Us donarem suport a tu i al teu fill \/ a la teva filla a la vostra arribada amb una s\u00e8rie d\u2019activitats que dependran de l\u2019edat del nen \/ de la nena. Des de visites a casa, cites de jocs i dies d\u2019orientaci\u00f3 per a nens\/es abans de comen\u00e7ar l\u2019escola, a sessions de benvinguda i esmorzars amb fam\u00edlies on us facilitarem informaci\u00f3 rellevant sobre l\u2019escola; tot est\u00e0 perfectament planificat perqu\u00e8 us sentiu a gust des del primer dia.<br \/>\n<br \/>\nAix\u00ed mateix, el nostre Equip de Benestar supervisar\u00e0 el progr\u00e9s del teu fill \/ de la teva filla durant les primeres setmanes a l\u2019escola i se li assignar\u00e0 un company \/ una companya si entra a Prim\u00e0ria o Secund\u00e0ria.<\/p>\n                        <\/div><\/div><\/div>\n                    <div class=\"col-lg-6 col-md-6    \"><div class=\"component single-img \"><div class=\"ratio ratio-16x9 callout-img halfcol--img image_overlay_9177\" style=\"background-image: url(https:\/\/www.britishschoolbarcelona.com\/wp-content\/uploads\/sites\/76\/2023\/01\/SH_9148.jpg);\"><\/div><\/div> <\/div>\n             <\/div>\n        <\/div>\n<\/section>[\/vc_column][\/vc_row][vc_row][vc_column]<section class=\"section section--blue bottom-step TopBottomBorder   \" style=\"background-image: url('https:\/\/www.britishschoolbarcelona.com\/wp-content\/uploads\/sites\/76\/2023\/01\/SH_7611-e1676008753913.jpg');;;\"><style>.bottom-step.section--blue:before {background: rgba(0,0,0,0.4);}<\/style><div class=\"container-fluid\"><div class=\"row\"><div class=\"col-sm-12\"><div class=\"component title\"><p class=\"body-small\">Propers Passos<\/p><\/div><\/div><\/div><div class=\"row\"><div class=\"col-md-4\"><div class=\"component linkcard \">\n                                <a class=\"card card--bordered\" href=\"\/ca\/portes-obertes-i-visites\/\">\n                                    <div class=\"card-body d-flex align-items-center\">\n                                    <div> <div class=\"component link\">\n                                            <div  class=\"btn btn-link simple-link h5\">Portes Obertes i Visites<\/div>\n                                        <\/div><\/div><\/div><\/a><\/div><\/div><div class=\"col-md-4\"><div class=\"component linkcard \">\n                                <a class=\"card card--bordered\" href=\"\/ca\/installacions-i-ubicacio\/\">\n                                    <div class=\"card-body d-flex align-items-center\">\n                                    <div> <div class=\"component link\">\n                                            <div  class=\"btn btn-link simple-link h5\">Instal\u00b7lacions i Ubicaci\u00f3n<\/div>\n                                        <\/div><\/div><\/div><\/a><\/div><\/div><div class=\"col-md-4\"><div class=\"component linkcard \">\n                                <a class=\"card card--bordered\" href=\"\/ca\/excelencia-academica\/\">\n                                    <div class=\"card-body d-flex align-items-center\">\n                                    <div> <div class=\"component link\">\n                                            <div  class=\"btn btn-link simple-link h5\">Excel\u00b7l\u00e8ncia Acad\u00e8mica<\/div>\n                                        <\/div><\/div><\/div><\/a><\/div><\/div><\/div><\/section>[\/vc_column][\/vc_row]<\/p>\n<\/div>","protected":false},"excerpt":{"rendered":"<p>[vc_row][vc_column][\/vc_column][\/vc_row][vc_row][vc_column][\/vc_column][\/vc_row]<\/p>\n","protected":false},"author":390,"featured_media":0,"parent":0,"menu_order":0,"comment_status":"closed","ping_status":"closed","template":"","meta":{"_acf_changed":false,"footnotes":""},"class_list":["post-23237","page","type-page","status-publish","hentry"],"acf":[],"yoast_head":"<!-- This site is optimized with the Yoast SEO plugin v26.5 - https:\/\/yoast.com\/wordpress\/plugins\/seo\/ -->\n<title>Col\u00b7legi internacional amb estudiants de tot el m\u00f3n - BSB<\/title>\n<meta name=\"description\" content=\"Al nostre col\u00b7legi brit\u00e0nic BSB, estudiants de tot el m\u00f3n aprenen i creixen junts, en un entorn multicultural on valorem la diversitat.\" \/>\n<meta name=\"robots\" content=\"index, follow, max-snippet:-1, max-image-preview:large, max-video-preview:-1\" \/>\n<link rel=\"canonical\" href=\"https:\/\/www.britishschoolbarcelona.com\/ca\/estudiants-internacionals\/\" \/>\n<meta property=\"og:locale\" content=\"ca_ES\" \/>\n<meta property=\"og:type\" content=\"article\" \/>\n<meta property=\"og:title\" content=\"Col\u00b7legi internacional amb estudiants de tot el m\u00f3n - BSB\" \/>\n<meta property=\"og:description\" content=\"Al nostre col\u00b7legi brit\u00e0nic BSB, estudiants de tot el m\u00f3n aprenen i creixen junts, en un entorn multicultural on valorem la diversitat.\" \/>\n<meta property=\"og:url\" content=\"https:\/\/www.britishschoolbarcelona.com\/ca\/estudiants-internacionals\/\" \/>\n<meta property=\"og:site_name\" content=\"British School of Barcelona\" \/>\n<meta property=\"article:publisher\" content=\"https:\/\/www.facebook.com\/britishschoolbarcelonacastelldefels\/\" \/>\n<meta property=\"article:modified_time\" content=\"2024-10-07T09:48:48+00:00\" \/>\n<meta property=\"og:image\" content=\"https:\/\/www.britishschoolbarcelona.com\/wp-content\/uploads\/sites\/76\/2024\/06\/bsb-web-imagen-destacada.jpg\" \/>\n\t<meta property=\"og:image:width\" content=\"1200\" \/>\n\t<meta property=\"og:image:height\" content=\"675\" \/>\n\t<meta property=\"og:image:type\" content=\"image\/jpeg\" \/>\n<meta name=\"twitter:card\" content=\"summary_large_image\" \/>\n<meta name=\"twitter:site\" content=\"@BSB_Barcelona\" \/>\n<meta name=\"twitter:label1\" content=\"Est. reading time\" \/>\n\t<meta name=\"twitter:data1\" content=\"1 minute\" \/>\n<!-- \/ Yoast SEO plugin. -->","yoast_head_json":{"title":"Col\u00b7legi internacional amb estudiants de tot el m\u00f3n - BSB","description":"Al nostre col\u00b7legi brit\u00e0nic BSB, estudiants de tot el m\u00f3n aprenen i creixen junts, en un entorn multicultural on valorem la diversitat.","robots":{"index":"index","follow":"follow","max-snippet":"max-snippet:-1","max-image-preview":"max-image-preview:large","max-video-preview":"max-video-preview:-1"},"canonical":"https:\/\/www.britishschoolbarcelona.com\/ca\/estudiants-internacionals\/","og_locale":"ca_ES","og_type":"article","og_title":"Col\u00b7legi internacional amb estudiants de tot el m\u00f3n - BSB","og_description":"Al nostre col\u00b7legi brit\u00e0nic BSB, estudiants de tot el m\u00f3n aprenen i creixen junts, en un entorn multicultural on valorem la diversitat.","og_url":"https:\/\/www.britishschoolbarcelona.com\/ca\/estudiants-internacionals\/","og_site_name":"British School of Barcelona","article_publisher":"https:\/\/www.facebook.com\/britishschoolbarcelonacastelldefels\/","article_modified_time":"2024-10-07T09:48:48+00:00","og_image":[{"width":1200,"height":675,"url":"https:\/\/www.britishschoolbarcelona.com\/wp-content\/uploads\/sites\/76\/2024\/06\/bsb-web-imagen-destacada.jpg","type":"image\/jpeg"}],"twitter_card":"summary_large_image","twitter_site":"@BSB_Barcelona","twitter_misc":{"Est. reading time":"1 minute"},"schema":{"@context":"https:\/\/schema.org","@graph":[{"@type":"WebPage","@id":"https:\/\/www.britishschoolbarcelona.com\/ca\/estudiants-internacionals\/","url":"https:\/\/www.britishschoolbarcelona.com\/ca\/estudiants-internacionals\/","name":"Col\u00b7legi internacional amb estudiants de tot el m\u00f3n - BSB","isPartOf":{"@id":"https:\/\/www.britishschoolbarcelona.com\/ca\/#website"},"datePublished":"2021-09-27T13:22:02+00:00","dateModified":"2024-10-07T09:48:48+00:00","description":"Al nostre col\u00b7legi brit\u00e0nic BSB, estudiants de tot el m\u00f3n aprenen i creixen junts, en un entorn multicultural on valorem la diversitat.","breadcrumb":{"@id":"https:\/\/www.britishschoolbarcelona.com\/ca\/estudiants-internacionals\/#breadcrumb"},"inLanguage":"ca","potentialAction":[{"@type":"ReadAction","target":["https:\/\/www.britishschoolbarcelona.com\/ca\/estudiants-internacionals\/"]}]},{"@type":"BreadcrumbList","@id":"https:\/\/www.britishschoolbarcelona.com\/ca\/estudiants-internacionals\/#breadcrumb","itemListElement":[{"@type":"ListItem","position":1,"name":"Home","item":"https:\/\/www.britishschoolbarcelona.com\/ca\/"},{"@type":"ListItem","position":2,"name":"Estudiants Internacionals"}]},{"@type":"WebSite","@id":"https:\/\/www.britishschoolbarcelona.com\/ca\/#website","url":"https:\/\/www.britishschoolbarcelona.com\/ca\/","name":"British School of Barcelona","description":"ºÚÁÏÍø is a private international school in Barcelona, Spain. We deliver the British curriculum &amp; IB. Visit us!","publisher":{"@id":"https:\/\/www.britishschoolbarcelona.com\/ca\/#organization"},"alternateName":"BSB","potentialAction":[{"@type":"SearchAction","target":{"@type":"EntryPoint","urlTemplate":"https:\/\/www.britishschoolbarcelona.com\/ca\/?s={search_term_string}"},"query-input":{"@type":"PropertyValueSpecification","valueRequired":true,"valueName":"search_term_string"}}],"inLanguage":"ca"},{"@type":"Organization","@id":"https:\/\/www.britishschoolbarcelona.com\/ca\/#organization","name":"ºÚÁÏÍø","alternateName":"BSB","url":"https:\/\/www.britishschoolbarcelona.com\/ca\/","logo":{"@type":"ImageObject","inLanguage":"ca","@id":"https:\/\/www.britishschoolbarcelona.com\/ca\/#\/schema\/logo\/image\/","url":"https:\/\/www.britishschoolbarcelona.com\/wp-content\/uploads\/sites\/76\/2023\/01\/BSB-logo.png","contentUrl":"https:\/\/www.britishschoolbarcelona.com\/wp-content\/uploads\/sites\/76\/2023\/01\/BSB-logo.png","width":1920,"height":1357,"caption":"ºÚÁÏÍø"},"image":{"@id":"https:\/\/www.britishschoolbarcelona.com\/ca\/#\/schema\/logo\/image\/"},"sameAs":["https:\/\/www.facebook.com\/britishschoolbarcelonacastelldefels\/","https:\/\/x.com\/BSB_Barcelona","https:\/\/www.instagram.com\/britishschoolbarcelona\/","https:\/\/www.youtube.com\/channel\/UC-Cc996mIB8CwmapwNYQKvg","https:\/\/es.linkedin.com\/school\/british-school-of-barcelona\/"]}]}},"jetpack_sharing_enabled":true,"_links":{"self":[{"href":"https:\/\/www.britishschoolbarcelona.com\/ca\/wp-json\/wp\/v2\/pages\/23237","targetHints":{"allow":["GET"]}}],"collection":[{"href":"https:\/\/www.britishschoolbarcelona.com\/ca\/wp-json\/wp\/v2\/pages"}],"about":[{"href":"https:\/\/www.britishschoolbarcelona.com\/ca\/wp-json\/wp\/v2\/types\/page"}],"author":[{"embeddable":true,"href":"https:\/\/www.britishschoolbarcelona.com\/ca\/wp-json\/wp\/v2\/users\/390"}],"replies":[{"embeddable":true,"href":"https:\/\/www.britishschoolbarcelona.com\/ca\/wp-json\/wp\/v2\/comments?post=23237"}],"version-history":[{"count":16,"href":"https:\/\/www.britishschoolbarcelona.com\/ca\/wp-json\/wp\/v2\/pages\/23237\/revisions"}],"predecessor-version":[{"id":71559,"href":"https:\/\/www.britishschoolbarcelona.com\/ca\/wp-json\/wp\/v2\/pages\/23237\/revisions\/71559"}],"wp:attachment":[{"href":"https:\/\/www.britishschoolbarcelona.com\/ca\/wp-json\/wp\/v2\/media?parent=23237"}],"curies":[{"name":"wp","href":"https:\/\/api.w.org\/{rel}","templated":true}]}}