  
     {"id":24400,"date":"2021-09-15T15:17:56","date_gmt":"2021-09-15T13:17:56","guid":{"rendered":"https:\/\/www.britishschoolbarcelona.com\/nuestra-experiencia-educativa\/"},"modified":"2024-09-30T13:16:15","modified_gmt":"2024-09-30T11:16:15","slug":"la-nostra-experiencia-educativa","status":"publish","type":"page","link":"https:\/\/www.britishschoolbarcelona.com\/ca\/la-nostra-experiencia-educativa\/","title":{"rendered":"La Nostra Experi\u00e8ncia Educativa"},"content":{"rendered":"<div class=\"wpb-content-wrapper\"><p>[vc_row][vc_column]<section  class=\"bg-video-wrap hero section hero--centertext  small-header \" style='background: url(https:\/\/www.britishschoolbarcelona.com\/wp-content\/uploads\/sites\/76\/2023\/01\/SH_6810-e1673519013111.jpg) top ;background-size:cover ;'>\n                <div class=\"bg-overlay\" style='background:#0a0505;opacity:0.2;'><\/div>\n                <div class=\"overlay\" >\n                  <div class=\"container-fluid\">\n                    <div class=\"row\">\n                      <div class=\"col-md-12 col-lg-12\">\n\n                        <div class=\"caption text-start\"><div class=\"component sub-heading\" >\n                              <h1 class=\"display-h1\">La Nostra Experi\u00e8ncia Educativa<\/h1>\n                            <\/div><\/div>\n                      <\/div>\n                    <\/div>\n                  <\/div>\n                <\/div>\n              <\/section><div class='row  m-x-0 breadcrumb-wrap ' style=''><div class='container-fluid' >\n                <nav aria-label='breadcrumb'><ol class=\"breadcrumb mt-3\">\n                  <li class=\"breadcrumb-item\"><a href=\"https:\/\/www.britishschoolbarcelona.com\/ca\/\">Home<\/a><\/li>\n                  <li class=\"breadcrumb-item active\" aria-current=\"page\">La Nostra Experi\u00e8ncia Educativa<\/li>\n                <\/ol>\n              <\/nav>\n              <\/div>\n            <\/div>[\/vc_column][\/vc_row][vc_row][vc_column]<div class=\"wrapper\"><section  style='' class=\"section    pb-0 container-width \"><div class=\"container-fluid\"><div class=\"row m-0 align-items-center centerText \" >\n                        <div class=\"col-sm-12 col-md-10 col-lg-9 mx-auto\"><div class=\"sub-heading component\">\n                                        <h2 class=\"h5\">Una experi\u00e8ncia educativa \u00fanica<\/h2>\n                                    <\/div><div class=\"sub-heading component\"><p>Creem un itinerari personalitzat per a cada nen\/a des dels primers anys a l\u2019escola fins als divuit, tot combinant un curr\u00edculum innovador amb una gran passi\u00f3 per l\u2019aprenentatge. L\u2019experi\u00e8ncia educativa de cada estudiant fomenta l\u2019amor per l\u2019aprenentatge, i els\/les prepara per als reptes dels segles XXI i XXII.<\/p>\n<p>&nbsp;<\/p>\n<p>Ja sigui a Barcelona, Castelldefels o Sitges, el teu fill \/ la teva filla viur\u00e0 una experi\u00e8ncia inoblidable a BSB.<\/p>\n<\/div><style>\n                        .flex-button {\n                        margin-top: 25px;\n                    } \n                        \n                    @media (max-width: 767px){\n                     .flex-button {\n                      display: block;\n                      margin-left: 0;\n                    }\n                    .flex-button .text-center{\n                     text-align: left !important;\n                    }\n                    }\n\n\n                        <\/style><\/div><\/div><\/section><\/div>\n            <div class=\"wrapper\"><section  class=\"section age-school  container-width   \" style='margin-top:-40px;'>\n                <div class=\"container-fluid \"><div class=\"row m-0 justify-content-center mt-3 text-center\"><div class=\"col-12 col-md-auto order-3 order-md-2 \"><div class=\"component link arrow-padding-top\">\n                            <a class=\"btn btn-primary fixedage-btn \" href=\"\/ca\/educacio-infantil\/\">2-5 anys<\/a>\n                             <\/div><\/div><\/div><div class=\"row m-0 one-column pt-4\">\n                                    <div class=\"col-12 col-md-12 col-lg-10 col-xl-8 mx-auto\"><div class=\"component\">\n                                            <div class=\"card card--white\">               <div class=\"d-flex\" >\n                                                    <img decoding=\"async\" src=\"https:\/\/www.britishschoolbarcelona.com\/wp-content\/uploads\/sites\/76\/2023\/01\/SH_1644.jpg\" class=\"card-img-top\" alt=\"img\">\n                                                <\/div>               <div class=\"card-body\">                 <div class=\"component link\"><div class=\"component link\"><a href=\"\/ca\/educacio-infantil\/\" class=\"simple-link h5 btn btn-link\">Infantil<\/a><\/div>               <\/div><div class=\"component hash-list d-none flex-fill d-lg-block\">\n                                                        <ul><li>\n                                                                        <p>A BSB, el teu fill \/ la teva filla iniciar\u00e0 una meravellosa aventura educativa.<\/p>\n                                                                    <\/li><li>\n                                                                        <p>Els\/les alumnes m\u00e9s petits\/es gaudeixen de l'oportunitat d'explorar i aprendre de la m\u00e0 del nostre equip apassionat de docents especialistes en Educaci\u00f3 Infantil que encarnen els valors de l'afecte, la cura i el respecte.<\/p>\n                                                                    <\/li><\/ul>\n                                                            <\/div><div class=\"component link mt-3  d-none d-lg-block\"><a class=\"btn btn-primary btn-primary--border\" href=\"\/ca\/educacio-infantil\/\">Descubreix m\u00e9s<\/a><\/div>\n                                                    <\/div>\n                                                <\/div>\n                                        <\/div>\n                                    <\/div>\n                                <\/div><div class=\"row m-0 justify-content-center mt-3 text-center\"><div class=\"col-12 col-md-auto order-3 order-md-2 \"><div class=\"component link arrow-padding-top\">\n                            <a class=\"btn btn-primary fixedage-btn \" href=\"\/ca\/primaria\/\">5-11 anys<\/a>\n                             <\/div><\/div><\/div><div class=\"row m-0 one-column pt-4\">\n                                    <div class=\"col-12 col-md-12 col-lg-10 col-xl-8 mx-auto\"><div class=\"component\">\n                                            <div class=\"card card--white\">               <div class=\"d-flex\" >\n                                                    <img decoding=\"async\" src=\"https:\/\/www.britishschoolbarcelona.com\/wp-content\/uploads\/sites\/76\/2023\/01\/SH_2717-1.jpg\" class=\"card-img-top\" alt=\"img\">\n                                                <\/div>               <div class=\"card-body\">                 <div class=\"component link\"><div class=\"component link\"><a href=\"\/ca\/primaria\/\" class=\"simple-link h5 btn btn-link\">Prim\u00e0ria<\/a><\/div>               <\/div><div class=\"component hash-list d-none flex-fill d-lg-block\">\n                                                        <ul><li>\n                                                                        <p>Dissenyem el Curr\u00edculum Nacional Angl\u00e8s de forma innovadora i creativa perqu\u00e8 cada estudiant gaudeixi d'un itinerari formatiu personalitzat que l'ajudi a assolir l'\u00e8xit acad\u00e8mic i un progr\u00e9s excel\u00b7lent.<\/p>\n                                                                    <\/li><li>\n                                                                        <p>El nostre enfocament educatiu basat en la recerca ens permet desenvolupar els principals h\u00e0bits d'aprenentatge que inculquem al llarg de tota l'educaci\u00f3 a BSB.<\/p>\n                                                                    <\/li><\/ul>\n                                                            <\/div><div class=\"component link mt-3  d-none d-lg-block\"><a class=\"btn btn-primary btn-primary--border\" href=\"\/ca\/primaria\/\">Descubreix m\u00e9s<\/a><\/div>\n                                                    <\/div>\n                                                <\/div>\n                                        <\/div>\n                                    <\/div>\n                                <\/div><div class=\"row m-0 justify-content-center mt-3 text-center\"><div class=\"col-12 col-md-auto order-3 order-md-2 \"><div class=\"component link arrow-padding-top\">\n                            <a class=\"btn btn-primary fixedage-btn \" href=\"\/ca\/secundaria\/\">11-16 anys<\/a>\n                             <\/div><\/div><\/div><div class=\"row m-0 one-column pt-4\">\n                                    <div class=\"col-12 col-md-12 col-lg-10 col-xl-8 mx-auto\"><div class=\"component\">\n                                            <div class=\"card card--white\">               <div class=\"d-flex\" >\n                                                    <img decoding=\"async\" src=\"https:\/\/www.britishschoolbarcelona.com\/wp-content\/uploads\/sites\/76\/2023\/01\/SH_7863-1.jpg\" class=\"card-img-top\" alt=\"img\">\n                                                <\/div>               <div class=\"card-body\">                 <div class=\"component link\"><div class=\"component link\"><a href=\"\/ca\/secundaria\/\" class=\"simple-link h5 btn btn-link\">Secund\u00e0ria<\/a><\/div>               <\/div><div class=\"component hash-list d-none flex-fill d-lg-block\">\n                                                        <ul><li>\n                                                                        <p>El nostre objectiu \u00e9s que tots\/es els\/les estudiants de Secund\u00e0ria siguin feli\u00e7os\/ces i que tinguin confian\u00e7a en si mateixos\/es, amb les compet\u00e8ncies, la mentalitat i la determinaci\u00f3 necess\u00e0ries per tenir \u00e8xit i ser capa\u00e7os\/ces de generar un canvi positiu en els\/les altres.<\/p>\n                                                                    <\/li><li>\n                                                                        <p>A Secund\u00e0ria seguim els continguts del Curr\u00edculum Nacional Angl\u00e8s amb la flexibilitat d'oferir la possibilitat d'obtenir el certificat de l'ESO en finalitzar Year 11.<\/p>\n                                                                    <\/li><li>\n                                                                        <p>La r\u00e0tio de rendiment acad\u00e8mic est\u00e0 per sobre de la mitjana nacional a totes les etapes educatives de l'escola i en particular els resultats dels ex\u00e0mens de GCSE s\u00f3n m\u00e9s que positius.<\/p>\n                                                                    <\/li><\/ul>\n                                                            <\/div><div class=\"component link mt-3  d-none d-lg-block\"><a class=\"btn btn-primary btn-primary--border\" href=\"\/ca\/secundaria\/\">Descubreix m\u00e9s<\/a><\/div>\n                                                    <\/div>\n                                                <\/div>\n                                        <\/div>\n                                    <\/div>\n                                <\/div><div class=\"row m-0 justify-content-center mt-3 text-center\"><div class=\"col-12 col-md-auto order-3 order-md-2 \"><div class=\"component link arrow-padding-top\">\n                            <a class=\"btn btn-primary fixedage-btn \" href=\"\/ca\/batxillerat\/\">16-18 anys<\/a>\n                             <\/div><\/div><\/div><div class=\"row m-0 one-column pt-4\">\n                                    <div class=\"col-12 col-md-12 col-lg-10 col-xl-8 mx-auto\"><div class=\"component\">\n                                            <div class=\"card card--white\">               <div class=\"d-flex\" >\n                                                    <img decoding=\"async\" src=\"https:\/\/www.britishschoolbarcelona.com\/wp-content\/uploads\/sites\/76\/2023\/01\/SH_8402-e1675836636899.jpg\" class=\"card-img-top\" alt=\"img\">\n                                                <\/div>               <div class=\"card-body\">                 <div class=\"component link\"><div class=\"component link\"><a href=\"\/ca\/batxillerat\/\" class=\"simple-link h5 btn btn-link\">Batxillerat<\/a><\/div>               <\/div><div class=\"component hash-list d-none flex-fill d-lg-block\">\n                                                        <ul><li>\n                                                                        <p>El programa preuniversitari \u00e9s una proposta educativa excel\u00b7lent perqu\u00e8 els\/les joves obtinguin les qualificacions necess\u00e0ries que els permetran accedir a les millors universitats del m\u00f3n, amb el desenvolupament social i personal adequat per prosperar en un m\u00f3n en constant evoluci\u00f3.<\/p>\n                                                                    <\/li><li>\n                                                                        <p>Els\/les estudiants tenen l'opci\u00f3 d'escollir entre dos itineraris de Batxillerat: els A Levels o el Programa del Diploma del Batxillerat Internacional (IBDP). Aix\u00ed mateix, el nostre curr\u00edculum assegura que els\/les alumnes puguin obtenir el certificat del Batxillerat espanyol si es compleixen els requisits necessaris.<\/p>\n                                                                    <\/li><li>\n                                                                        <p>El rendiment acad\u00e8mic a BSB Nexus \u00e9s excel\u00b7lent, amb resultats molt superiors a la mitjana nacional.<\/p>\n                                                                    <\/li><\/ul>\n                                                            <\/div><div class=\"component link mt-3  d-none d-lg-block\"><a class=\"btn btn-primary btn-primary--border\" href=\"\/ca\/batxillerat\/\">Descubreix m\u00e9s<\/a><\/div>\n                                                    <\/div>\n                                                <\/div>\n                                        <\/div>\n                                    <\/div>\n                                <\/div><\/div>\n        <\/section>\n            <\/div>[\/vc_column][\/vc_row][vc_row css=&#8221;.vc_custom_1676405932980{background-image: url(https:\/\/www.britishschoolbarcelona.com\/wp-content\/uploads\/sites\/76\/2023\/02\/Blue-pattern-test1.png?id=21810) !important;background-position: center !important;background-repeat: no-repeat !important;background-size: cover !important;}&#8221;][vc_column]<section  style='' class=\"section   section--blue   white-section\"><div class=\"container-fluid\"><div class=\"row m-0 align-items-center centerText \" >\n                        <div class=\"col-sm-12 col-md-10 col-lg-9 mx-auto\"><div class=\"sub-heading component\">\n                                        <h2 class=\"h5\">Descobreix m\u00e9s sobre BSB<\/h2>\n                                    <\/div><div class=\"sub-heading component\"><\/div><div class=\"component link\"><a href=\"\/ca\/descarrega-nostre-cataleg\/\" class=\" btn btn-primary btn-primary--border\">Sol\u00b7licita un cat\u00e0leg<\/a><\/div><style>\n                        .flex-button {\n                        margin-top: 25px;\n                    } \n                        \n                    @media (max-width: 767px){\n                     .flex-button {\n                      display: block;\n                      margin-left: 0;\n                    }\n                    .flex-button .text-center{\n                     text-align: left !important;\n                    }\n                    }\n\n\n                        <\/style><\/div><\/div><\/section>[\/vc_column][\/vc_row][vc_row][vc_column]<section class=\"section section--blue bottom-step TopBottomBorder   \" style=\"background-image: url('https:\/\/www.britishschoolbarcelona.com\/wp-content\/uploads\/sites\/76\/2023\/01\/SH_4912-e1676302450641.jpg');;;\"><style>.bottom-step.section--blue:before {background: rgba(0,0,0,0.4);}<\/style><div class=\"container-fluid\"><div class=\"row\"><div class=\"col-sm-12\"><div class=\"component title\"><p class=\"body-small\">Propers Passos<\/p><\/div><\/div><\/div><div class=\"row\"><div class=\"col-md-4\"><div class=\"component linkcard \">\n                                <a class=\"card card--bordered\" href=\"\/ca\/portes-obertes-i-visites\/\">\n                                    <div class=\"card-body d-flex align-items-center\">\n                                    <div> <div class=\"component link\">\n                                            <div  class=\"btn btn-link simple-link h5\">Portes Obertes i Visites<\/div>\n                                        <\/div><\/div><\/div><\/a><\/div><\/div><div class=\"col-md-4\"><div class=\"component linkcard \">\n                                <a class=\"card card--bordered\" href=\"\/ca\/installacions-i-ubicacio\/\">\n                                    <div class=\"card-body d-flex align-items-center\">\n                                    <div> <div class=\"component link\">\n                                            <div  class=\"btn btn-link simple-link h5\">Instal\u00b7lacions i Ubicacio<\/div>\n                                        <\/div><\/div><\/div><\/a><\/div><\/div><div class=\"col-md-4\"><div class=\"component linkcard \">\n                                <a class=\"card card--bordered\" href=\"\/ca\/excelencia-academica\/\">\n                                    <div class=\"card-body d-flex align-items-center\">\n                                    <div> <div class=\"component link\">\n                                            <div  class=\"btn btn-link simple-link h5\">Excelencia Academica<\/div>\n                                        <\/div><\/div><\/div><\/a><\/div><\/div><\/div><\/section>[\/vc_column][\/vc_row]<\/p>\n<\/div>","protected":false},"excerpt":{"rendered":"<p>[vc_row][vc_column][\/vc_column][\/vc_row][vc_row][vc_column][\/vc_column][\/vc_row][vc_row css=&#8221;.vc_custom_1676405932980{background-image: url(https:\/\/www.britishschoolbarcelona.com\/wp-content\/uploads\/sites\/76\/2023\/02\/Blue-pattern-test1.png?id=21810) !important;background-position: center !important;background-repeat: no-repeat !important;background-size: cover !important;}&#8221;][vc_column][\/vc_column][\/vc_row][vc_row][vc_column][\/vc_column][\/vc_row]<\/p>\n","protected":false},"author":390,"featured_media":0,"parent":0,"menu_order":0,"comment_status":"closed","ping_status":"closed","template":"","meta":{"_acf_changed":false,"footnotes":""},"class_list":["post-24400","page","type-page","status-publish","hentry"],"acf":[],"yoast_head":"<!-- This site is optimized with the Yoast SEO plugin v26.5 - https:\/\/yoast.com\/wordpress\/plugins\/seo\/ -->\n<title>La Nostra Experi\u00e8ncia Educativa - BSB<\/title>\n<meta name=\"description\" content=\"A BSB oferim una experi\u00e8ncia educativa \u00fanica. Creem un itinerari personalitzat per a cadascun dels nostres estudiants des dels primers anys de col\u00b7legi.\" \/>\n<meta name=\"robots\" content=\"index, follow, max-snippet:-1, max-image-preview:large, max-video-preview:-1\" \/>\n<link rel=\"canonical\" href=\"https:\/\/www.britishschoolbarcelona.com\/ca\/la-nostra-experiencia-educativa\/\" \/>\n<meta property=\"og:locale\" content=\"ca_ES\" \/>\n<meta property=\"og:type\" content=\"article\" \/>\n<meta property=\"og:title\" content=\"La Nostra Experi\u00e8ncia Educativa - BSB\" \/>\n<meta property=\"og:description\" content=\"A BSB oferim una experi\u00e8ncia educativa \u00fanica. Creem un itinerari personalitzat per a cadascun dels nostres estudiants des dels primers anys de col\u00b7legi.\" \/>\n<meta property=\"og:url\" content=\"https:\/\/www.britishschoolbarcelona.com\/ca\/la-nostra-experiencia-educativa\/\" \/>\n<meta property=\"og:site_name\" content=\"British School of Barcelona\" \/>\n<meta property=\"article:publisher\" content=\"https:\/\/www.facebook.com\/britishschoolbarcelonacastelldefels\/\" \/>\n<meta property=\"article:modified_time\" content=\"2024-09-30T11:16:15+00:00\" \/>\n<meta property=\"og:image\" content=\"https:\/\/www.britishschoolbarcelona.com\/wp-content\/uploads\/sites\/76\/2024\/06\/bsb-web-imagen-destacada.jpg\" \/>\n\t<meta property=\"og:image:width\" content=\"1200\" \/>\n\t<meta property=\"og:image:height\" content=\"675\" \/>\n\t<meta property=\"og:image:type\" content=\"image\/jpeg\" \/>\n<meta name=\"twitter:card\" content=\"summary_large_image\" \/>\n<meta name=\"twitter:site\" content=\"@BSB_Barcelona\" \/>\n<meta name=\"twitter:label1\" content=\"Est. reading time\" \/>\n\t<meta name=\"twitter:data1\" content=\"1 minute\" \/>\n<!-- \/ Yoast SEO plugin. -->","yoast_head_json":{"title":"La Nostra Experi\u00e8ncia Educativa - BSB","description":"A BSB oferim una experi\u00e8ncia educativa \u00fanica. Creem un itinerari personalitzat per a cadascun dels nostres estudiants des dels primers anys de col\u00b7legi.","robots":{"index":"index","follow":"follow","max-snippet":"max-snippet:-1","max-image-preview":"max-image-preview:large","max-video-preview":"max-video-preview:-1"},"canonical":"https:\/\/www.britishschoolbarcelona.com\/ca\/la-nostra-experiencia-educativa\/","og_locale":"ca_ES","og_type":"article","og_title":"La Nostra Experi\u00e8ncia Educativa - BSB","og_description":"A BSB oferim una experi\u00e8ncia educativa \u00fanica. Creem un itinerari personalitzat per a cadascun dels nostres estudiants des dels primers anys de col\u00b7legi.","og_url":"https:\/\/www.britishschoolbarcelona.com\/ca\/la-nostra-experiencia-educativa\/","og_site_name":"British School of Barcelona","article_publisher":"https:\/\/www.facebook.com\/britishschoolbarcelonacastelldefels\/","article_modified_time":"2024-09-30T11:16:15+00:00","og_image":[{"width":1200,"height":675,"url":"https:\/\/www.britishschoolbarcelona.com\/wp-content\/uploads\/sites\/76\/2024\/06\/bsb-web-imagen-destacada.jpg","type":"image\/jpeg"}],"twitter_card":"summary_large_image","twitter_site":"@BSB_Barcelona","twitter_misc":{"Est. reading time":"1 minute"},"schema":{"@context":"https:\/\/schema.org","@graph":[{"@type":"WebPage","@id":"https:\/\/www.britishschoolbarcelona.com\/ca\/la-nostra-experiencia-educativa\/","url":"https:\/\/www.britishschoolbarcelona.com\/ca\/la-nostra-experiencia-educativa\/","name":"La Nostra Experi\u00e8ncia Educativa - BSB","isPartOf":{"@id":"https:\/\/www.britishschoolbarcelona.com\/ca\/#website"},"datePublished":"2021-09-15T13:17:56+00:00","dateModified":"2024-09-30T11:16:15+00:00","description":"A BSB oferim una experi\u00e8ncia educativa \u00fanica. Creem un itinerari personalitzat per a cadascun dels nostres estudiants des dels primers anys de col\u00b7legi.","breadcrumb":{"@id":"https:\/\/www.britishschoolbarcelona.com\/ca\/la-nostra-experiencia-educativa\/#breadcrumb"},"inLanguage":"ca","potentialAction":[{"@type":"ReadAction","target":["https:\/\/www.britishschoolbarcelona.com\/ca\/la-nostra-experiencia-educativa\/"]}]},{"@type":"BreadcrumbList","@id":"https:\/\/www.britishschoolbarcelona.com\/ca\/la-nostra-experiencia-educativa\/#breadcrumb","itemListElement":[{"@type":"ListItem","position":1,"name":"Home","item":"https:\/\/www.britishschoolbarcelona.com\/ca\/"},{"@type":"ListItem","position":2,"name":"La Nostra Experi\u00e8ncia Educativa"}]},{"@type":"WebSite","@id":"https:\/\/www.britishschoolbarcelona.com\/ca\/#website","url":"https:\/\/www.britishschoolbarcelona.com\/ca\/","name":"British School of Barcelona","description":"ºÚÁÏÍø is a private international school in Barcelona, Spain. We deliver the British curriculum &amp; IB. Visit us!","publisher":{"@id":"https:\/\/www.britishschoolbarcelona.com\/ca\/#organization"},"alternateName":"BSB","potentialAction":[{"@type":"SearchAction","target":{"@type":"EntryPoint","urlTemplate":"https:\/\/www.britishschoolbarcelona.com\/ca\/?s={search_term_string}"},"query-input":{"@type":"PropertyValueSpecification","valueRequired":true,"valueName":"search_term_string"}}],"inLanguage":"ca"},{"@type":"Organization","@id":"https:\/\/www.britishschoolbarcelona.com\/ca\/#organization","name":"ºÚÁÏÍø","alternateName":"BSB","url":"https:\/\/www.britishschoolbarcelona.com\/ca\/","logo":{"@type":"ImageObject","inLanguage":"ca","@id":"https:\/\/www.britishschoolbarcelona.com\/ca\/#\/schema\/logo\/image\/","url":"https:\/\/www.britishschoolbarcelona.com\/wp-content\/uploads\/sites\/76\/2023\/01\/BSB-logo.png","contentUrl":"https:\/\/www.britishschoolbarcelona.com\/wp-content\/uploads\/sites\/76\/2023\/01\/BSB-logo.png","width":1920,"height":1357,"caption":"ºÚÁÏÍø"},"image":{"@id":"https:\/\/www.britishschoolbarcelona.com\/ca\/#\/schema\/logo\/image\/"},"sameAs":["https:\/\/www.facebook.com\/britishschoolbarcelonacastelldefels\/","https:\/\/x.com\/BSB_Barcelona","https:\/\/www.instagram.com\/britishschoolbarcelona\/","https:\/\/www.youtube.com\/channel\/UC-Cc996mIB8CwmapwNYQKvg","https:\/\/es.linkedin.com\/school\/british-school-of-barcelona\/"]}]}},"jetpack_sharing_enabled":true,"_links":{"self":[{"href":"https:\/\/www.britishschoolbarcelona.com\/ca\/wp-json\/wp\/v2\/pages\/24400","targetHints":{"allow":["GET"]}}],"collection":[{"href":"https:\/\/www.britishschoolbarcelona.com\/ca\/wp-json\/wp\/v2\/pages"}],"about":[{"href":"https:\/\/www.britishschoolbarcelona.com\/ca\/wp-json\/wp\/v2\/types\/page"}],"author":[{"embeddable":true,"href":"https:\/\/www.britishschoolbarcelona.com\/ca\/wp-json\/wp\/v2\/users\/390"}],"replies":[{"embeddable":true,"href":"https:\/\/www.britishschoolbarcelona.com\/ca\/wp-json\/wp\/v2\/comments?post=24400"}],"version-history":[{"count":16,"href":"https:\/\/www.britishschoolbarcelona.com\/ca\/wp-json\/wp\/v2\/pages\/24400\/revisions"}],"predecessor-version":[{"id":71407,"href":"https:\/\/www.britishschoolbarcelona.com\/ca\/wp-json\/wp\/v2\/pages\/24400\/revisions\/71407"}],"wp:attachment":[{"href":"https:\/\/www.britishschoolbarcelona.com\/ca\/wp-json\/wp\/v2\/media?parent=24400"}],"curies":[{"name":"wp","href":"https:\/\/api.w.org\/{rel}","templated":true}]}}