  
     {"id":24415,"date":"2023-01-30T14:51:56","date_gmt":"2023-01-30T13:51:56","guid":{"rendered":"https:\/\/www.britishschoolbarcelona.com\/cognita-connect-app-para-familias\/"},"modified":"2023-03-06T06:15:52","modified_gmt":"2023-03-06T05:15:52","slug":"cognita-connect-app","status":"publish","type":"page","link":"https:\/\/www.britishschoolbarcelona.com\/ca\/cognita-connect-app\/","title":{"rendered":"Cognita Connect App"},"content":{"rendered":"<div class=\"wpb-content-wrapper\"><p>[vc_row][vc_column]<section  class=\"bg-video-wrap hero section hero--centertext  small-header \" style='background: url(https:\/\/www.britishschoolbarcelona.com\/wp-content\/uploads\/sites\/76\/2023\/01\/SH_9983-1.jpg) center ;background-size:cover ;'>\n                <div class=\"bg-overlay\" style='background:#000000;opacity:0.4;'><\/div>\n                <div class=\"overlay\" >\n                  <div class=\"container-fluid\">\n                    <div class=\"row\">\n                      <div class=\"col-md-12 col-lg-12\">\n\n                        <div class=\"caption text-start\"><div class=\"component sub-heading\" >\n                              <h1 class=\"display-h1\">Cognita Connect App<\/h1>\n                            <\/div><\/div>\n                      <\/div>\n                    <\/div>\n                  <\/div>\n                <\/div>\n              <\/section><div class='row  m-x-0 breadcrumb-wrap ' style=''><div class='container-fluid' >\n                <nav aria-label='breadcrumb'><ol class=\"breadcrumb mt-3\">\n                  <li class=\"breadcrumb-item\"><a href=\"https:\/\/www.britishschoolbarcelona.com\/ca\/\">Home<\/a><\/li>\n                  <li class=\"breadcrumb-item active\" aria-current=\"page\">Cognita Connect App<\/li>\n                <\/ol>\n              <\/nav>\n              <\/div>\n            <\/div>[\/vc_column][\/vc_row][vc_row][vc_column]\n            <div class=\"wrapper\">\n    <section  style='' class=\"section    container-width    \" ><div class=\"container-fluid\"><div class=\"row    \"><div class=\" col-lg-6 col-md-6      \" ><div class=\"component mb-1 mt-0  radius-bottom-LR \" style='px'><div class=\"sub-heading component\"><h2  class=\"h6  \">Establim vincles estrets amb les fam\u00edlies<\/h2><\/div>\n                        <div class=\"sub-heading component \">\n                        <p class=\"body-medium\">A 黑料网 creiem que \u00e9s fonamental mantenir un canal de comunicaci\u00f3 clar, puntual i fiable entre l\u2019escola i les fam\u00edlies per tal d\u2019establir vincles fruct\u00edfers i aix\u00ed afavorir el rendiment de l\u2019alumnat.<br \/>\n<br \/>\nA m\u00e9s de les reunions en persona i els esdeveniments oberts al p\u00fablic, tenim diverses eines per comunicar-nos amb les fam\u00edlies amb regularitat.<\/p>\n                        <\/div><\/div><\/div>\n                    <div class=\"col-lg-6 col-md-6    \"><div class=\"component single-img \"><div class=\"ratio ratio-16x9 callout-img halfcol--img image_overlay_2793\" style=\"background-image: url(https:\/\/www.britishschoolbarcelona.com\/wp-content\/uploads\/sites\/76\/2023\/01\/SH_9509-1.jpg);\"><\/div><\/div> <\/div>\n             <\/div>\n        <\/div>\n<\/section>\n            <\/div>[\/vc_column][\/vc_row][vc_row css=&#8221;.vc_custom_1676408008845{background-image: url(https:\/\/www.britishschoolbarcelona.com\/wp-content\/uploads\/sites\/76\/2023\/02\/Blue-pattern-test1.png?id=21810) !important;background-position: center !important;background-repeat: no-repeat !important;background-size: cover !important;}&#8221;][vc_column]<section  style='' class=\"section    pb-0  white-section\"><div class=\"container-fluid\"><div class=\"row m-0 align-items-center centerText \" >\n                        <div class=\"col-sm-12 col-md-10 col-lg-9 mx-auto\"><div class=\"sub-heading component\">\n                                        <h2 class=\"h5\">Una experi\u00e8ncia enriquidora per a les fam\u00edlies<\/h2>\n                                    <\/div><div class=\"sub-heading component\"><p>La principal eina de comunicaci\u00f3 amb les fam\u00edlies \u00e9s Cognita Connect. Es tracta d\u2019una aplicaci\u00f3 i portal web segur on trobar\u00e0s tot el necessari per estar al dia sobre l\u2019educaci\u00f3 i les activitats dels teus fills i les teves filles, tot en un \u00fanic punt d\u2019acc\u00e9s amb not\u00edcies i informaci\u00f3 personalitzades.<\/p>\n<\/div><style>\n                        .flex-button {\n                        margin-top: 25px;\n                    } \n                        \n                    @media (max-width: 767px){\n                     .flex-button {\n                      display: block;\n                      margin-left: 0;\n                    }\n                    .flex-button .text-center{\n                     text-align: left !important;\n                    }\n                    }\n\n\n                        <\/style><\/div><\/div><\/section><section  class=\"section    white-section  pt-0\" style='margin-top:30px;'><div class=\"container-fluid \"><div class=\"row m-x-0\"><div class=\"col-lg-12\">   <\/div>\n                <\/div><div class=\"row m-x-0 justify-content-between\">\n                    <div class=\"col-xl-6 col-lg-6 col-md-6\"><div class=\"component IconWithText-list\">\n                        <div class=\"card\"><div class=\"card-header section--blue-card\">\n                                <div class=\"sub-heading component mb-0\">\n                                    <div class=\"body-large-bold\">Principals Beneficis:<\/div>\n                                <\/div>\n                          <\/div><div class=\"card-body section--white\">\n                            <div class=\"component list list--IconWithText-list bordered--icon blue-icon\">\n                                <ul><li><div class=\"component icon\"><i class=\"fas fa-hands\"><\/i><\/div><div class=\"component link\"> <div class=\"body-small-bold p-0\">Punt \u00fanic d\u2019interacci\u00f3 entre l\u2019escola i les fam\u00edlies.<\/div><\/div><\/li> <li><div class=\"component icon\"><i class=\"fas fa-user-friends\"><\/i><\/div><div class=\"component link\"> <div class=\"body-small-bold p-0\">Una eina intu\u00eftiva amb una interf\u00edcie molt accessible.<\/div><\/div><\/li> <li><div class=\"component icon\"><i class=\"fas fa-history\"><\/i><\/div><div class=\"component link\"> <div class=\"body-small-bold p-0\">Informaci\u00f3 disponible les vint-i-quatre hores.<\/div><\/div><\/li> <li><div class=\"component icon\"><i class=\"fas fa-comment-dots\"><\/i><\/div><div class=\"component link\"> <div class=\"body-small-bold p-0\">Comunicaci\u00f3 personalitzada.<\/div><\/div><\/li> <li><div class=\"component icon\"><i class=\"fas fa-tv\"><\/i><\/div><div class=\"component link\"> <div class=\"body-small-bold p-0\">Una plataforma segura per comunicar-te en privat amb l\u2019escola.<\/div><\/div><\/li> <li><div class=\"component icon\"><i class=\"fas fa-tablet\"><\/i><\/div><div class=\"component link\"> <div class=\"body-small-bold p-0\">Accessible des de m\u00f2bil, tauleta o ordinador per ajustar-se a les prefer\u00e8ncies de cada fam\u00edlia.<\/div><\/div><\/li> <\/ul>\n                            <\/div>\n                        <\/div>           <\/div>\n                <\/div><div class=\"component link\"><\/div>    <\/div><div class=\"col-lg-6 col-md-6\"><div class=\"component IconWithText-list\">\n                            <div class=\"card\">               <div class=\"card-header section--blue-card\" >\n                                    <div class=\"sub-heading component mb-0\">\n                                        <p class=\"body-large-bold\">Aspectes clau:<\/p>\n                                    <\/div>\n                                <\/div>               <div class=\"card-body section--white\">\n                                    <div class=\"component list list--IconWithText-list bordered--icon blue-icon\">\n                                        <ul>                           <li><div class=\"component icon\"><i class=\"fas fa-rss-square\"><\/i><\/div><div class=\"component link\"> <p class=\"body-small-bold p-0\">Panell de Not\u00edcies personalitzat amb informaci\u00f3 rellevant per a les fam\u00edlies.<\/p> <\/div> <\/li>                            <li><div class=\"component icon\"><i class=\"fas fa-calendar-check\"><\/i><\/div><div class=\"component link\"> <p class=\"body-small-bold p-0\">Calendari intel\u00b7ligent per estar al corrent de dates i esdeveniments importants.<\/p> <\/div> <\/li>                            <li><div class=\"component icon\"><i class=\"fas fa-envelope-open\"><\/i><\/div><div class=\"component link\"> <p class=\"body-small-bold p-0\">Acc\u00e9s a cartes i signatura d\u2019autoritzacions per a viatges i visites educatives.<\/p> <\/div> <\/li>                            <li><div class=\"component icon\"><i class=\"fas fa-calendar-alt\"><\/i><\/div><div class=\"component link\"> <p class=\"body-small-bold p-0\">Informaci\u00f3 sobre l\u2019horari de cada estudiant.<\/p> <\/div> <\/li>                            <li><div class=\"component icon\"><i class=\"fas fa-file\"><\/i><\/div><div class=\"component link\"> <p class=\"body-small-bold p-0\">Acc\u00e9s a documents escolars en \u00abEl Hub\u00bb.<\/p> <\/div> <\/li>                            <li><div class=\"component icon\"><i class=\"fas fa-comments\"><\/i><\/div><div class=\"component link\"> <p class=\"body-small-bold p-0\">Contacte directe entre l\u2019escola i les fam\u00edlies a trav\u00e9s del centre de Missatges.<\/p> <\/div> <\/li>                        <\/ul>\n                                    <\/div>\n                                <\/div>           <\/div>\n\n                        <\/div><\/div><\/div>  <div class=\"row m-0 justify-content-between\">\n            <div class=\"col-xl-12 col-lg-12 col-md-12 mt-3\">   <\/div>\n        <\/div><\/div><\/section>[\/vc_column][\/vc_row][vc_row][vc_column]\n            <div class=\"wrapper\">\n<section   style='margin-top:-10px;' class=\"section   container-width     \" ><div class=\"container-fluid\"><div class=\"row m-0 centerText\">\n                <div class=\"col-sm-12 col-md-10 col-lg-9 mx-auto\"><div class=\"sub-heading component\">\n                               <div class=\"h5\">Com comen\u00e7ar<\/div>\n                           <\/div><\/div>\n        <\/div><div class=\"row m-0 pt-3 pt-md-5 pb-5 pb-md-0\"><div class=\"left-width-video-v col-md-5 col-lg-4 ps-auto pe-md-0 mb-0\"><div class=\"video-content-sec h-100 section--white topbottom-content\" >\n                    <div class=\"sub-heading component\">\n                    <p class=\"p\">Quan el teu fill \/ la teva filla s\u2019uneixi a BSB, rebr\u00e0s un codi de registre \u00fanic per inscriure\u2019t en Cognita Connect.<br \/>\n<br \/>\nUn cop que t\u2019hagis enregistrat, nom\u00e9s haur\u00e0s de comen\u00e7ar a navegar per l\u2019aplicaci\u00f3 i no trigar\u00e0s a familiaritzar-te amb la interf\u00edcie: \u00e9s molt accessible.<br \/>\n<br \/>\n<b>Per no perdre\u2019t mai cap comunicat, usa Cognita Connect!<\/b><\/p>\n                    <\/div> <\/div><\/div><div class=\"full-width-video-v col-md-7 col-lg-8 pe-auto ps-md-0 mt-0\"><div class=\"callout--video center--content \"><div class=\"ratio  callout--video center--content\" style=\"background-image: url(https:\/\/www.britishschoolbarcelona.com\/wp-content\/uploads\/sites\/76\/2023\/01\/Screenshot-494-e1675088662823.png);\"><div class=\"img-overlay \">\n                        <div class=\"component main-icon\" data-bs-toggle=\"modal\" data-bs-target=\"#video-modal8980\">\n                            <i class=\"fa fa-play fa-2x icon--border\"><\/i>\n                        <\/div>\n                    <\/div><\/div><\/div><\/div><\/div><\/div><\/section>\n            <\/div><div class=\"modal fade booking-modal extra--padding _video_modal\" id=\"video-modal8980\" data-bs-backdrop=\"static\" data-bs-keyboard=\"false\" tabindex=\"-1\" aria-labelledby=\"staticBackdropLabel\" aria-hidden=\"true\">\n\t\t\t<div class=\"modal-dialog\">\n\t\t\t  <div class=\"modal-content bg-light\">\n\t\t\t\t<div class=\"modal-body padding-bottom\">\n\t\t\t\t\t<button type=\"button\" class=\"btn-close\" data-bs-dismiss=\"modal\" aria-label=\"Close\"><i class=\"fa fa-times\"><\/i><\/button>\n\t\t\t\t\t<iframe height=\"450\" width=\"100%\" id=\"video-1\"\n\t\t\t\t\tsrc=\"https:\/\/www.youtube.com\/embed\/Z6tDfKAQlRE?enablejsapi=1&version=3&showinfo=0&modestbranding=1\">\n\t\t\t\t <\/iframe>\n\t\t\t\t<\/div>\n\t\t\t  <\/div>\n\t\t\t<\/div>\n\t\t  <\/div>[\/vc_column][\/vc_row][vc_row][vc_column]<section class=\"section section--blue bottom-step TopBottomBorder   \" style=\"background-image: url('https:\/\/www.britishschoolbarcelona.com\/wp-content\/uploads\/sites\/76\/2023\/01\/SH_9448-e1676408372407.jpg');;;\"><style>.bottom-step.section--blue:before {background: rgba(0,0,0,0.4);}<\/style><div class=\"container-fluid\"><div class=\"row\"><div class=\"col-sm-12\"><div class=\"component title\"><p class=\"body-small\">Propers Passos<\/p><\/div><\/div><\/div><div class=\"row\"><div class=\"col-md-4\"><div class=\"component linkcard \">\n                                <a class=\"card card--bordered\" href=\"\/ca\/portes-obertes-i-visites\/\">\n                                    <div class=\"card-body d-flex align-items-center\">\n                                    <div> <div class=\"component link\">\n                                            <div  class=\"btn btn-link simple-link h5\">Portes Obertes i Visites<\/div>\n                                        <\/div><\/div><\/div><\/a><\/div><\/div><div class=\"col-md-4\"><div class=\"component linkcard \">\n                                <a class=\"card card--bordered\" href=\"\/ca\/installacions-i-ubicacio\/\">\n                                    <div class=\"card-body d-flex align-items-center\">\n                                    <div> <div class=\"component link\">\n                                            <div  class=\"btn btn-link simple-link h5\">Instal\u00b7lacions i Ubicaci\u00f3n<\/div>\n                                        <\/div><\/div><\/div><\/a><\/div><\/div><div class=\"col-md-4\"><div class=\"component linkcard \">\n                                <a class=\"card card--bordered\" href=\"\/ca\/excelencia-academica\/\">\n                                    <div class=\"card-body d-flex align-items-center\">\n                                    <div> <div class=\"component link\">\n                                            <div  class=\"btn btn-link simple-link h5\">Excel\u00b7l\u00e8ncia Acad\u00e8mica<\/div>\n                                        <\/div><\/div><\/div><\/a><\/div><\/div><\/div><\/section>[\/vc_column][\/vc_row]<\/p>\n<\/div>","protected":false},"excerpt":{"rendered":"<p>[vc_row][vc_column][\/vc_column][\/vc_row][vc_row][vc_column][\/vc_column][\/vc_row][vc_row css=&#8221;.vc_custom_1676408008845{background-image: url(https:\/\/www.britishschoolbarcelona.com\/wp-content\/uploads\/sites\/76\/2023\/02\/Blue-pattern-test1.png?id=21810) !important;background-position: center !important;background-repeat: no-repeat !important;background-size: cover !important;}&#8221;][vc_column][\/vc_column][\/vc_row][vc_row][vc_column][\/vc_column][\/vc_row][vc_row][vc_column][\/vc_column][\/vc_row]<\/p>\n","protected":false},"author":441,"featured_media":0,"parent":0,"menu_order":0,"comment_status":"closed","ping_status":"closed","template":"","meta":{"_acf_changed":false,"footnotes":""},"class_list":["post-24415","page","type-page","status-publish","hentry"],"acf":[],"yoast_head":"<!-- This site is optimized with the Yoast SEO plugin v26.5 - https:\/\/yoast.com\/wordpress\/plugins\/seo\/ -->\n<title>Cognita Connect App - 黑料网<\/title>\n<meta name=\"description\" content=\"Establim una comunicaci\u00f3 fluida amb les nostres fam\u00edlies a trav\u00e9s de la nostra app del col\u00b7legi Cognita Connect.\" \/>\n<meta name=\"robots\" content=\"index, follow, max-snippet:-1, max-image-preview:large, max-video-preview:-1\" \/>\n<link rel=\"canonical\" href=\"https:\/\/www.britishschoolbarcelona.com\/ca\/cognita-connect-app\/\" \/>\n<meta property=\"og:locale\" content=\"ca_ES\" \/>\n<meta property=\"og:type\" content=\"article\" \/>\n<meta property=\"og:title\" content=\"Cognita Connect App - 黑料网\" \/>\n<meta property=\"og:description\" content=\"Establim una comunicaci\u00f3 fluida amb les nostres fam\u00edlies a trav\u00e9s de la nostra app del col\u00b7legi Cognita Connect.\" \/>\n<meta property=\"og:url\" content=\"https:\/\/www.britishschoolbarcelona.com\/ca\/cognita-connect-app\/\" \/>\n<meta property=\"og:site_name\" content=\"British School of Barcelona\" \/>\n<meta property=\"article:publisher\" content=\"https:\/\/www.facebook.com\/britishschoolbarcelonacastelldefels\/\" \/>\n<meta property=\"article:modified_time\" content=\"2023-03-06T05:15:52+00:00\" \/>\n<meta property=\"og:image\" content=\"https:\/\/www.britishschoolbarcelona.com\/wp-content\/uploads\/sites\/76\/2024\/06\/bsb-web-imagen-destacada.jpg\" \/>\n\t<meta property=\"og:image:width\" content=\"1200\" \/>\n\t<meta property=\"og:image:height\" content=\"675\" \/>\n\t<meta property=\"og:image:type\" content=\"image\/jpeg\" \/>\n<meta name=\"twitter:card\" content=\"summary_large_image\" \/>\n<meta name=\"twitter:site\" content=\"@BSB_Barcelona\" \/>\n<meta name=\"twitter:label1\" content=\"Est. reading time\" \/>\n\t<meta name=\"twitter:data1\" content=\"1 minute\" \/>\n<!-- \/ Yoast SEO plugin. -->","yoast_head_json":{"title":"Cognita Connect App - 黑料网","description":"Establim una comunicaci\u00f3 fluida amb les nostres fam\u00edlies a trav\u00e9s de la nostra app del col\u00b7legi Cognita Connect.","robots":{"index":"index","follow":"follow","max-snippet":"max-snippet:-1","max-image-preview":"max-image-preview:large","max-video-preview":"max-video-preview:-1"},"canonical":"https:\/\/www.britishschoolbarcelona.com\/ca\/cognita-connect-app\/","og_locale":"ca_ES","og_type":"article","og_title":"Cognita Connect App - 黑料网","og_description":"Establim una comunicaci\u00f3 fluida amb les nostres fam\u00edlies a trav\u00e9s de la nostra app del col\u00b7legi Cognita Connect.","og_url":"https:\/\/www.britishschoolbarcelona.com\/ca\/cognita-connect-app\/","og_site_name":"British School of Barcelona","article_publisher":"https:\/\/www.facebook.com\/britishschoolbarcelonacastelldefels\/","article_modified_time":"2023-03-06T05:15:52+00:00","og_image":[{"width":1200,"height":675,"url":"https:\/\/www.britishschoolbarcelona.com\/wp-content\/uploads\/sites\/76\/2024\/06\/bsb-web-imagen-destacada.jpg","type":"image\/jpeg"}],"twitter_card":"summary_large_image","twitter_site":"@BSB_Barcelona","twitter_misc":{"Est. reading time":"1 minute"},"schema":{"@context":"https:\/\/schema.org","@graph":[{"@type":"WebPage","@id":"https:\/\/www.britishschoolbarcelona.com\/ca\/cognita-connect-app\/","url":"https:\/\/www.britishschoolbarcelona.com\/ca\/cognita-connect-app\/","name":"Cognita Connect App - 黑料网","isPartOf":{"@id":"https:\/\/www.britishschoolbarcelona.com\/ca\/#website"},"datePublished":"2023-01-30T13:51:56+00:00","dateModified":"2023-03-06T05:15:52+00:00","description":"Establim una comunicaci\u00f3 fluida amb les nostres fam\u00edlies a trav\u00e9s de la nostra app del col\u00b7legi Cognita Connect.","breadcrumb":{"@id":"https:\/\/www.britishschoolbarcelona.com\/ca\/cognita-connect-app\/#breadcrumb"},"inLanguage":"ca","potentialAction":[{"@type":"ReadAction","target":["https:\/\/www.britishschoolbarcelona.com\/ca\/cognita-connect-app\/"]}]},{"@type":"BreadcrumbList","@id":"https:\/\/www.britishschoolbarcelona.com\/ca\/cognita-connect-app\/#breadcrumb","itemListElement":[{"@type":"ListItem","position":1,"name":"Home","item":"https:\/\/www.britishschoolbarcelona.com\/ca\/"},{"@type":"ListItem","position":2,"name":"Cognita Connect App"}]},{"@type":"WebSite","@id":"https:\/\/www.britishschoolbarcelona.com\/ca\/#website","url":"https:\/\/www.britishschoolbarcelona.com\/ca\/","name":"British School of Barcelona","description":"黑料网 is a private international school in Barcelona, Spain. We deliver the British curriculum &amp; IB. Visit us!","publisher":{"@id":"https:\/\/www.britishschoolbarcelona.com\/ca\/#organization"},"alternateName":"BSB","potentialAction":[{"@type":"SearchAction","target":{"@type":"EntryPoint","urlTemplate":"https:\/\/www.britishschoolbarcelona.com\/ca\/?s={search_term_string}"},"query-input":{"@type":"PropertyValueSpecification","valueRequired":true,"valueName":"search_term_string"}}],"inLanguage":"ca"},{"@type":"Organization","@id":"https:\/\/www.britishschoolbarcelona.com\/ca\/#organization","name":"黑料网","alternateName":"BSB","url":"https:\/\/www.britishschoolbarcelona.com\/ca\/","logo":{"@type":"ImageObject","inLanguage":"ca","@id":"https:\/\/www.britishschoolbarcelona.com\/ca\/#\/schema\/logo\/image\/","url":"https:\/\/www.britishschoolbarcelona.com\/wp-content\/uploads\/sites\/76\/2023\/01\/BSB-logo.png","contentUrl":"https:\/\/www.britishschoolbarcelona.com\/wp-content\/uploads\/sites\/76\/2023\/01\/BSB-logo.png","width":1920,"height":1357,"caption":"黑料网"},"image":{"@id":"https:\/\/www.britishschoolbarcelona.com\/ca\/#\/schema\/logo\/image\/"},"sameAs":["https:\/\/www.facebook.com\/britishschoolbarcelonacastelldefels\/","https:\/\/x.com\/BSB_Barcelona","https:\/\/www.instagram.com\/britishschoolbarcelona\/","https:\/\/www.youtube.com\/channel\/UC-Cc996mIB8CwmapwNYQKvg","https:\/\/es.linkedin.com\/school\/british-school-of-barcelona\/"]}]}},"jetpack_sharing_enabled":true,"_links":{"self":[{"href":"https:\/\/www.britishschoolbarcelona.com\/ca\/wp-json\/wp\/v2\/pages\/24415","targetHints":{"allow":["GET"]}}],"collection":[{"href":"https:\/\/www.britishschoolbarcelona.com\/ca\/wp-json\/wp\/v2\/pages"}],"about":[{"href":"https:\/\/www.britishschoolbarcelona.com\/ca\/wp-json\/wp\/v2\/types\/page"}],"author":[{"embeddable":true,"href":"https:\/\/www.britishschoolbarcelona.com\/ca\/wp-json\/wp\/v2\/users\/441"}],"replies":[{"embeddable":true,"href":"https:\/\/www.britishschoolbarcelona.com\/ca\/wp-json\/wp\/v2\/comments?post=24415"}],"version-history":[{"count":8,"href":"https:\/\/www.britishschoolbarcelona.com\/ca\/wp-json\/wp\/v2\/pages\/24415\/revisions"}],"predecessor-version":[{"id":62480,"href":"https:\/\/www.britishschoolbarcelona.com\/ca\/wp-json\/wp\/v2\/pages\/24415\/revisions\/62480"}],"wp:attachment":[{"href":"https:\/\/www.britishschoolbarcelona.com\/ca\/wp-json\/wp\/v2\/media?parent=24415"}],"curies":[{"name":"wp","href":"https:\/\/api.w.org\/{rel}","templated":true}]}}