  
     {"id":24423,"date":"2021-10-18T13:08:00","date_gmt":"2021-10-18T11:08:00","guid":{"rendered":"https:\/\/www.britishschoolbarcelona.com\/trabaja\/"},"modified":"2025-09-26T11:55:23","modified_gmt":"2025-09-26T09:55:23","slug":"treballa-a-bsb","status":"publish","type":"page","link":"https:\/\/www.britishschoolbarcelona.com\/ca\/treballa-a-bsb\/","title":{"rendered":"Treballa a BSB"},"content":{"rendered":"<div class=\"wpb-content-wrapper\"><p>[vc_row][vc_column]<section  class=\"bg-video-wrap hero section hero--centertext   \" style='background: url(https:\/\/www.britishschoolbarcelona.com\/wp-content\/uploads\/sites\/76\/2023\/01\/SH_2452-1-e1676454480132.jpg) top ;background-size:cover ;'>\n                <div class=\"bg-overlay\" style='background:#000000;opacity:0.4;'><\/div>\n                <div class=\"overlay\" >\n                  <div class=\"container-fluid\">\n                    <div class=\"row\">\n                      <div class=\"col-md-12 col-lg-12\">\n\n                        <div class=\"caption text-start\"><div class=\"component sub-heading\" >\n                              <h1 class=\"display-h1\">Treballa a BSB<\/h1>\n                            <\/div><\/div>\n                      <\/div>\n                    <\/div>\n                  <\/div>\n                <\/div>\n              <\/section><div class='row  m-x-0 breadcrumb-wrap ' style=''><div class='container-fluid' >\n                <nav aria-label='breadcrumb'><ol class=\"breadcrumb mt-3\">\n                  <li class=\"breadcrumb-item\"><a href=\"https:\/\/www.britishschoolbarcelona.com\/ca\/\">Home<\/a><\/li>\n                  <li class=\"breadcrumb-item active\" aria-current=\"page\">Treballa a BSB<\/li>\n                <\/ol>\n              <\/nav>\n              <\/div>\n            <\/div>[\/vc_column][\/vc_row][vc_row][vc_column]\n            <div class=\"wrapper\">\n    <section  style='' class=\"section    container-width    \" ><div class=\"container-fluid\"><div class=\"row    \"><div class=\" col-lg-8 col-md-8      \" ><div class=\"component mb-1 mt-0  radius-bottom-LR \" style='px'><div class=\"sub-heading component\"><h2  class=\"h6  \">Uneix-te a l\u2019Equip de BSB<\/h2><\/div>\n                        <div class=\"sub-heading component \">\n                        <p class=\"body-medium\">Gr\u00e0cies pel teu inter\u00e8s per formar part de l\u2019equip de BSB. Per postular-te a llocs tant docents com no docents a 黑料网, \u200b\u200bfes <a href=\"https:\/\/cognitapeople.csod.com\/ux\/ats\/careersite\/1\/home?c=cognitapeople&country=ca\"><b>clic aqu\u00ed<\/b><\/a> per veure les vacants disponibles actualment.<br \/>\n<br \/>\nSi la teva candidatura no s\u2019adequa a cap dels llocs a la llista de Cognita Careers, no dubtis a enviar-nos el teu CV a <a href=\"mailto:jobs@bsb.edu.es\"><b>jobs@bsb.edu.es<\/b><\/a>.<\/b> A causa de l'alt nombre de sol\u00b7licituds \u00e9s possible posarem en contacte amb tu per a futures ofertes que s'adeq\u00fcin al teu perfil.<br \/>\n<br \/>\nLes escoles Cognita es comprometen a protegir i promoure el benestar dels nens, les nenes i els joves i s\u2019espera que tot el personal, voluntariat i terceres persones comparteixin aquesta visi\u00f3.<br \/>\n<br \/>\nAbans de confirmar qualsevol incorporaci\u00f3, posem en marxa pr\u00e0ctiques de contractaci\u00f3 segures i verifiquem els antecedents policials de cada aspirant. Verifiquem els antecedents tant a Espanya com en qualsevol pa\u00eds en el qual hagi viscut durant un per\u00edode de tres mesos o m\u00e9s en els \u00faltims deu anys.<\/p>\n                        <\/div><\/div><\/div>\n                    <div class=\"col-lg-4 col-md-4    \"><div class=\"component IconWithText-list\">\n                    <div class=\"card\"><div class=\"card-header section--blue\" style='background-color:#00247d;px'>\n                            <div class=\"sub-heading component mb-0\">\n                                <p class=\"body-medium\">Vegeu m\u00e9s:<\/p>\n                            <\/div>\n                        <\/div><div class=\"card-body section--white\">\n                            <div class=\"component list list--IconWithText-list bordered--icon blue-icon\">\n                                <ul><li><div class=\"component link\"><a href=\"#how-to-apply\" class=\" btn btn-link\">Com presentar la teva candidatura<\/a><\/div><\/li><li><div class=\"component link\"><a href=\"#about-us\" class=\" btn btn-link\">Sobre BSB<\/a><\/div><\/li><li><div class=\"component link\"><a href=\"#our-staff-members\" class=\" btn btn-link\">El nostre personal<\/a><\/div><\/li><li><div class=\"component link\"><a href=\"#current-vacancies\" class=\" btn btn-link\">Ofertes Actuals<\/a><\/div><\/li>              <\/ul>\n                            <\/div>\n                    <\/div>  <\/div>\n            <\/div> <\/div>\n             <\/div>\n        <\/div>\n<\/section>\n            <\/div>[\/vc_column][\/vc_row][vc_row][vc_column]<section  id=\"how-to-apply\"  style='background-color:#f2f2f2;' class=\"section  tertiary-color section--white   \"><div class=\"container-fluid\"><div class=\"row m-0 align-items-center centerText \" >\n                        <div class=\"col-sm-12 col-md-10 col-lg-9 mx-auto\"><div class=\"sub-heading component\">\n                                        <h2 class=\"h5\">Com presentar la teva candidatura<\/h2>\n                                    <\/div><div class=\"sub-heading component\"><p>Per tal de sol\u00b7licitar una vacant, fes clic al seg\u00fcent enlla\u00e7.<\/p>\n<\/div><div class=\"component link\"><a href=\"https:\/\/cognitapeople.csod.com\/ux\/ats\/careersite\/1\/home?c=cognitapeople&country=es\" class=\" btn btn-link\" target=\"_blank\">Vacants a Cognita Spain<\/a><\/div><div class=\"flex-button\"><\/div><style>\n                        .flex-button {\n                        margin-top: 25px;\n                    } \n                        \n                    @media (max-width: 767px){\n                     .flex-button {\n                      display: block;\n                      margin-left: 0;\n                    }\n                    .flex-button .text-center{\n                     text-align: left !important;\n                    }\n                    }\n\n\n                        <\/style><\/div><\/div><\/section>\n            <div class=\"wrapper\">\n    <section  id=\"about-us\"  style='' class=\"section    container-width    \" ><div class=\"container-fluid\"><div class=\"row    \"><div class=\" col-lg-6 col-md-6      \" ><div class=\"component mb-1 mt-0  radius-bottom-LR \" style='px'><div class=\"sub-heading component\"><h2  class=\"h6  \">Sobre BSB<\/h2><\/div>\n                        <div class=\"sub-heading component \">\n                        <p class=\"body-medium\">黑料网 \u00e9s una prestigiosa escola amb campus situats en ubacicions de primer nivell. Est\u00e0 acreditada com a una de les millors Escoles Brit\u00e0niques del m\u00f3n gr\u00e0cies a la inspecci\u00f3 com a Escola Brit\u00e0nica a l\u2019Estranger (British Schools Overseas o BSO, per les sigles angleses), on BSB va obtenir la classificaci\u00f3 d\u2019excel\u00b7lent en totes les categories.<br \/>\n<br \/>\nBSB \u00e9s una escola reconeguda i amb renom per a estudiants de tres a divuit anys. M\u00e9s de dos mil joves de m\u00e9s de setanta nacionalitats diferents hi assisteixen i tenim una plantilla de m\u00e9s de 300 profesionals. El nostre pla d\u2019estudis es basa en el Curr\u00edculum Nacional Angl\u00e8s i oferim les opcions de cursar GCSE, A Level i el Programa del Diploma de Batxillerat Internacional (IBDP) a m\u00e9s d\u2019un important programa d\u2019enriquiment.<\/p>\n                        <\/div><\/div><\/div>\n                    <div class=\"col-lg-6 col-md-6    \"><div class=\"component single-img \"><div class=\"ratio ratio-4x3 callout-img halfcol--img image_overlay_6345\" style=\"background-image: url(https:\/\/www.britishschoolbarcelona.com\/wp-content\/uploads\/sites\/76\/2023\/01\/SH_9914.jpg);\"><\/div><\/div> <\/div>\n             <\/div>\n        <\/div>\n<\/section>\n            <\/div>\n            <div class=\"wrapper\">\n    <section  style='' class=\"section    container-width pt-0   \" ><div class=\"container-fluid\"><div class=\"row    \"><div class=\" col-lg-6 col-md-6      \" ><div class=\"component link\"><div class=\"ratio ratio-4x3 callout-img halfcol--img image_overlay_4908\" style=\"background-image: url(https:\/\/www.britishschoolbarcelona.com\/wp-content\/uploads\/sites\/76\/2023\/01\/SH_5365-1-e1674810782326.jpg);\"><\/div><\/div><\/div>\n                    <div class=\"col-lg-6 col-md-6    \"><div class=\"component mb-1 mt-0  radius-bottom-LR \" style='px'>\n                        <div class=\"sub-heading component \">\n                        <p class=\"body-medium\">Barcelona \u00e9s una de les ciutats m\u00e9s vibrants i culturals del m\u00f3n. L\u2019escola est\u00e0 formada per quatre campus situats a l\u2019\u00e0rea de Barcelona. Els campus BSB City (Campus Luc\u00e0 i Campus Esperan\u00e7a) es troben al districte de Sarri\u00e0-Sant Gervasi de la ciutat comtal, mentre que BSB Castelldefels i BSB Sitges, als afores de la ciutat, estan a tocar de platges bell\u00edssimes i disposen d\u2019una connexi\u00f3 en transport p\u00fablic excel\u00b7lent.<br \/>\n<br \/>\nGr\u00e0cies a una inversi\u00f3 significativa, en els \u00faltims anys hem inaugurat un centre de Batxillerat (BSB Nexus), un Teatre, laboratoris de ci\u00e8ncies nous, un complet camp de rugbi i futbol amb superf\u00edcie 4G i l\u2019innovador BSB STEAM Centre, la nostra incorporaci\u00f3 m\u00e9s recent.<br \/>\n<br \/>\n<b>Si en vols m\u00e9s informaci\u00f3, et convidem a visitar la resta de la p\u00e0gina web.<\/b><\/p>\n                        <\/div><\/div> <\/div>\n             <\/div>\n        <\/div>\n<\/section>\n            <\/div>\n    <section  id=\"our-staff-members\"  style='background-color:#00247d;' class=\"section  secondary-color section--blue     \" ><div class=\"container-fluid\"><div class=\"row    \"><div class=\" col-lg-6 col-md-6      \" ><div class=\"component mb-1 mt-0  radius-bottom-LR \" style='px'><div class=\"sub-heading component\"><h2  class=\"h6  \">El nostre personal<\/h2><\/div>\n                        <div class=\"sub-heading component \">\n                        <p class=\"body-medium\">El nostre objectiu \u00e9s atraure el millor personal docent i auxiliar per tal de crear i mantenir la reputaci\u00f3 com a centre d\u2019ensenyament excel\u00b7lent.<br \/>\n<br \/>\nBusquem molt especialment docents capa\u00e7os de recon\u00e8ixer la diversitat de l\u2019alumnat, de basar el seu ensenyament en una perspectiva multicultural i d\u2019observar els m\u00e9s elevats est\u00e0ndards professionals.<br \/>\n<br \/>\nTots els llocs comporten salaris competitius, places a BSB per als fills \/ les filles i altres beneficis locals. Tamb\u00e9 oferim un programa de suport a l\u2019arribada per establir-se f\u00e0cilment a Barcelona.<\/p>\n                        <\/div><\/div><\/div>\n                    <div class=\"col-lg-6 col-md-6    \"><div class=\"component single-img \"><div class=\"ratio ratio-4x3 callout-img halfcol--img image_overlay_8925\" style=\"background-image: url(https:\/\/www.britishschoolbarcelona.com\/wp-content\/uploads\/sites\/76\/2023\/01\/SH_1992.jpg);\"><\/div><\/div> <\/div>\n             <\/div>\n        <\/div>\n<\/section>[\/vc_column][\/vc_row][vc_row][vc_column]<section class=\"section section--blue bottom-step TopBottomBorder   \" style=\"background-image: url('https:\/\/www.britishschoolbarcelona.com\/wp-content\/uploads\/sites\/76\/2023\/01\/SH_7494-e1676455447957.jpg');;;\"><style>.bottom-step.section--blue:before {background: rgba(0,0,0,0.4);}<\/style><div class=\"container-fluid\"><div class=\"row\"><div class=\"col-sm-12\"><div class=\"component title\"><p class=\"body-small\">Propers Passos<\/p><\/div><\/div><\/div><div class=\"row\"><div class=\"col-md-4\"><div class=\"component linkcard \">\n                                <a class=\"card card--bordered\" href=\"\/ca\/portes-obertes-i-visites\/\">\n                                    <div class=\"card-body d-flex align-items-center\">\n                                    <div> <div class=\"component link\">\n                                            <div  class=\"btn btn-link simple-link h5\">Portes Obertes i Visites<\/div>\n                                        <\/div><\/div><\/div><\/a><\/div><\/div><div class=\"col-md-4\"><div class=\"component linkcard \">\n                                <a class=\"card card--bordered\" href=\"\/ca\/installacions-i-ubicacio\/\">\n                                    <div class=\"card-body d-flex align-items-center\">\n                                    <div> <div class=\"component link\">\n                                            <div  class=\"btn btn-link simple-link h5\">Instal\u00b7lacions i Ubicaci\u00f3<\/div>\n                                        <\/div><\/div><\/div><\/a><\/div><\/div><div class=\"col-md-4\"><div class=\"component linkcard \">\n                                <a class=\"card card--bordered\" href=\"\/ca\/excelencia-academica\/\">\n                                    <div class=\"card-body d-flex align-items-center\">\n                                    <div> <div class=\"component link\">\n                                            <div  class=\"btn btn-link simple-link h5\">Excel\u00b7l\u00e8ncia Acad\u00e8mica<\/div>\n                                        <\/div><\/div><\/div><\/a><\/div><\/div><\/div><\/section>[\/vc_column][\/vc_row]<\/p>\n<\/div>","protected":false},"excerpt":{"rendered":"<p>[vc_row][vc_column][\/vc_column][\/vc_row][vc_row][vc_column][\/vc_column][\/vc_row][vc_row][vc_column][\/vc_column][\/vc_row][vc_row][vc_column][\/vc_column][\/vc_row]<\/p>\n","protected":false},"author":390,"featured_media":0,"parent":0,"menu_order":0,"comment_status":"closed","ping_status":"closed","template":"","meta":{"_acf_changed":false,"footnotes":""},"class_list":["post-24423","page","type-page","status-publish","hentry"],"acf":[],"yoast_head":"<!-- This site is optimized with the Yoast SEO plugin v26.5 - https:\/\/yoast.com\/wordpress\/plugins\/seo\/ -->\n<title>Vacants per formar part del nostre equip - BSB<\/title>\n<meta name=\"description\" content=\"Explora les oportunitats de treball que oferim a BSB i avan\u00e7a la teva carrera professional. Uneix-te al nostre equip de docents apassionats per l&#039;educaci\u00f3.\" \/>\n<meta name=\"robots\" content=\"index, follow, max-snippet:-1, max-image-preview:large, max-video-preview:-1\" \/>\n<link rel=\"canonical\" href=\"https:\/\/www.britishschoolbarcelona.com\/ca\/treballa-a-bsb\/\" \/>\n<meta property=\"og:locale\" content=\"ca_ES\" \/>\n<meta property=\"og:type\" content=\"article\" \/>\n<meta property=\"og:title\" content=\"Vacants per formar part del nostre equip - BSB\" \/>\n<meta property=\"og:description\" content=\"Explora les oportunitats de treball que oferim a BSB i avan\u00e7a la teva carrera professional. Uneix-te al nostre equip de docents apassionats per l&#039;educaci\u00f3.\" \/>\n<meta property=\"og:url\" content=\"https:\/\/www.britishschoolbarcelona.com\/ca\/treballa-a-bsb\/\" \/>\n<meta property=\"og:site_name\" content=\"British School of Barcelona\" \/>\n<meta property=\"article:publisher\" content=\"https:\/\/www.facebook.com\/britishschoolbarcelonacastelldefels\/\" \/>\n<meta property=\"article:modified_time\" content=\"2025-09-26T09:55:23+00:00\" \/>\n<meta property=\"og:image\" content=\"https:\/\/www.britishschoolbarcelona.com\/wp-content\/uploads\/sites\/76\/2024\/06\/bsb-web-imagen-destacada.jpg\" \/>\n\t<meta property=\"og:image:width\" content=\"1200\" \/>\n\t<meta property=\"og:image:height\" content=\"675\" \/>\n\t<meta property=\"og:image:type\" content=\"image\/jpeg\" \/>\n<meta name=\"twitter:card\" content=\"summary_large_image\" \/>\n<meta name=\"twitter:site\" content=\"@BSB_Barcelona\" \/>\n<meta name=\"twitter:label1\" content=\"Est. reading time\" \/>\n\t<meta name=\"twitter:data1\" content=\"1 minute\" \/>\n<!-- \/ Yoast SEO plugin. -->","yoast_head_json":{"title":"Vacants per formar part del nostre equip - BSB","description":"Explora les oportunitats de treball que oferim a BSB i avan\u00e7a la teva carrera professional. Uneix-te al nostre equip de docents apassionats per l'educaci\u00f3.","robots":{"index":"index","follow":"follow","max-snippet":"max-snippet:-1","max-image-preview":"max-image-preview:large","max-video-preview":"max-video-preview:-1"},"canonical":"https:\/\/www.britishschoolbarcelona.com\/ca\/treballa-a-bsb\/","og_locale":"ca_ES","og_type":"article","og_title":"Vacants per formar part del nostre equip - BSB","og_description":"Explora les oportunitats de treball que oferim a BSB i avan\u00e7a la teva carrera professional. Uneix-te al nostre equip de docents apassionats per l'educaci\u00f3.","og_url":"https:\/\/www.britishschoolbarcelona.com\/ca\/treballa-a-bsb\/","og_site_name":"British School of Barcelona","article_publisher":"https:\/\/www.facebook.com\/britishschoolbarcelonacastelldefels\/","article_modified_time":"2025-09-26T09:55:23+00:00","og_image":[{"width":1200,"height":675,"url":"https:\/\/www.britishschoolbarcelona.com\/wp-content\/uploads\/sites\/76\/2024\/06\/bsb-web-imagen-destacada.jpg","type":"image\/jpeg"}],"twitter_card":"summary_large_image","twitter_site":"@BSB_Barcelona","twitter_misc":{"Est. reading time":"1 minute"},"schema":{"@context":"https:\/\/schema.org","@graph":[{"@type":"WebPage","@id":"https:\/\/www.britishschoolbarcelona.com\/ca\/treballa-a-bsb\/","url":"https:\/\/www.britishschoolbarcelona.com\/ca\/treballa-a-bsb\/","name":"Vacants per formar part del nostre equip - BSB","isPartOf":{"@id":"https:\/\/www.britishschoolbarcelona.com\/ca\/#website"},"datePublished":"2021-10-18T11:08:00+00:00","dateModified":"2025-09-26T09:55:23+00:00","description":"Explora les oportunitats de treball que oferim a BSB i avan\u00e7a la teva carrera professional. Uneix-te al nostre equip de docents apassionats per l'educaci\u00f3.","breadcrumb":{"@id":"https:\/\/www.britishschoolbarcelona.com\/ca\/treballa-a-bsb\/#breadcrumb"},"inLanguage":"ca","potentialAction":[{"@type":"ReadAction","target":["https:\/\/www.britishschoolbarcelona.com\/ca\/treballa-a-bsb\/"]}]},{"@type":"BreadcrumbList","@id":"https:\/\/www.britishschoolbarcelona.com\/ca\/treballa-a-bsb\/#breadcrumb","itemListElement":[{"@type":"ListItem","position":1,"name":"Home","item":"https:\/\/www.britishschoolbarcelona.com\/ca\/"},{"@type":"ListItem","position":2,"name":"Treballa a BSB"}]},{"@type":"WebSite","@id":"https:\/\/www.britishschoolbarcelona.com\/ca\/#website","url":"https:\/\/www.britishschoolbarcelona.com\/ca\/","name":"British School of Barcelona","description":"黑料网 is a private international school in Barcelona, Spain. We deliver the British curriculum &amp; IB. Visit us!","publisher":{"@id":"https:\/\/www.britishschoolbarcelona.com\/ca\/#organization"},"alternateName":"BSB","potentialAction":[{"@type":"SearchAction","target":{"@type":"EntryPoint","urlTemplate":"https:\/\/www.britishschoolbarcelona.com\/ca\/?s={search_term_string}"},"query-input":{"@type":"PropertyValueSpecification","valueRequired":true,"valueName":"search_term_string"}}],"inLanguage":"ca"},{"@type":"Organization","@id":"https:\/\/www.britishschoolbarcelona.com\/ca\/#organization","name":"黑料网","alternateName":"BSB","url":"https:\/\/www.britishschoolbarcelona.com\/ca\/","logo":{"@type":"ImageObject","inLanguage":"ca","@id":"https:\/\/www.britishschoolbarcelona.com\/ca\/#\/schema\/logo\/image\/","url":"https:\/\/www.britishschoolbarcelona.com\/wp-content\/uploads\/sites\/76\/2023\/01\/BSB-logo.png","contentUrl":"https:\/\/www.britishschoolbarcelona.com\/wp-content\/uploads\/sites\/76\/2023\/01\/BSB-logo.png","width":1920,"height":1357,"caption":"黑料网"},"image":{"@id":"https:\/\/www.britishschoolbarcelona.com\/ca\/#\/schema\/logo\/image\/"},"sameAs":["https:\/\/www.facebook.com\/britishschoolbarcelonacastelldefels\/","https:\/\/x.com\/BSB_Barcelona","https:\/\/www.instagram.com\/britishschoolbarcelona\/","https:\/\/www.youtube.com\/channel\/UC-Cc996mIB8CwmapwNYQKvg","https:\/\/es.linkedin.com\/school\/british-school-of-barcelona\/"]}]}},"jetpack_sharing_enabled":true,"_links":{"self":[{"href":"https:\/\/www.britishschoolbarcelona.com\/ca\/wp-json\/wp\/v2\/pages\/24423","targetHints":{"allow":["GET"]}}],"collection":[{"href":"https:\/\/www.britishschoolbarcelona.com\/ca\/wp-json\/wp\/v2\/pages"}],"about":[{"href":"https:\/\/www.britishschoolbarcelona.com\/ca\/wp-json\/wp\/v2\/types\/page"}],"author":[{"embeddable":true,"href":"https:\/\/www.britishschoolbarcelona.com\/ca\/wp-json\/wp\/v2\/users\/390"}],"replies":[{"embeddable":true,"href":"https:\/\/www.britishschoolbarcelona.com\/ca\/wp-json\/wp\/v2\/comments?post=24423"}],"version-history":[{"count":75,"href":"https:\/\/www.britishschoolbarcelona.com\/ca\/wp-json\/wp\/v2\/pages\/24423\/revisions"}],"predecessor-version":[{"id":74948,"href":"https:\/\/www.britishschoolbarcelona.com\/ca\/wp-json\/wp\/v2\/pages\/24423\/revisions\/74948"}],"wp:attachment":[{"href":"https:\/\/www.britishschoolbarcelona.com\/ca\/wp-json\/wp\/v2\/media?parent=24423"}],"curies":[{"name":"wp","href":"https:\/\/api.w.org\/{rel}","templated":true}]}}