  
     {"id":24614,"date":"2021-10-12T12:09:41","date_gmt":"2021-10-12T10:09:41","guid":{"rendered":"https:\/\/www.britishschoolbarcelona.com\/informes-de-inspecciones\/"},"modified":"2025-03-10T12:09:50","modified_gmt":"2025-03-10T11:09:50","slug":"informe-dinspeccio","status":"publish","type":"page","link":"https:\/\/www.britishschoolbarcelona.com\/ca\/informe-dinspeccio\/","title":{"rendered":"Informe d&#8217;Inspecci\u00f3"},"content":{"rendered":"<div class=\"wpb-content-wrapper\"><p>[vc_row][vc_column]<section  class=\"bg-video-wrap hero section hero--centertext  small-header \" style='background: url(https:\/\/www.britishschoolbarcelona.com\/wp-content\/uploads\/sites\/76\/2023\/01\/SH_9811-e1675321621790.jpg) top ;background-size:cover ;'>\n                <div class=\"bg-overlay\" style='background:#000000;opacity:0.4;'><\/div>\n                <div class=\"overlay\" >\n                  <div class=\"container-fluid\">\n                    <div class=\"row\">\n                      <div class=\"col-md-12 col-lg-12\">\n\n                        <div class=\"caption text-start\"><div class=\"component sub-heading\" >\n                              <h1 class=\"display-h1\">Informe d\u2019Inspecci\u00f3<\/h1>\n                            <\/div><\/div>\n                      <\/div>\n                    <\/div>\n                  <\/div>\n                <\/div>\n              <\/section><div class='row  m-x-0 breadcrumb-wrap ' style=''><div class='container-fluid' >\n                <nav aria-label='breadcrumb'><ol class=\"breadcrumb mt-3\">\n                  <li class=\"breadcrumb-item\"><a href=\"https:\/\/www.britishschoolbarcelona.com\/ca\/\">Home<\/a><\/li>\n                  <li class=\"breadcrumb-item active\" aria-current=\"page\">Informe d&#8217;Inspecci\u00f3<\/li>\n                <\/ol>\n              <\/nav>\n              <\/div>\n            <\/div>[\/vc_column][\/vc_row][vc_row][vc_column]<div class=\"wrapper\"><section  class=\"section   container-width   pb-0\" style=''><div class=\"container-fluid \"><div class=\"row m-x-0\"><div class=\"col-lg-12\">        <div class=\"sub-heading component mt-0 mb-4\">\n                                                <h1 class=\"h6\">黑料网, l\u2019\u00fanica escola internacional de Barcelona qualificada<br \/>\ncom a 'excel\u00b7lent' per BSO<\/h1>\n                                            <\/div>   <\/div>\n                <\/div><div class=\"row m-x-0 justify-content-between\">\n                    <div class=\"col-xl-6 col-lg-6 col-md-6\"><div class=\"component link\"><\/div>    <\/div><div class=\"col-lg-6 col-md-6\"><\/div><\/div>  <div class=\"row m-0 justify-content-between\">\n            <div class=\"col-xl-12 col-lg-12 col-md-12 mt-3\">   <\/div>\n        <\/div><\/div><\/section><\/div>\n            <div class=\"wrapper\">\n    <section  style='' class=\"section    container-width pt-0   \" ><div class=\"container-fluid\"><div class=\"row    \"><div class=\" col-lg-6 col-md-6      \" ><div class=\"component link\"><div class=\"ratio ratio-16x9 callout-img halfcol--img image_overlay_7736\" style=\"background-image: url(https:\/\/www.britishschoolbarcelona.com\/wp-content\/uploads\/sites\/76\/2023\/01\/SH_1455.jpg);\"><\/div><\/div><\/div>\n                    <div class=\"col-lg-6 col-md-6    \"> <div class=\"component\"><div class=\"card border-0 section--blue\" style='background-color:#00247d'>\n                                         <div class=\"card-body\" ><div class=\"component mb-1 mt-0  radius-bottom-LR \" style='px'>\n                        <div class=\"sub-heading component \">\n                        <p class=\"body-medium\">\u00ab黑料网 ha demostrat que compleix tots els requisits d'una Escola Brit\u00e0nica a l'Estranger.\u00bb<br \/>\n<br \/>\n\u00ab黑料网 ofereix un est\u00e0ndard d'educaci\u00f3 molt alt, basat en relacions excel\u00b7lents en una comunitat escolar segura, molt compromesa i ben organitzada.\u00bb<br \/>\n<br \/>\n- Inspecci\u00f3 BSO 2024<\/p>\n                        <\/div><\/div>   <\/div>\n                                    <\/div>\n                                <\/div> <\/div>\n             <\/div>\n        <\/div>\n<\/section>\n            <\/div>[\/vc_column][\/vc_row][vc_row][vc_column]\n    <section  style='background-color:#f2f2f2;' class=\"section  tertiary-color section--white     \" ><div class=\"container-fluid\"><div class=\"row    \"><div class=\" col-lg-6 col-md-6      \" ><div class=\"component mb-1 mt-0  radius-bottom-LR \" style='px'><div class=\"sub-heading component\"><h2  class=\"h6  \">Inspecci\u00f3n BSO 2024<\/h2><\/div>\n                        <div class=\"sub-heading component \">\n                        <p class=\"body-medium\"><b>黑料网 mant\u00e9 el seu estatus com a \u00abExcel\u00b7lent en totes les categories\u00bb<\/b> que ja va rebre el 2021 despr\u00e9s de la inspecci\u00f3 que British Schools Overseas va fer de l'escola l'octubre de 2024. Es tracta del <b>m\u00e9s alt reconeixement que pot rebre una escola internacional<\/b> i som l'\u00fanica escola de Barcelona amb aquesta distinci\u00f3.<br \/>\n<br \/>\n<b>BSO constitueix l\u2019est\u00e0ndard m\u00e0xim de qualitat per a l\u2019educaci\u00f3 internacional brit\u00e0nica a tot el m\u00f3n i representa l\u2019\u00edndex de refer\u00e8ncia per a les millors escoles internacionals.<\/b> Es tracta d\u2019un esquema d\u2019inspecci\u00f3 voluntari que compara a les escoles brit\u00e0niques m\u00e9s prestigioses del m\u00f3n amb les escoles privades al Regne Unit sobre la base d\u2019un conjunt d\u2019est\u00e0ndards de qualitat.<\/p>\n                        <\/div><\/div><\/div>\n                    <div class=\"col-lg-6 col-md-6    \"><div class=\"component single-img \"><div class=\"ratio ratio-4x3 callout-img halfcol--img image_overlay_2404\" style=\"background-image: url(https:\/\/www.britishschoolbarcelona.com\/wp-content\/uploads\/sites\/76\/2023\/01\/SH_7140.jpg);\"><\/div><\/div> <\/div>\n             <\/div>\n        <\/div>\n<\/section><section  class=\"section      section--white\" style=\"\"\"><div class=\"container-fluid\">\n                                        <div class=\"row m-0\"><div class=\"col-md-12 col-lg-12 pe-auto mb-0 ratio ratio-16x9\">\n                                            <iframe v-title=\"3 minuts\" id=\"video-5395\" class=\"callout__iframe\" style=\"width:100%; max-width:100%; opacity:1; height:100%;\" src=\"https:\/\/www.youtube.com\/embed\/ohzxq4sgl5U?si=NknmzfhdZoI97-F9\" frameborder=\"0\" allowfullscreen allow=\"xr-spatial-tracking\" aria-label=\"3 minuts\"><\/iframe>\n                                               \n                                            <\/div>\n                                            <div class=\"col-md-12 col-lg-12 p-0\">\n                                            <figcaption>3 minuts<\/figcaption><\/div>\n                                        <\/div>\n                                    <\/div>\n                                <\/section>\n    <section  style='' class=\"section   section--white  pt-0 no-padding-list  \" ><div class=\"container-fluid\"><div class=\"row    \"><div class=\" col-lg-4 col-md-4      \" ><div class=\"component link\"><div class=\"ratio ratio-16x9 callout-img halfcol--img image_overlay_6656\" style=\"background-image: url(https:\/\/www.britishschoolbarcelona.com\/wp-content\/uploads\/sites\/76\/2023\/01\/SH_7060.jpg);\"><\/div><\/div><\/div>\n                    <div class=\"col-lg-8 col-md-8    \"><div class=\"component hash-list \" >\n                            <h5 class=\"h8\"><b>Com a resultat de la inspecci\u00f3, l'informe destaca moltes de les fortaleses de BSB, incloent-hi:<\/b><\/h5>\n                  <ul class=\"small-items pt-4\" ><li><p class=\"body-medium\">direcci\u00f3, lideratge i gesti\u00f3 de l'escola;<\/p><\/li><li><p class=\"body-medium\">personal lleial i altament qualificat;<\/p><\/li><li><p class=\"body-medium\">un curr\u00edculum s\u00f2lid, divers, integrador i innovador que satisf\u00e0 les necessitats de tot l'alumnat;<\/p><\/li><li><p class=\"body-medium\">el curr\u00edculum general i l'educaci\u00f3 integral;<\/p><\/li><li><p class=\"body-medium\">l'educaci\u00f3 i la seva avaluaci\u00f3;<\/p><\/li><li><p class=\"body-medium\">els resultats de l'aprenentatge i els nivells acad\u00e8mics;<\/p><\/li><li><p class=\"body-medium\">el progr\u00e9s de l'alumnat i el desenvolupament de les compet\u00e8ncies en angl\u00e8s;<\/p><\/li><li><p class=\"body-medium\">la inclusi\u00f3;<\/p><\/li><li><p class=\"body-medium\">el desenvolupament professional del personal acad\u00e8mic i administratiu;<\/p><\/li><li><p class=\"body-medium\">el desenvolupament espiritual, moral, social i cultural i la preparaci\u00f3 de l'alumnat per a les etapes seg\u00fcents de la seva vida;<\/p><\/li><li><p class=\"body-medium\">comportament exemplar de l'alumnat;<\/p><\/li><li><p class=\"body-medium\">excel\u00b7lents relacions amb la comunitat educativa;<\/p><\/li><li><p class=\"body-medium\">instal\u00b7lacions d'alta qualitat que nodreixen el curr\u00edculum i el benestar de l'alumnat;<\/p><\/li><li><p class=\"body-medium\">seguretat: cura i benestar de l'alumnat;<\/p><\/li><li><p class=\"body-medium\">\u00e0mplia gamma d'activitats extraescolars d'alta qualitat.<\/p><\/li>   <\/ul>\n                        <\/div> <\/div>\n             <\/div>\n        <\/div>\n<\/section><section  style='margin-top:-30px;' class=\"section   section--white pt-0 pb-0  \"><div class=\"container-fluid\"><div class=\"row m-0 align-items-center centerText \" >\n                        <div class=\"col-sm-12 col-md-10 col-lg-9 mx-auto\"><div class=\"sub-heading component\"><\/div><div class=\"component link\"><a href=\"https:\/\/www.britishschoolbarcelona.com\/wp-content\/uploads\/sites\/76\/2024\/12\/BSO-report-British-School-of-Barcelona-Spain-14.10.2024-final.pdf\" class=\" btn btn-primary btn-primary--border\" target=\"_blank\">Vegeu l\u2019informe complet de la Inspecci\u00f3 BSO de BSB<\/a><\/div><div class=\"flex-button\"><\/div><style>\n                        .flex-button {\n                        margin-top: 25px;\n                    } \n                        \n                    @media (max-width: 767px){\n                     .flex-button {\n                      display: block;\n                      margin-left: 0;\n                    }\n                    .flex-button .text-center{\n                     text-align: left !important;\n                    }\n                    }\n\n\n                        <\/style><\/div><\/div><\/section><section  style='margin-bottom:5px;' class=\"section   section--white pt-0  \"><div class=\"container-fluid\"><div class=\"row m-0 align-items-center centerText \" >\n                        <div class=\"col-sm-12 col-md-10 col-lg-9 mx-auto\"><div class=\"sub-heading component\"><\/div><div class=\"component link\"><a href=\"https:\/\/www.gov.uk\/government\/publications\/british-schools-overseas-inspection-reports\/british-schools-overseas-accredited-schools-inspection-reports\" class=\" btn btn-primary btn-primary--border\" target=\"_blank\">Vegeu BSB en la llista oficial d\u2019Escoles Brit\u00e0niques a l\u2019Estranger acreditades<\/a><\/div><div class=\"flex-button\"><\/div><style>\n                        .flex-button {\n                        margin-top: 25px;\n                    } \n                        \n                    @media (max-width: 767px){\n                     .flex-button {\n                      display: block;\n                      margin-left: 0;\n                    }\n                    .flex-button .text-center{\n                     text-align: left !important;\n                    }\n                    }\n\n\n                        <\/style><\/div><\/div><\/section>\n    <section  style='background-color:#f2f2f2;' class=\"section  tertiary-color section--white     \" ><div class=\"container-fluid\"><div class=\"row    \"><div class=\" col-lg-6 col-md-6      \" ><div class=\"component mb-1 mt-0  radius-bottom-LR \" style='px'><div class=\"sub-heading component\"><h2  class=\"h6  \">黑料网: Una escola de reconeixement internacional<\/h2><\/div>\n                        <div class=\"sub-heading component \">\n                        <p class=\"body-medium\">Sentim l\u2019orgull de poder oferir una educaci\u00f3 internacional, integral i de qualitat. L'escola \u00e9s reconeguda en termes de qualitat, innovaci\u00f3 i excel\u00b7l\u00e8ncia acad\u00e8mica per nombrosos organismes internacionals.<br><br \/>\nTamb\u00e9 formem part d'organitzacions de renom mundial. Aquesta \u00e9s una marca de bona direcci\u00f3 i uns alts est\u00e0ndards i \u00e8tica.<\/p>\n                        <\/div><\/div><div class=\"component link\"><a href=\"https:\/\/www.britishschoolbarcelona.com\/ca\/reconeixement-internacional\/\" class=\" btn btn-link\">Coneix m\u00e9s sobre les nostres acreditacions internacionals<\/a><\/div><\/div>\n                    <div class=\"col-lg-6 col-md-6    \"><div class=\"component single-img \"><div class=\"ratio ratio-16x9 callout-img halfcol--img image_overlay_6933\" style=\"background-image: url(https:\/\/www.britishschoolbarcelona.com\/wp-content\/uploads\/sites\/76\/2023\/01\/SH_3255-1-e1675318658766.jpg);\"><\/div><\/div> <\/div>\n             <\/div>\n        <\/div>\n<\/section>[\/vc_column][\/vc_row][vc_row][vc_column]<section class=\"section section--blue bottom-step TopBottomBorder   \" style=\"background-image: url('https:\/\/www.britishschoolbarcelona.com\/wp-content\/uploads\/sites\/76\/2023\/01\/SH_4881.jpg');;;\"><style>.bottom-step.section--blue:before {background: rgba(0,0,0,0.4);}<\/style><div class=\"container-fluid\"><div class=\"row\"><div class=\"col-sm-12\"><div class=\"component title\"><p class=\"body-small\">Propers Passos<\/p><\/div><\/div><\/div><div class=\"row\"><div class=\"col-md-4\"><div class=\"component linkcard \">\n                                <a class=\"card card--bordered\" href=\"\/ca\/portes-obertes-i-visites\/\">\n                                    <div class=\"card-body d-flex align-items-center\">\n                                    <div> <div class=\"component link\">\n                                            <div  class=\"btn btn-link simple-link h5\">Portes Obertes i Visites<\/div>\n                                        <\/div><\/div><\/div><\/a><\/div><\/div><div class=\"col-md-4\"><div class=\"component linkcard \">\n                                <a class=\"card card--bordered\" href=\"\/facilities-location\/\">\n                                    <div class=\"card-body d-flex align-items-center\">\n                                    <div> <div class=\"component link\">\n                                            <div  class=\"btn btn-link simple-link h5\">Instal\u00b7lacions i Ubicacio<\/div>\n                                        <\/div><\/div><\/div><\/a><\/div><\/div><div class=\"col-md-4\"><div class=\"component linkcard \">\n                                <a class=\"card card--bordered\" href=\"\/ca\/excelencia-academica\/\">\n                                    <div class=\"card-body d-flex align-items-center\">\n                                    <div> <div class=\"component link\">\n                                            <div  class=\"btn btn-link simple-link h5\">Excel\u00b7l\u00e8ncia Acad\u00e8mica<\/div>\n                                        <\/div><\/div><\/div><\/a><\/div><\/div><\/div><\/section>[\/vc_column][\/vc_row]<\/p>\n<\/div>","protected":false},"excerpt":{"rendered":"<p>[vc_row][vc_column][\/vc_column][\/vc_row][vc_row][vc_column][\/vc_column][\/vc_row][vc_row][vc_column][\/vc_column][\/vc_row][vc_row][vc_column][\/vc_column][\/vc_row]<\/p>\n","protected":false},"author":390,"featured_media":0,"parent":0,"menu_order":0,"comment_status":"closed","ping_status":"closed","template":"","meta":{"_acf_changed":false,"footnotes":""},"class_list":["post-24614","page","type-page","status-publish","hentry"],"acf":[],"yoast_head":"<!-- This site is optimized with the Yoast SEO plugin v26.5 - https:\/\/yoast.com\/wordpress\/plugins\/seo\/ -->\n<title>Informe d&#039;Inspecci\u00f3 - British School of Barcelona<\/title>\n<meta name=\"description\" content=\"Consulta l&#039;informe d\u00b4inspecci\u00f3 m\u00e9s recent de BSB i coneix de primera m\u00e0 els trets diferenciadors del nostre programa educatiu de qualitat.\" \/>\n<meta name=\"robots\" content=\"index, follow, max-snippet:-1, max-image-preview:large, max-video-preview:-1\" \/>\n<link rel=\"canonical\" href=\"https:\/\/www.britishschoolbarcelona.com\/ca\/informe-dinspeccio\/\" \/>\n<meta property=\"og:locale\" content=\"ca_ES\" \/>\n<meta property=\"og:type\" content=\"article\" \/>\n<meta property=\"og:title\" content=\"Informe d&#039;Inspecci\u00f3 - British School of Barcelona\" \/>\n<meta property=\"og:description\" content=\"Consulta l&#039;informe d\u00b4inspecci\u00f3 m\u00e9s recent de BSB i coneix de primera m\u00e0 els trets diferenciadors del nostre programa educatiu de qualitat.\" \/>\n<meta property=\"og:url\" content=\"https:\/\/www.britishschoolbarcelona.com\/ca\/informe-dinspeccio\/\" \/>\n<meta property=\"og:site_name\" content=\"British School of Barcelona\" \/>\n<meta property=\"article:publisher\" content=\"https:\/\/www.facebook.com\/britishschoolbarcelonacastelldefels\/\" \/>\n<meta property=\"article:modified_time\" content=\"2025-03-10T11:09:50+00:00\" \/>\n<meta property=\"og:image\" content=\"https:\/\/www.britishschoolbarcelona.com\/wp-content\/uploads\/sites\/76\/2024\/06\/bsb-web-imagen-destacada.jpg\" \/>\n\t<meta property=\"og:image:width\" content=\"1200\" \/>\n\t<meta property=\"og:image:height\" content=\"675\" \/>\n\t<meta property=\"og:image:type\" content=\"image\/jpeg\" \/>\n<meta name=\"twitter:card\" content=\"summary_large_image\" \/>\n<meta name=\"twitter:site\" content=\"@BSB_Barcelona\" \/>\n<meta name=\"twitter:label1\" content=\"Est. reading time\" \/>\n\t<meta name=\"twitter:data1\" content=\"1 minute\" \/>\n<!-- \/ Yoast SEO plugin. -->","yoast_head_json":{"title":"Informe d'Inspecci\u00f3 - British School of Barcelona","description":"Consulta l'informe d\u00b4inspecci\u00f3 m\u00e9s recent de BSB i coneix de primera m\u00e0 els trets diferenciadors del nostre programa educatiu de qualitat.","robots":{"index":"index","follow":"follow","max-snippet":"max-snippet:-1","max-image-preview":"max-image-preview:large","max-video-preview":"max-video-preview:-1"},"canonical":"https:\/\/www.britishschoolbarcelona.com\/ca\/informe-dinspeccio\/","og_locale":"ca_ES","og_type":"article","og_title":"Informe d'Inspecci\u00f3 - British School of Barcelona","og_description":"Consulta l'informe d\u00b4inspecci\u00f3 m\u00e9s recent de BSB i coneix de primera m\u00e0 els trets diferenciadors del nostre programa educatiu de qualitat.","og_url":"https:\/\/www.britishschoolbarcelona.com\/ca\/informe-dinspeccio\/","og_site_name":"British School of Barcelona","article_publisher":"https:\/\/www.facebook.com\/britishschoolbarcelonacastelldefels\/","article_modified_time":"2025-03-10T11:09:50+00:00","og_image":[{"width":1200,"height":675,"url":"https:\/\/www.britishschoolbarcelona.com\/wp-content\/uploads\/sites\/76\/2024\/06\/bsb-web-imagen-destacada.jpg","type":"image\/jpeg"}],"twitter_card":"summary_large_image","twitter_site":"@BSB_Barcelona","twitter_misc":{"Est. reading time":"1 minute"},"schema":{"@context":"https:\/\/schema.org","@graph":[{"@type":"WebPage","@id":"https:\/\/www.britishschoolbarcelona.com\/ca\/informe-dinspeccio\/","url":"https:\/\/www.britishschoolbarcelona.com\/ca\/informe-dinspeccio\/","name":"Informe d'Inspecci\u00f3 - British School of Barcelona","isPartOf":{"@id":"https:\/\/www.britishschoolbarcelona.com\/ca\/#website"},"datePublished":"2021-10-12T10:09:41+00:00","dateModified":"2025-03-10T11:09:50+00:00","description":"Consulta l'informe d\u00b4inspecci\u00f3 m\u00e9s recent de BSB i coneix de primera m\u00e0 els trets diferenciadors del nostre programa educatiu de qualitat.","breadcrumb":{"@id":"https:\/\/www.britishschoolbarcelona.com\/ca\/informe-dinspeccio\/#breadcrumb"},"inLanguage":"ca","potentialAction":[{"@type":"ReadAction","target":["https:\/\/www.britishschoolbarcelona.com\/ca\/informe-dinspeccio\/"]}]},{"@type":"BreadcrumbList","@id":"https:\/\/www.britishschoolbarcelona.com\/ca\/informe-dinspeccio\/#breadcrumb","itemListElement":[{"@type":"ListItem","position":1,"name":"Home","item":"https:\/\/www.britishschoolbarcelona.com\/ca\/"},{"@type":"ListItem","position":2,"name":"Informe d&#8217;Inspecci\u00f3"}]},{"@type":"WebSite","@id":"https:\/\/www.britishschoolbarcelona.com\/ca\/#website","url":"https:\/\/www.britishschoolbarcelona.com\/ca\/","name":"British School of Barcelona","description":"黑料网 is a private international school in Barcelona, Spain. We deliver the British curriculum &amp; IB. Visit us!","publisher":{"@id":"https:\/\/www.britishschoolbarcelona.com\/ca\/#organization"},"alternateName":"BSB","potentialAction":[{"@type":"SearchAction","target":{"@type":"EntryPoint","urlTemplate":"https:\/\/www.britishschoolbarcelona.com\/ca\/?s={search_term_string}"},"query-input":{"@type":"PropertyValueSpecification","valueRequired":true,"valueName":"search_term_string"}}],"inLanguage":"ca"},{"@type":"Organization","@id":"https:\/\/www.britishschoolbarcelona.com\/ca\/#organization","name":"黑料网","alternateName":"BSB","url":"https:\/\/www.britishschoolbarcelona.com\/ca\/","logo":{"@type":"ImageObject","inLanguage":"ca","@id":"https:\/\/www.britishschoolbarcelona.com\/ca\/#\/schema\/logo\/image\/","url":"https:\/\/www.britishschoolbarcelona.com\/wp-content\/uploads\/sites\/76\/2023\/01\/BSB-logo.png","contentUrl":"https:\/\/www.britishschoolbarcelona.com\/wp-content\/uploads\/sites\/76\/2023\/01\/BSB-logo.png","width":1920,"height":1357,"caption":"黑料网"},"image":{"@id":"https:\/\/www.britishschoolbarcelona.com\/ca\/#\/schema\/logo\/image\/"},"sameAs":["https:\/\/www.facebook.com\/britishschoolbarcelonacastelldefels\/","https:\/\/x.com\/BSB_Barcelona","https:\/\/www.instagram.com\/britishschoolbarcelona\/","https:\/\/www.youtube.com\/channel\/UC-Cc996mIB8CwmapwNYQKvg","https:\/\/es.linkedin.com\/school\/british-school-of-barcelona\/"]}]}},"jetpack_sharing_enabled":true,"_links":{"self":[{"href":"https:\/\/www.britishschoolbarcelona.com\/ca\/wp-json\/wp\/v2\/pages\/24614","targetHints":{"allow":["GET"]}}],"collection":[{"href":"https:\/\/www.britishschoolbarcelona.com\/ca\/wp-json\/wp\/v2\/pages"}],"about":[{"href":"https:\/\/www.britishschoolbarcelona.com\/ca\/wp-json\/wp\/v2\/types\/page"}],"author":[{"embeddable":true,"href":"https:\/\/www.britishschoolbarcelona.com\/ca\/wp-json\/wp\/v2\/users\/390"}],"replies":[{"embeddable":true,"href":"https:\/\/www.britishschoolbarcelona.com\/ca\/wp-json\/wp\/v2\/comments?post=24614"}],"version-history":[{"count":24,"href":"https:\/\/www.britishschoolbarcelona.com\/ca\/wp-json\/wp\/v2\/pages\/24614\/revisions"}],"predecessor-version":[{"id":72823,"href":"https:\/\/www.britishschoolbarcelona.com\/ca\/wp-json\/wp\/v2\/pages\/24614\/revisions\/72823"}],"wp:attachment":[{"href":"https:\/\/www.britishschoolbarcelona.com\/ca\/wp-json\/wp\/v2\/media?parent=24614"}],"curies":[{"name":"wp","href":"https:\/\/api.w.org\/{rel}","templated":true}]}}