  
     {"id":10583,"date":"2021-09-14T13:55:31","date_gmt":"2021-09-14T11:55:31","guid":{"rendered":"https:\/\/www.britishschoolbarcelona.com\/wellbeing-support\/"},"modified":"2025-05-15T15:11:52","modified_gmt":"2025-05-15T13:11:52","slug":"soporte-y-bienestar","status":"publish","type":"page","link":"https:\/\/www.britishschoolbarcelona.com\/es\/soporte-y-bienestar\/","title":{"rendered":"Soporte y Bienestar"},"content":{"rendered":"<div class=\"wpb-content-wrapper\"><p>[vc_row][vc_column]<section  class=\"bg-video-wrap hero section hero--centertext   \" style='background: url(https:\/\/www.britishschoolbarcelona.com\/wp-content\/uploads\/sites\/76\/2023\/01\/SH_0605.jpg) center ;background-size:cover ;'>\n                <div class=\"bg-overlay\" style='background:#000000;opacity:0.2;'><\/div>\n                <div class=\"overlay\" >\n                  <div class=\"container-fluid\">\n                    <div class=\"row\">\n                      <div class=\"col-md-12 col-lg-12\">\n\n                        <div class=\"caption text-start\"><div class=\"component sub-heading\" >\n                              <h1 class=\"display-h1\">Soporte y Bienestar<\/h1>\n                            <\/div><\/div>\n                      <\/div>\n                    <\/div>\n                  <\/div>\n                <\/div>\n              <\/section><div class='row  m-x-0 breadcrumb-wrap ' style=''><div class='container-fluid' >\n                <nav aria-label='breadcrumb'><ol class=\"breadcrumb mt-3\">\n                  <li class=\"breadcrumb-item\"><a href=\"https:\/\/www.britishschoolbarcelona.com\/es\/\">Home<\/a><\/li>\n                  <li class=\"breadcrumb-item active\" aria-current=\"page\">Soporte y Bienestar<\/li>\n                <\/ol>\n              <\/nav>\n              <\/div>\n            <\/div>[\/vc_column][\/vc_row][vc_row][vc_column]\n            <div class=\"wrapper\">\n    <section  style='' class=\"section    container-width    \" ><div class=\"container-fluid\"><div class=\"row  justify-content-between  \"><div class=\" col-lg-6 col-md-6      \" ><div class=\"component mb-1 mt-0  radius-bottom-LR \" style='px'><div class=\"sub-heading component\"><h2  class=\"h6  \">Soporte y bienestar en todo lo que hacemos<\/h2><\/div>\n                        <div class=\"sub-heading component \">\n                        <p class=\"body-medium\">Creemos plenamente que la educaci\u00f3n de cada estudiante debe estar personalizada en base a sus fortalezas, necesidades, habilidades e intereses.<br \/>\n<br \/>\nNos preocupamos por conocer a cada estudiante de forma individual, lo que nos permite ofrecerles el apoyo y los cuidados necesarios para que sean capaces de alcanzar su m\u00e1ximo potencial.<\/p>\n                        <\/div><\/div><\/div>\n                    <div class=\"col-lg-5 col-md-6    \"><div class=\"component single-img \"><div class=\"ratio ratio-21x9 callout-img halfcol--img image_overlay_3441\" style=\"background-image: url(https:\/\/www.britishschoolbarcelona.com\/wp-content\/uploads\/sites\/76\/2023\/01\/SH_7450-1.jpg);\"><\/div><\/div> <\/div>\n             <\/div>\n        <\/div>\n<\/section>\n            <\/div>[\/vc_column][\/vc_row][vc_row][vc_column]\n    <section  id=\"was-award\"  style='background-image: url(https:\/\/www.britishschoolbarcelona.com\/wp-content\/uploads\/sites\/76\/2023\/02\/red-pattern-test2.png);' class=\"section   section--blue    section--withBG \" ><div class=\"bg-overlay\" ><\/div><div class=\"container-fluid\"><div class=\"row\">\n                <div class=\"col-md-12 col-lg-10\">  <div class=\"component title\">\n                                        <p class=\"body-small\">Galard\u00f3n<\/p>\n                                    <\/div><\/div>\n                <\/div><div class=\"row    \"><div class=\" col-lg-6 col-md-6      \" ><div class=\"component mb-1 mt-0  radius-bottom-LR \" style='px'><div class=\"sub-heading component\"><h2  class=\"h6  \">ºÚÁÏÍø est\u00e1 acreditado con el Wellbeing Award for Schools<\/h2><\/div>\n                        <div class=\"sub-heading component \">\n                        <p class=\"body-medium\">En enero del 2022, nos otorgaron el galard\u00f3n <a href=\"https:\/\/www.awardplace.co.uk\/award\/was\" target=\"_blank\">Wellbeing Award for Schools<\/a> en reconocimiento a nuestro compromiso con el bienestar de nuestra comunidad educativa.   <br \/>\n<br \/>\nEste galard\u00f3n confirma que el bienestar forma parte del ADN del colegio y que escuchamos con atenci\u00f3n las opiniones de la comunidad educativa de BSB (estudiantes, familias, personal) para ofrecer un enfoque global para todo el colegio.<\/p>\n                        <\/div><\/div><div class=\"component link\"><a href=\"\/wp-content\/uploads\/sites\/76\/2023\/01\/WAS-Verification-Report-British-School-of-Barcelona.pdf\" class=\" btn btn-link\" target=\"_blank\">Ver\/Descargar el Informe WAS completo<\/a><\/div><\/div>\n                    <div class=\"col-lg-6 col-md-6    \"><div class=\"component single-img \"><a href=\"https:\/\/www.awardplace.co.uk\/award\/was\"target=\"_blank\"><div class=\"ratio ratio-4x3 callout-img halfcol--img image_overlay_8331\" style=\"background-image: url(https:\/\/www.britishschoolbarcelona.com\/wp-content\/uploads\/sites\/76\/2023\/01\/Award-logo-5.png);\"><\/div><\/a><\/div> <\/div>\n             <\/div>\n        <\/div>\n<\/section>[\/vc_column][\/vc_row][vc_row][vc_column]<section  class=\"section callout-img full--img  wpb_animate_when_almost_visible wpb_slideInUp slideInUp has-bg-image   \" style=\"background-image: url('https:\/\/www.britishschoolbarcelona.com\/wp-content\/uploads\/sites\/76\/2023\/01\/SH_5006-1.jpg'); background-size: cover;\"margin-top:5px;margin-bottom:5px;><div class=\"img-overlay overlay6025\"><\/div><div class=\"container-fluid\">\n                                <div class=\"row \"><style>\n                .overlay6025 {\n                    background: rgba(0,0,0,0.5) !important;\n                }\n                <\/style><style>\n                @media (max-width: 767px) {\n                    .img_overlay_uniq3991 {\n                        width: 90%;\n                    }\n                }\n                <\/style><div class=\"col-lg-12 col-md-12\">\n                                    <div class=\"heading component\">\n                                    <div class=\"\" >\n                                    <div class=\"img-overlay-middle img_overlay_uniq3991\" style=\" \">\n                                    <div><div class=\"heading component\">\n                                                    <div class=\"h4\">\u00abBSB presta atenci\u00f3n a las necesidades del alumnado, asegur\u00e1ndose de que cada ni\u00f1o\/a siente que se lo\/a apoya y se lo\/a anima a progresar en un entorno seguro y comprometido.\u00bb<\/div>\n                                                <\/div><div class=\"heading component\">\n                                                                        <p class=\"body-large\"><\/p>\n<h6>&#8211; Familia de Year 10, Cuestionario Voice of the Parent 2025<\/h6>\n<p><\/p>\n                                                                    <\/div><div class=\"component link cust-link\"><\/div><\/div>\n                                                    <\/div>\n                                                <\/div>\n                                            <\/div>\n                                        \n                                        <\/div>\n                                    <\/div>\n                                <\/div>\n                            <\/section>[\/vc_column][\/vc_row][vc_row css=&#8221;.vc_custom_1729071739479{background-image: url(https:\/\/www.britishschoolbarcelona.com\/wp-content\/uploads\/sites\/76\/2023\/02\/Blue-pattern-test1.png?id=21812) !important;background-position: center !important;background-repeat: no-repeat !important;background-size: cover !important;}&#8221;][vc_column]<section  id=\"pastoral-care\"  class=\"section  wpb_animate_when_almost_visible wpb_slideInUp slideInUp   button-align-left white-section   \" style='margin-bottom:5px;'><div class=\"container-fluid \" ><style>\r\n            .tech-grid-title h2 a {\r\n                font-size: 20px;\r\n                line-height: 45px;\r\n            }\r\n            .tech-grid-title h2 {\r\n                font-size: 20px;\r\n                line-height: 45px;\r\n            }\r\n            <\/style><style>\r\n            .tech-grid-title h2 a {\r\n                font-weight: bold;\r\n            }\r\n            .tech-grid-title h2 a {\r\n                font-weight: bold;\r\n            }\r\n            <\/style><div class=\"row m-0 align-items-center centerText\">\r\n                            <div class=\"col-sm-12 col-md-12 col-lg-12 mx-auto\"><div class=\"sub-heading component\">\r\n                                    <div class=\"h4\">El bienestar del alumnado forma parte esencial de todo lo que hacemos<\/div>\r\n                                <\/div><\/div>\r\n                        <\/div><div class=\"row m-0 justify-content-center pt-3 pt-md-5\"><div class=\"col-lg-6 col-md-6 col-sm-6 mb-3\">\r\n                            <div class=\"card card--white tech-images\">   <div class=\"ratio ratio-16x9 callout-img halfcol--img \" style=\"background-image: url(https:\/\/www.britishschoolbarcelona.com\/wp-content\/uploads\/sites\/76\/2024\/02\/SH_2782.jpg);background-position:center;\"><\/div><div class=\"  card-body tech-grid-title\"><h6><b>Soporte al aprendizaje<\/b><\/h6><div class=\"component  mt-2 mt-md-0\"><p class=\"body-medium\"><i>Apoyamos al alumnado para impulsar su aprendizaje<\/i>\n<br>\n<br>\nMonitorizamos, medimos y evaluamos con regularidad el progreso individual de cada estudiante. Esto nos permite intervenir a tiempo cuando un\/a alumno\/a necesita apoyo adicional o un enfoque alternativo para impulsar su educaci\u00f3n. Nuestro Equipo de Apoyo le ayudar\u00e1 en su aprendizaje y le ofrecer\u00e1 nuevos retos, identificando aquellas \u00e1reas donde necesita m\u00e1s ayuda y usando sus propias fortalezas como base para mejorar as\u00ed su experiencia educativa.<\/p><\/div><div class=\"component link text-center btnBottom-flexible\"><a href=\"\/wp-content\/uploads\/sites\/76\/2023\/02\/Learning-Support-at-BSB.pdf\" class=\" btn btn-primary\" >Conoce m\u00e1s sobre nuestro programa de Soporte al Aprendizaje<\/a><\/div><\/div>\r\n                            <\/div>\r\n                        <\/div><div class=\"col-lg-6 col-md-6 col-sm-6 mb-3\">\r\n                            <div class=\"card card--white tech-images\">   <div class=\"ratio ratio-16x9 callout-img halfcol--img \" style=\"background-image: url(https:\/\/www.britishschoolbarcelona.com\/wp-content\/uploads\/sites\/76\/2023\/01\/SH_0624-1.jpg);background-position:center;\"><\/div><div class=\"  card-body tech-grid-title\"><h6><b>Bienestar<\/b><\/h6><div class=\"component  mt-2 mt-md-0\"><p class=\"body-medium\"><i>Un\/a ni\u00f1o\/a feliz aprende mejor<\/i>\n<br>\n<br>\nEl bienestar emocional y la salud mental no solo est\u00e1n conectados con el \u00e9xito acad\u00e9mico, sino que los consideramos de vital importancia para que el alumnado disfrute de una vida plena y feliz. Nuestro objetivo es que todo el alumnado adquiera los conocimientos necesarios para negociar con confianza todas aquellas situaciones a las que deber\u00e1 hacer frente a lo largo de su trayectoria educativa y m\u00e1s adelante, en su vida futura.<\/p><\/div><div class=\"component link text-center btnBottom-flexible\"><a href=\"\/wp-content\/uploads\/sites\/76\/2023\/01\/BSB-Wellbeing-Vision-statement.pdf\" class=\" btn btn-primary\" >Declaraci\u00f3n de visi\u00f3n de bienestar de BSB<\/a><\/div><\/div>\r\n                            <\/div>\r\n                        <\/div><div class=\"col-lg-6 col-md-6 col-sm-6 mb-3\">\r\n                            <div class=\"card card--white tech-images\">   <div class=\"ratio ratio-16x9 callout-img halfcol--img \" style=\"background-image: url(https:\/\/www.britishschoolbarcelona.com\/wp-content\/uploads\/sites\/76\/2023\/01\/SH_6829-1.jpg);background-position:center;\"><\/div><div class=\"  card-body tech-grid-title\"><h6><b>Desarrollo personal<\/b><\/h6><div class=\"component  mt-2 mt-md-0\"><p class=\"body-medium\"><i>Nos centramos en el desarrollo integral<\/i>\n<br>\n<br>\nNuestra atenci\u00f3n al desarrollo personal involucra a toda la comunidad educativa y est\u00e1 intr\u00ednsecamente vinculada a nuestro modelo de ense\u00f1anza, promoviendo el desarrollo personal y social del alumnado y fomentando actitudes positivas. Nuestro objetivo es crear un entorno afectivo y de apoyo en el que nuestro alumnado se sienta con la seguridad para poder explorar y as\u00ed desarrollar las competencias necesarias que le permitir\u00e1n tener \u00e9xito en un mundo que evoluciona tan r\u00e1pido.<\/p><\/div><div class=\"component link text-center btnBottom-flexible\"><a href=\"\/es\/desarrollo-personal\/\" class=\" btn btn-primary\" >Conoce m\u00e1s sobre nuestro Desarrollo Personal<\/a><\/div><\/div>\r\n                            <\/div>\r\n                        <\/div><div class=\"col-lg-6 col-md-6 col-sm-6 mb-3\">\r\n                            <div class=\"card card--white tech-images\">   <div class=\"ratio ratio-16x9 callout-img halfcol--img \" style=\"background-image: url(https:\/\/www.britishschoolbarcelona.com\/wp-content\/uploads\/sites\/76\/2023\/01\/SH_2513.jpg);background-position:center;\"><\/div><div class=\"  card-body tech-grid-title\"><h6><b>Protecci\u00f3n integral<\/b><\/h6><div class=\"component  mt-2 mt-md-0\"><p class=\"body-medium\"><i>Un lugar seguro y acogedor<\/i>\n<br>\n<br>\nProteger la salud, el bienestar y los derechos del alumnado es nuestro deber como colegio.\n<br>\n<br>\nOfrecemos un ambiente educativo seguro y les equipamos con las herramientas necesarias para protegerse, ayudar a los\/as dem\u00e1s, compartir sus preocupaciones y sentirse seguros\/as para expresar sus opiniones.<\/p><\/div><\/div>\r\n                            <\/div>\r\n                        <\/div><\/div><\/div>\r\n            <\/section>[\/vc_column][\/vc_row][vc_row][vc_column]<section class=\"section section--blue bottom-step TopBottomBorder   \" style=\"background-image: url('https:\/\/www.britishschoolbarcelona.com\/wp-content\/uploads\/sites\/76\/2023\/01\/SH_7956-e1676010181298.jpg');;;\"><style>.bottom-step.section--blue:before {background: rgba(0,0,0,0.4);}<\/style><div class=\"container-fluid\"><div class=\"row\"><div class=\"col-sm-12\"><div class=\"component title\"><p class=\"body-small\">Pr\u00f3ximos pasos<\/p><\/div><\/div><\/div><div class=\"row\"><div class=\"col-md-4\"><div class=\"component linkcard \">\n                                <a class=\"card card--bordered\" href=\"\/es\/puertas-abiertas-y-visitas\">\n                                    <div class=\"card-body d-flex align-items-center\">\n                                    <div> <div class=\"component link\">\n                                            <div  class=\"btn btn-link simple-link h5\">Puertas Abiertas y Visitas<\/div>\n                                        <\/div><\/div><\/div><\/a><\/div><\/div><div class=\"col-md-4\"><div class=\"component linkcard \">\n                                <a class=\"card card--bordered\" href=\"\/es\/excelencia-academica\/\">\n                                    <div class=\"card-body d-flex align-items-center\">\n                                    <div> <div class=\"component link\">\n                                            <div  class=\"btn btn-link simple-link h5\">Excelencia acad\u00e9mica<\/div>\n                                        <\/div><\/div><\/div><\/a><\/div><\/div><div class=\"col-md-4\"><div class=\"component linkcard \">\n                                <a class=\"card card--bordered\" href=\"\/es\/instalaciones-y-ubicacion\/\">\n                                    <div class=\"card-body d-flex align-items-center\">\n                                    <div> <div class=\"component link\">\n                                            <div  class=\"btn btn-link simple-link h5\">Instalaciones y ubicacion<\/div>\n                                        <\/div><\/div><\/div><\/a><\/div><\/div><\/div><\/section>[\/vc_column][\/vc_row]<\/p>\n<\/div>","protected":false},"excerpt":{"rendered":"<p>[vc_row][vc_column][\/vc_column][\/vc_row][vc_row][vc_column][\/vc_column][\/vc_row][vc_row][vc_column][\/vc_column][\/vc_row][vc_row][vc_column][\/vc_column][\/vc_row][vc_row css=&#8221;.vc_custom_1729071739479{background-image: url(https:\/\/www.britishschoolbarcelona.com\/wp-content\/uploads\/sites\/76\/2023\/02\/Blue-pattern-test1.png?id=21812) !important;background-position: center !important;background-repeat: no-repeat !important;background-size: cover !important;}&#8221;][vc_column][\/vc_column][\/vc_row][vc_row][vc_column][\/vc_column][\/vc_row]<\/p>\n","protected":false},"author":390,"featured_media":0,"parent":0,"menu_order":0,"comment_status":"closed","ping_status":"closed","template":"","meta":{"_acf_changed":false,"footnotes":""},"class_list":["post-10583","page","type-page","status-publish","hentry"],"acf":[],"yoast_head":"<!-- This site is optimized with the Yoast SEO plugin v26.5 - https:\/\/yoast.com\/wordpress\/plugins\/seo\/ -->\n<title>Soporte y bienestar en el colegio- BSB<\/title>\n<meta name=\"description\" content=\"El bienestar de los estudiantes es la base de la educaci\u00f3n en BSB. Ofrecemos apoyo escolar para la salud f\u00edsica y emocional de nuestros estudiantes.\" \/>\n<meta name=\"robots\" content=\"index, follow, max-snippet:-1, max-image-preview:large, max-video-preview:-1\" \/>\n<link rel=\"canonical\" href=\"https:\/\/www.britishschoolbarcelona.com\/es\/soporte-y-bienestar\/\" \/>\n<meta property=\"og:locale\" content=\"es_ES\" \/>\n<meta property=\"og:type\" content=\"article\" \/>\n<meta property=\"og:title\" content=\"Soporte y bienestar en el colegio- BSB\" \/>\n<meta property=\"og:description\" content=\"El bienestar de los estudiantes es la base de la educaci\u00f3n en BSB. Ofrecemos apoyo escolar para la salud f\u00edsica y emocional de nuestros estudiantes.\" \/>\n<meta property=\"og:url\" content=\"https:\/\/www.britishschoolbarcelona.com\/es\/soporte-y-bienestar\/\" \/>\n<meta property=\"og:site_name\" content=\"British School of Barcelona\" \/>\n<meta property=\"article:publisher\" content=\"https:\/\/www.facebook.com\/britishschoolbarcelonacastelldefels\/\" \/>\n<meta property=\"article:modified_time\" content=\"2025-05-15T13:11:52+00:00\" \/>\n<meta property=\"og:image\" content=\"https:\/\/www.britishschoolbarcelona.com\/wp-content\/uploads\/sites\/76\/2024\/06\/bsb-web-imagen-destacada.jpg\" \/>\n\t<meta property=\"og:image:width\" content=\"1200\" \/>\n\t<meta property=\"og:image:height\" content=\"675\" \/>\n\t<meta property=\"og:image:type\" content=\"image\/jpeg\" \/>\n<meta name=\"twitter:card\" content=\"summary_large_image\" \/>\n<meta name=\"twitter:site\" content=\"@BSB_Barcelona\" \/>\n<meta name=\"twitter:label1\" content=\"Tiempo de lectura\" \/>\n\t<meta name=\"twitter:data1\" content=\"2 minutos\" \/>\n<!-- \/ Yoast SEO plugin. -->","yoast_head_json":{"title":"Soporte y bienestar en el colegio- BSB","description":"El bienestar de los estudiantes es la base de la educaci\u00f3n en BSB. Ofrecemos apoyo escolar para la salud f\u00edsica y emocional de nuestros estudiantes.","robots":{"index":"index","follow":"follow","max-snippet":"max-snippet:-1","max-image-preview":"max-image-preview:large","max-video-preview":"max-video-preview:-1"},"canonical":"https:\/\/www.britishschoolbarcelona.com\/es\/soporte-y-bienestar\/","og_locale":"es_ES","og_type":"article","og_title":"Soporte y bienestar en el colegio- BSB","og_description":"El bienestar de los estudiantes es la base de la educaci\u00f3n en BSB. Ofrecemos apoyo escolar para la salud f\u00edsica y emocional de nuestros estudiantes.","og_url":"https:\/\/www.britishschoolbarcelona.com\/es\/soporte-y-bienestar\/","og_site_name":"British School of Barcelona","article_publisher":"https:\/\/www.facebook.com\/britishschoolbarcelonacastelldefels\/","article_modified_time":"2025-05-15T13:11:52+00:00","og_image":[{"width":1200,"height":675,"url":"https:\/\/www.britishschoolbarcelona.com\/wp-content\/uploads\/sites\/76\/2024\/06\/bsb-web-imagen-destacada.jpg","type":"image\/jpeg"}],"twitter_card":"summary_large_image","twitter_site":"@BSB_Barcelona","twitter_misc":{"Tiempo de lectura":"2 minutos"},"schema":{"@context":"https:\/\/schema.org","@graph":[{"@type":"WebPage","@id":"https:\/\/www.britishschoolbarcelona.com\/es\/soporte-y-bienestar\/","url":"https:\/\/www.britishschoolbarcelona.com\/es\/soporte-y-bienestar\/","name":"Soporte y bienestar en el colegio- BSB","isPartOf":{"@id":"https:\/\/www.britishschoolbarcelona.com\/es\/#website"},"datePublished":"2021-09-14T11:55:31+00:00","dateModified":"2025-05-15T13:11:52+00:00","description":"El bienestar de los estudiantes es la base de la educaci\u00f3n en BSB. Ofrecemos apoyo escolar para la salud f\u00edsica y emocional de nuestros estudiantes.","breadcrumb":{"@id":"https:\/\/www.britishschoolbarcelona.com\/es\/soporte-y-bienestar\/#breadcrumb"},"inLanguage":"es","potentialAction":[{"@type":"ReadAction","target":["https:\/\/www.britishschoolbarcelona.com\/es\/soporte-y-bienestar\/"]}]},{"@type":"BreadcrumbList","@id":"https:\/\/www.britishschoolbarcelona.com\/es\/soporte-y-bienestar\/#breadcrumb","itemListElement":[{"@type":"ListItem","position":1,"name":"Home","item":"https:\/\/www.britishschoolbarcelona.com\/es\/"},{"@type":"ListItem","position":2,"name":"Soporte y Bienestar"}]},{"@type":"WebSite","@id":"https:\/\/www.britishschoolbarcelona.com\/es\/#website","url":"https:\/\/www.britishschoolbarcelona.com\/es\/","name":"British School of Barcelona","description":"ºÚÁÏÍø is a private international school in Barcelona, Spain. We deliver the British curriculum &amp; IB. Visit us!","publisher":{"@id":"https:\/\/www.britishschoolbarcelona.com\/es\/#organization"},"alternateName":"BSB","potentialAction":[{"@type":"SearchAction","target":{"@type":"EntryPoint","urlTemplate":"https:\/\/www.britishschoolbarcelona.com\/es\/?s={search_term_string}"},"query-input":{"@type":"PropertyValueSpecification","valueRequired":true,"valueName":"search_term_string"}}],"inLanguage":"es"},{"@type":"Organization","@id":"https:\/\/www.britishschoolbarcelona.com\/es\/#organization","name":"ºÚÁÏÍø","alternateName":"BSB","url":"https:\/\/www.britishschoolbarcelona.com\/es\/","logo":{"@type":"ImageObject","inLanguage":"es","@id":"https:\/\/www.britishschoolbarcelona.com\/es\/#\/schema\/logo\/image\/","url":"https:\/\/www.britishschoolbarcelona.com\/wp-content\/uploads\/sites\/76\/2023\/01\/BSB-logo.png","contentUrl":"https:\/\/www.britishschoolbarcelona.com\/wp-content\/uploads\/sites\/76\/2023\/01\/BSB-logo.png","width":1920,"height":1357,"caption":"ºÚÁÏÍø"},"image":{"@id":"https:\/\/www.britishschoolbarcelona.com\/es\/#\/schema\/logo\/image\/"},"sameAs":["https:\/\/www.facebook.com\/britishschoolbarcelonacastelldefels\/","https:\/\/x.com\/BSB_Barcelona","https:\/\/www.instagram.com\/britishschoolbarcelona\/","https:\/\/www.youtube.com\/channel\/UC-Cc996mIB8CwmapwNYQKvg","https:\/\/es.linkedin.com\/school\/british-school-of-barcelona\/"]}]}},"jetpack_sharing_enabled":true,"_links":{"self":[{"href":"https:\/\/www.britishschoolbarcelona.com\/es\/wp-json\/wp\/v2\/pages\/10583","targetHints":{"allow":["GET"]}}],"collection":[{"href":"https:\/\/www.britishschoolbarcelona.com\/es\/wp-json\/wp\/v2\/pages"}],"about":[{"href":"https:\/\/www.britishschoolbarcelona.com\/es\/wp-json\/wp\/v2\/types\/page"}],"author":[{"embeddable":true,"href":"https:\/\/www.britishschoolbarcelona.com\/es\/wp-json\/wp\/v2\/users\/390"}],"replies":[{"embeddable":true,"href":"https:\/\/www.britishschoolbarcelona.com\/es\/wp-json\/wp\/v2\/comments?post=10583"}],"version-history":[{"count":41,"href":"https:\/\/www.britishschoolbarcelona.com\/es\/wp-json\/wp\/v2\/pages\/10583\/revisions"}],"predecessor-version":[{"id":73697,"href":"https:\/\/www.britishschoolbarcelona.com\/es\/wp-json\/wp\/v2\/pages\/10583\/revisions\/73697"}],"wp:attachment":[{"href":"https:\/\/www.britishschoolbarcelona.com\/es\/wp-json\/wp\/v2\/media?parent=10583"}],"curies":[{"name":"wp","href":"https:\/\/api.w.org\/{rel}","templated":true}]}}