  
     {"id":10725,"date":"2021-09-14T09:42:49","date_gmt":"2021-09-14T07:42:49","guid":{"rendered":"https:\/\/www.britishschoolbarcelona.com\/term-dates\/"},"modified":"2026-03-30T12:31:03","modified_gmt":"2026-03-30T10:31:03","slug":"calendario","status":"publish","type":"page","link":"https:\/\/www.britishschoolbarcelona.com\/es\/calendario\/","title":{"rendered":"Calendario"},"content":{"rendered":"<div class=\"wpb-content-wrapper\"><p>[vc_row][vc_column]<section  class=\"bg-video-wrap hero section hero--centertext  small-header \" style='background: url(https:\/\/www.britishschoolbarcelona.com\/wp-content\/uploads\/sites\/76\/2023\/01\/SH_9344.jpg) center ;background-size:cover ;'>\n                <div class=\"bg-overlay\" style='background:#000000;opacity:0.4;'><\/div>\n                <div class=\"overlay\" >\n                  <div class=\"container-fluid\">\n                    <div class=\"row\">\n                      <div class=\"col-md-12 col-lg-12\">\n\n                        <div class=\"caption text-start\"><div class=\"component sub-heading\" >\n                              <h1 class=\"display-h1\">Calendario<\/h1>\n                            <\/div><\/div>\n                      <\/div>\n                    <\/div>\n                  <\/div>\n                <\/div>\n              <\/section><div class='row  m-x-0 breadcrumb-wrap ' style=''><div class='container-fluid' >\n                <nav aria-label='breadcrumb'><ol class=\"breadcrumb mt-3\">\n                  <li class=\"breadcrumb-item\"><a href=\"https:\/\/www.britishschoolbarcelona.com\/es\/\">Home<\/a><\/li>\n                  <li class=\"breadcrumb-item active\" aria-current=\"page\">Calendario<\/li>\n                <\/ol>\n              <\/nav>\n              <\/div>\n            <\/div>[\/vc_column][\/vc_row][vc_row][vc_column]<div class=\"wrapper\"><section  style='' class=\"section    pb-0 container-width \"><div class=\"container-fluid\"><div class=\"row m-0 align-items-center centerText \" >\n                        <div class=\"col-sm-12 col-md-10 col-lg-9 mx-auto\"><div class=\"sub-heading component\">\n                                        <h2 class=\"h5\">Fechas principales del curso 2025-2026<\/h2>\n                                    <\/div><div class=\"sub-heading component\"><p style=\"text-align: center;\">La mayor\u00eda de las fechas corresponden a todos los campus, pero existen ligeras variaciones dependiendo de las festividades locales que apliquen a cada campus. Dichas fechas est\u00e1n resaltadas en las siguientes tablas.<\/p>\n<p>&nbsp;<\/p>\n<p style=\"text-align: center;\">Los calendarios con las fechas del curso 2026-2027 ya est\u00e1n disponibles. Puedes ver\/descargar una copia para cada campus en los siguientes enlaces:<\/p>\n<\/div><div class=\"component link\"><a href=\"https:\/\/www.britishschoolbarcelona.com\/wp-content\/uploads\/sites\/76\/2026\/03\/BSB-Castelldefels-BSB-Nexus-School-Calendar-2026-2027-Key-Dates-1.pdf\" class=\" btn btn-primary btn-primary--border\" target=\"_blank\">Descargar Calendario 2026-2027 BSB Castelldefels - BSB Nexus<\/a><\/div><div class=\"flex-button\"><\/div><style>\n                        .flex-button {\n                        margin-top: 25px;\n                    } \n                        \n                    @media (max-width: 767px){\n                     .flex-button {\n                      display: block;\n                      margin-left: 0;\n                    }\n                    .flex-button .text-center{\n                     text-align: left !important;\n                    }\n                    }\n\n\n                        <\/style><\/div><\/div><\/section><\/div><div class=\"wrapper\"><section  style='' class=\"section    pt-0 pb-0 container-width \"><div class=\"container-fluid\"><div class=\"row m-0 align-items-center centerText \" >\n                        <div class=\"col-sm-12 col-md-10 col-lg-9 mx-auto\"><div class=\"sub-heading component\"><\/div><div class=\"component link\"><a href=\"https:\/\/www.britishschoolbarcelona.com\/wp-content\/uploads\/sites\/76\/2026\/03\/BSB-City-School-Calendar-2026-2027-Key-Dates.pdf\" class=\" btn btn-primary btn-primary--border\" target=\"_blank\">Descargar Calendario 2026-2027 BSB City<\/a><\/div><div class=\"flex-button\"><\/div><style>\n                        .flex-button {\n                        margin-top: 25px;\n                    } \n                        \n                    @media (max-width: 767px){\n                     .flex-button {\n                      display: block;\n                      margin-left: 0;\n                    }\n                    .flex-button .text-center{\n                     text-align: left !important;\n                    }\n                    }\n\n\n                        <\/style><\/div><\/div><\/section><\/div><div class=\"wrapper\"><section  style='' class=\"section    pt-0 container-width \"><div class=\"container-fluid\"><div class=\"row m-0 align-items-center centerText \" >\n                        <div class=\"col-sm-12 col-md-10 col-lg-9 mx-auto\"><div class=\"sub-heading component\"><\/div><div class=\"component link\"><a href=\"https:\/\/www.britishschoolbarcelona.com\/wp-content\/uploads\/sites\/76\/2026\/03\/BSB-Sitges-School-Calendar-2026-2027-Key-Dates.pdf\" class=\" btn btn-primary btn-primary--border\" target=\"_blank\">Descargar Calendario 2026-2027 BSB Sitges<\/a><\/div><div class=\"flex-button\"><\/div><style>\n                        .flex-button {\n                        margin-top: 25px;\n                    } \n                        \n                    @media (max-width: 767px){\n                     .flex-button {\n                      display: block;\n                      margin-left: 0;\n                    }\n                    .flex-button .text-center{\n                     text-align: left !important;\n                    }\n                    }\n\n\n                        <\/style><\/div><\/div><\/section><\/div>[\/vc_column][\/vc_row][vc_row][vc_column]\n    <section  style='background-image: url(https:\/\/www.britishschoolbarcelona.com\/wp-content\/uploads\/sites\/76\/2023\/02\/Blue-pattern-test1.png);' class=\"section   section--blue    section--withBG \" ><div class=\"bg-overlay\" ><\/div><div class=\"container-fluid\"><div class=\"row\">\n                <div class=\"col-md-12 col-lg-10\"> <div class=\"component heading\">\n                     <h2 class=\"h4\">PRIMER TRIMESTRE 2025<\/h2>\n                 <\/div><\/div>\n                <\/div><div class=\"row   pt-3 pt-md-5 \"><div class=\" col-lg-8 col-md-8      \" ><div class=\"component fee-table\"><table class=\"table\">\n                                <thead>\n                                    <tr>\n                                        <th  class=\"\">Fecha<\/th>\n                                        <th  class=\"\">Descripci\u00f3n<\/th><\/tr>\n                                <\/thead>\n                                <tbody><tr>\n                                        <td class=\"\" >Mi\u00e9rcoles, 3 de septiembre 2025<\/td>\n                                        <td class=\"text-left text-md-right \" >D\u00eda de inicio para Years 7 y 12 y todo el alumnado nuevo<\/td><\/tr><tr>\n                                        <td class=\"\" >Jueves, 4 de septiembre 2025<\/td>\n                                        <td class=\"text-left text-md-right \" >D\u00eda de inicio para el resto de estudiantes<\/td><\/tr><tr>\n                                        <td class=\"\" >Jueves, 11 de septiembre 2025<\/td>\n                                        <td class=\"text-left text-md-right \" >Festivo (La Diada)<\/td><\/tr><tr>\n                                        <td class=\"\" >Martes, 23 de septiembre 2025<\/td>\n                                        <td class=\"text-left text-md-right \" >Festivo local en BSB Sitges (Santa Tecla)<\/td><\/tr><tr>\n                                        <td class=\"\" >Mi\u00e9rcoles, 24 de septiembre 2025<\/td>\n                                        <td class=\"text-left text-md-right \" >Festivo local en BSB City (La Merc\u00e8)<\/td><\/tr><tr>\n                                        <td class=\"\" >Del lunes, 27 al viernes, 31 de octubre 2025<\/td>\n                                        <td class=\"text-left text-md-right \" >Vacaciones de Mitad de Trimestre<\/td><\/tr><tr>\n                                        <td class=\"\" >Viernes, 5 de diciembre 2025<\/td>\n                                        <td class=\"text-left text-md-right \" >Festivo Local en BSB Castelldefels<\/td><\/tr><tr>\n                                        <td class=\"\" >Lunes, 8 de diciembre 2025<\/td>\n                                        <td class=\"text-left text-md-right \" >Festivo (La Inmaculada)<\/td><\/tr><tr>\n                                        <td class=\"\" >Viernes, 19 de diciembre 2025<\/td>\n                                        <td class=\"text-left text-md-right \" >Final de trimestre<\/td><\/tr><\/tbody>\n                            <\/table>\n                        <\/div><\/div>\n                    <div class=\"col-lg-4 col-md-4    \"><div class=\"component single-img \"><div class=\"ratio ratio-1x1 callout-img halfcol--img image_overlay_8965\" style=\"background-image: url(https:\/\/www.britishschoolbarcelona.com\/wp-content\/uploads\/sites\/76\/2023\/01\/SH_0135.jpg);\"><\/div><figcaption><br><\/figcaption><\/div><div class=\"component mb-1 mt-0  radius-bottom-LR \" style='px'>\n                        <div class=\"sub-heading component \">\n                        <p class=\"body-medium\">A menos que en la tabla se especifique lo contrario, estas fechas aplican a todos los campus BSB.<br \/>\n<br \/>\nTen en cuenta que no hay clase los d\u00edas de formaci\u00f3n del personal. Consulta las fechas de estos d\u00edas para cada campus.<\/p>\n                        <\/div><\/div> <\/div>\n             <\/div>\n        <\/div>\n<\/section>[\/vc_column][\/vc_row][vc_row][vc_column]\n            <div class=\"wrapper\">\n    <section  style='' class=\"section    container-width    \" ><div class=\"container-fluid\"><div class=\"row\">\n                <div class=\"col-md-12 col-lg-10\"> <div class=\"component heading\">\n                     <h2 class=\"h4\">SEGUNDO TRIMESTRE 2026<\/h2>\n                 <\/div><\/div>\n                <\/div><div class=\"row   pt-3 pt-md-5 \"><div class=\" col-lg-8 col-md-8      \" ><div class=\"component fee-table\"><table class=\"table\">\n                                <thead>\n                                    <tr>\n                                        <th  class=\"\">Fecha<\/th>\n                                        <th  class=\"\">Descripci\u00f3n<\/th><\/tr>\n                                <\/thead>\n                                <tbody><tr>\n                                        <td class=\"\" >Jueves, 8 de enero 2026<\/td>\n                                        <td class=\"text-left text-md-right \" >Empieza el trimestre<\/td><\/tr><tr>\n                                        <td class=\"\" >Del lunes, 16 al viernes, 20 de febrero 2026<\/td>\n                                        <td class=\"text-left text-md-right \" >Vacaciones de mitad de trimestre<\/td><\/tr><tr>\n                                        <td class=\"\" >Viernes, 27 de marzo 2026<\/td>\n                                        <td class=\"text-left text-md-right \" >Final de trimestre<\/td><\/tr><\/tbody>\n                            <\/table>\n                        <\/div><\/div>\n                    <div class=\"col-lg-4 col-md-4    \"><div class=\"component single-img \"><div class=\"ratio ratio-21x9 callout-img halfcol--img image_overlay_1123\" style=\"background-image: url(https:\/\/www.britishschoolbarcelona.com\/wp-content\/uploads\/sites\/76\/2023\/01\/SH_7421.jpg);\"><\/div><\/div><div class=\"component mb-1 mt-0  radius-bottom-LR \" style='px'>\n                        <div class=\"sub-heading component \">\n                        <p class=\"body-medium\">A menos que en la tabla se especifique lo contrario, estas fechas aplican a todos los campus BSB.<br \/>\n<br \/>\nTen en cuenta que no hay clase los d\u00edas de formaci\u00f3n del personal. Consulta las fechas de estos d\u00edas para cada campus.<\/p>\n                        <\/div><\/div> <\/div>\n             <\/div>\n        <\/div>\n<\/section>\n            <\/div>[\/vc_column][\/vc_row][vc_row][vc_column]\n    <section  style='background-image: url(https:\/\/www.britishschoolbarcelona.com\/wp-content\/uploads\/sites\/76\/2023\/02\/Blue-pattern-test1.png);margin-bottom:5px;' class=\"section   section--blue    section--withBG \" ><div class=\"bg-overlay\" ><\/div><div class=\"container-fluid\"><div class=\"row\">\n                <div class=\"col-md-12 col-lg-10\"> <div class=\"component heading\">\n                     <h2 class=\"h4\">TERCER TRIMESTRE 2026<\/h2>\n                 <\/div><\/div>\n                <\/div><div class=\"row   pt-3 pt-md-5 \"><div class=\" col-lg-8 col-md-8      \" ><div class=\"component fee-table\"><table class=\"table\">\n                                <thead>\n                                    <tr>\n                                        <th  class=\"\">Fecha<\/th>\n                                        <th  class=\"\">Descripci\u00f3n<\/th><\/tr>\n                                <\/thead>\n                                <tbody><tr>\n                                        <td class=\"\" >Martes, 7 de abril 2026<\/td>\n                                        <td class=\"text-left text-md-right \" >D\u00eda de Formaci\u00f3n \u2013 solo personal<\/td><\/tr><tr>\n                                        <td class=\"\" >Mi\u00e9rcoles, 8 de abril 2026<\/td>\n                                        <td class=\"text-left text-md-right \" >Empieza el trimestre<\/td><\/tr><tr>\n                                        <td class=\"\" >Viernes, 1 de mayo 2026<\/td>\n                                        <td class=\"text-left text-md-right \" >Festivo (D\u00eda Internacional de los\/as Trabajadores\/as)<\/td><\/tr><tr>\n                                        <td class=\"\" >Lunes, 25 de mayo 2026<\/td>\n                                        <td class=\"text-left text-md-right \" >Festivo local en BSB City (Lunes de Pascua Granada)<\/td><\/tr><tr>\n                                        <td class=\"\" >Viernes, 19 de junio 2026<\/td>\n                                        <td class=\"text-left text-md-right \" >Final de trimestre<\/td><\/tr><\/tbody>\n                            <\/table>\n                        <\/div><\/div>\n                    <div class=\"col-lg-4 col-md-4    \"><div class=\"component single-img \"><div class=\"ratio ratio-21x9 callout-img halfcol--img image_overlay_4613\" style=\"background-image: url(https:\/\/www.britishschoolbarcelona.com\/wp-content\/uploads\/sites\/76\/2023\/01\/SH_0543-1.jpg);\"><\/div><\/div><div class=\"component mb-1 mt-0  radius-bottom-LR \" style='px'>\n                        <div class=\"sub-heading component \">\n                        <p class=\"body-medium\">A menos que en la tabla se especifique lo contrario, estas fechas aplican a todos los campus BSB.<br \/>\n<br \/>\nTen en cuenta que no hay clase los d\u00edas de formaci\u00f3n del personal. Consulta las fechas de estos d\u00edas para cada campus.<\/p>\n                        <\/div><\/div> <\/div>\n             <\/div>\n        <\/div>\n<\/section>[\/vc_column][\/vc_row][vc_row][vc_column]<section class=\"section section--blue bottom-step TopBottomBorder   \" style=\"background-image: url('https:\/\/www.britishschoolbarcelona.com\/wp-content\/uploads\/sites\/76\/2023\/01\/SH_8030.jpg');;;\"><style>.bottom-step.section--blue:before {background: rgba(0,0,0,0.4);}<\/style><div class=\"container-fluid\"><div class=\"row\"><div class=\"col-sm-12\"><div class=\"component title\"><p class=\"body-small\">Pr\u00f3ximos pasos<\/p><\/div><\/div><\/div><div class=\"row\"><div class=\"col-md-4\"><div class=\"component linkcard \">\n                                <a class=\"card card--bordered\" href=\"\/es\/puertas-abiertas-y-visitas\/\">\n                                    <div class=\"card-body d-flex align-items-center\">\n                                    <div> <div class=\"component link\">\n                                            <div  class=\"btn btn-link simple-link h5\">Puertas Abiertas y Visitas<\/div>\n                                        <\/div><\/div><\/div><\/a><\/div><\/div><div class=\"col-md-4\"><div class=\"component linkcard \">\n                                <a class=\"card card--bordered\" href=\"\/es\/excelencia-academica\/\">\n                                    <div class=\"card-body d-flex align-items-center\">\n                                    <div> <div class=\"component link\">\n                                            <div  class=\"btn btn-link simple-link h5\">Excelencia acad\u00e9mica<\/div>\n                                        <\/div><\/div><\/div><\/a><\/div><\/div><div class=\"col-md-4\"><div class=\"component linkcard \">\n                                <a class=\"card card--bordered\" href=\"\/es\/instalaciones-y-ubicacion\/\">\n                                    <div class=\"card-body d-flex align-items-center\">\n                                    <div> <div class=\"component link\">\n                                            <div  class=\"btn btn-link simple-link h5\">Instalaciones y ubicaci\u00f3n<\/div>\n                                        <\/div><\/div><\/div><\/a><\/div><\/div><\/div><\/section>[\/vc_column][\/vc_row]<\/p>\n<\/div>","protected":false},"excerpt":{"rendered":"<p>[vc_row][vc_column][\/vc_column][\/vc_row][vc_row][vc_column][\/vc_column][\/vc_row][vc_row][vc_column][\/vc_column][\/vc_row][vc_row][vc_column][\/vc_column][\/vc_row][vc_row][vc_column][\/vc_column][\/vc_row][vc_row][vc_column][\/vc_column][\/vc_row]<\/p>\n","protected":false},"author":390,"featured_media":0,"parent":0,"menu_order":0,"comment_status":"closed","ping_status":"closed","template":"","meta":{"_acf_changed":false,"footnotes":""},"class_list":["post-10725","page","type-page","status-publish","hentry"],"acf":[],"yoast_head":"<!-- This site is optimized with the Yoast SEO plugin v26.5 - https:\/\/yoast.com\/wordpress\/plugins\/seo\/ -->\n<title>Calendario escolar y fechas principales - BSB<\/title>\n<meta name=\"description\" content=\"Encuentra aqu\u00ed el calendario escolar completo de BSB, incluyendo fechas importantes y d\u00edas festivos. \u00a1Organiza tu curso escolar con nosotros!\" \/>\n<meta name=\"robots\" content=\"index, follow, max-snippet:-1, max-image-preview:large, max-video-preview:-1\" \/>\n<link rel=\"canonical\" href=\"https:\/\/www.britishschoolbarcelona.com\/es\/calendario\/\" \/>\n<meta property=\"og:locale\" content=\"es_ES\" \/>\n<meta property=\"og:type\" content=\"article\" \/>\n<meta property=\"og:title\" content=\"Calendario escolar y fechas principales - BSB\" \/>\n<meta property=\"og:description\" content=\"Encuentra aqu\u00ed el calendario escolar completo de BSB, incluyendo fechas importantes y d\u00edas festivos. \u00a1Organiza tu curso escolar con nosotros!\" \/>\n<meta property=\"og:url\" content=\"https:\/\/www.britishschoolbarcelona.com\/es\/calendario\/\" \/>\n<meta property=\"og:site_name\" content=\"British School of Barcelona\" \/>\n<meta property=\"article:publisher\" content=\"https:\/\/www.facebook.com\/britishschoolbarcelonacastelldefels\/\" \/>\n<meta property=\"article:modified_time\" content=\"2026-03-30T10:31:03+00:00\" \/>\n<meta property=\"og:image\" content=\"https:\/\/www.britishschoolbarcelona.com\/wp-content\/uploads\/sites\/76\/2024\/06\/bsb-web-imagen-destacada.jpg\" \/>\n\t<meta property=\"og:image:width\" content=\"1200\" \/>\n\t<meta property=\"og:image:height\" content=\"675\" \/>\n\t<meta property=\"og:image:type\" content=\"image\/jpeg\" \/>\n<meta name=\"twitter:card\" content=\"summary_large_image\" \/>\n<meta name=\"twitter:site\" content=\"@BSB_Barcelona\" \/>\n<meta name=\"twitter:label1\" content=\"Tiempo de lectura\" \/>\n\t<meta name=\"twitter:data1\" content=\"2 minutos\" \/>\n<!-- \/ Yoast SEO plugin. -->","yoast_head_json":{"title":"Calendario escolar y fechas principales - BSB","description":"Encuentra aqu\u00ed el calendario escolar completo de BSB, incluyendo fechas importantes y d\u00edas festivos. \u00a1Organiza tu curso escolar con nosotros!","robots":{"index":"index","follow":"follow","max-snippet":"max-snippet:-1","max-image-preview":"max-image-preview:large","max-video-preview":"max-video-preview:-1"},"canonical":"https:\/\/www.britishschoolbarcelona.com\/es\/calendario\/","og_locale":"es_ES","og_type":"article","og_title":"Calendario escolar y fechas principales - BSB","og_description":"Encuentra aqu\u00ed el calendario escolar completo de BSB, incluyendo fechas importantes y d\u00edas festivos. \u00a1Organiza tu curso escolar con nosotros!","og_url":"https:\/\/www.britishschoolbarcelona.com\/es\/calendario\/","og_site_name":"British School of Barcelona","article_publisher":"https:\/\/www.facebook.com\/britishschoolbarcelonacastelldefels\/","article_modified_time":"2026-03-30T10:31:03+00:00","og_image":[{"width":1200,"height":675,"url":"https:\/\/www.britishschoolbarcelona.com\/wp-content\/uploads\/sites\/76\/2024\/06\/bsb-web-imagen-destacada.jpg","type":"image\/jpeg"}],"twitter_card":"summary_large_image","twitter_site":"@BSB_Barcelona","twitter_misc":{"Tiempo de lectura":"2 minutos"},"schema":{"@context":"https:\/\/schema.org","@graph":[{"@type":"WebPage","@id":"https:\/\/www.britishschoolbarcelona.com\/es\/calendario\/","url":"https:\/\/www.britishschoolbarcelona.com\/es\/calendario\/","name":"Calendario escolar y fechas principales - BSB","isPartOf":{"@id":"https:\/\/www.britishschoolbarcelona.com\/es\/#website"},"datePublished":"2021-09-14T07:42:49+00:00","dateModified":"2026-03-30T10:31:03+00:00","description":"Encuentra aqu\u00ed el calendario escolar completo de BSB, incluyendo fechas importantes y d\u00edas festivos. \u00a1Organiza tu curso escolar con nosotros!","breadcrumb":{"@id":"https:\/\/www.britishschoolbarcelona.com\/es\/calendario\/#breadcrumb"},"inLanguage":"es","potentialAction":[{"@type":"ReadAction","target":["https:\/\/www.britishschoolbarcelona.com\/es\/calendario\/"]}]},{"@type":"BreadcrumbList","@id":"https:\/\/www.britishschoolbarcelona.com\/es\/calendario\/#breadcrumb","itemListElement":[{"@type":"ListItem","position":1,"name":"Home","item":"https:\/\/www.britishschoolbarcelona.com\/es\/"},{"@type":"ListItem","position":2,"name":"Calendario"}]},{"@type":"WebSite","@id":"https:\/\/www.britishschoolbarcelona.com\/es\/#website","url":"https:\/\/www.britishschoolbarcelona.com\/es\/","name":"British School of Barcelona","description":"ºÚÁÏÍø is a private international school in Barcelona, Spain. We deliver the British curriculum &amp; IB. Visit us!","publisher":{"@id":"https:\/\/www.britishschoolbarcelona.com\/es\/#organization"},"alternateName":"BSB","potentialAction":[{"@type":"SearchAction","target":{"@type":"EntryPoint","urlTemplate":"https:\/\/www.britishschoolbarcelona.com\/es\/?s={search_term_string}"},"query-input":{"@type":"PropertyValueSpecification","valueRequired":true,"valueName":"search_term_string"}}],"inLanguage":"es"},{"@type":"Organization","@id":"https:\/\/www.britishschoolbarcelona.com\/es\/#organization","name":"ºÚÁÏÍø","alternateName":"BSB","url":"https:\/\/www.britishschoolbarcelona.com\/es\/","logo":{"@type":"ImageObject","inLanguage":"es","@id":"https:\/\/www.britishschoolbarcelona.com\/es\/#\/schema\/logo\/image\/","url":"https:\/\/www.britishschoolbarcelona.com\/wp-content\/uploads\/sites\/76\/2023\/01\/BSB-logo.png","contentUrl":"https:\/\/www.britishschoolbarcelona.com\/wp-content\/uploads\/sites\/76\/2023\/01\/BSB-logo.png","width":1920,"height":1357,"caption":"ºÚÁÏÍø"},"image":{"@id":"https:\/\/www.britishschoolbarcelona.com\/es\/#\/schema\/logo\/image\/"},"sameAs":["https:\/\/www.facebook.com\/britishschoolbarcelonacastelldefels\/","https:\/\/x.com\/BSB_Barcelona","https:\/\/www.instagram.com\/britishschoolbarcelona\/","https:\/\/www.youtube.com\/channel\/UC-Cc996mIB8CwmapwNYQKvg","https:\/\/es.linkedin.com\/school\/british-school-of-barcelona\/"]}]}},"jetpack_sharing_enabled":true,"_links":{"self":[{"href":"https:\/\/www.britishschoolbarcelona.com\/es\/wp-json\/wp\/v2\/pages\/10725","targetHints":{"allow":["GET"]}}],"collection":[{"href":"https:\/\/www.britishschoolbarcelona.com\/es\/wp-json\/wp\/v2\/pages"}],"about":[{"href":"https:\/\/www.britishschoolbarcelona.com\/es\/wp-json\/wp\/v2\/types\/page"}],"author":[{"embeddable":true,"href":"https:\/\/www.britishschoolbarcelona.com\/es\/wp-json\/wp\/v2\/users\/390"}],"replies":[{"embeddable":true,"href":"https:\/\/www.britishschoolbarcelona.com\/es\/wp-json\/wp\/v2\/comments?post=10725"}],"version-history":[{"count":51,"href":"https:\/\/www.britishschoolbarcelona.com\/es\/wp-json\/wp\/v2\/pages\/10725\/revisions"}],"predecessor-version":[{"id":77341,"href":"https:\/\/www.britishschoolbarcelona.com\/es\/wp-json\/wp\/v2\/pages\/10725\/revisions\/77341"}],"wp:attachment":[{"href":"https:\/\/www.britishschoolbarcelona.com\/es\/wp-json\/wp\/v2\/media?parent=10725"}],"curies":[{"name":"wp","href":"https:\/\/api.w.org\/{rel}","templated":true}]}}