  
     {"id":10735,"date":"2021-09-14T06:56:10","date_gmt":"2021-09-14T04:56:10","guid":{"rendered":"https:\/\/www.britishschoolbarcelona.com\/healthy-food-choices\/"},"modified":"2026-04-07T09:13:34","modified_gmt":"2026-04-07T07:13:34","slug":"dieta-saludable","status":"publish","type":"page","link":"https:\/\/www.britishschoolbarcelona.com\/es\/dieta-saludable\/","title":{"rendered":"Dieta Saludable"},"content":{"rendered":"<div class=\"wpb-content-wrapper\"><p>[vc_row][vc_column]<section  class=\"bg-video-wrap hero section hero--centertext  small-header \" style='background: url(https:\/\/www.britishschoolbarcelona.com\/wp-content\/uploads\/sites\/76\/2023\/01\/SH_1413.jpg) center ;background-size:cover ;'>\n                <div class=\"bg-overlay\" style='background:#000000;opacity:0.4;'><\/div>\n                <div class=\"overlay\" >\n                  <div class=\"container-fluid\">\n                    <div class=\"row\">\n                      <div class=\"col-md-12 col-lg-12\">\n\n                        <div class=\"caption text-start\"><div class=\"component sub-heading\" >\n                              <h1 class=\"display-h1\">Dieta Saludable<\/h1>\n                            <\/div><\/div>\n                      <\/div>\n                    <\/div>\n                  <\/div>\n                <\/div>\n              <\/section><div class='row  m-x-0 breadcrumb-wrap ' style=''><div class='container-fluid' >\n                <nav aria-label='breadcrumb'><ol class=\"breadcrumb mt-3\">\n                  <li class=\"breadcrumb-item\"><a href=\"https:\/\/www.britishschoolbarcelona.com\/es\/\">Home<\/a><\/li>\n                  <li class=\"breadcrumb-item active\" aria-current=\"page\">Dieta Saludable<\/li>\n                <\/ol>\n              <\/nav>\n              <\/div>\n            <\/div>[\/vc_column][\/vc_row][vc_row][vc_column]\n            <div class=\"wrapper\">\n    <section  style='' class=\"section    container-width    \" ><div class=\"container-fluid\"><div class=\"row    \"><div class=\" col-lg-6 col-md-6      \" ><div class=\"component mb-1 mt-0  radius-bottom-LR \" style='px'><div class=\"sub-heading component\"><h2  class=\"h6  \">Nuestros men\u00fas son equilibrados y nutritivos \u00a1y nos encantan!<\/h2><\/div>\n                        <div class=\"sub-heading component \">\n                        <p class=\"body-medium\">En BSB, consideramos que el almuerzo forma parte de la experiencia educativa: es el momento de disfrutar de una dieta sana y equilibrada que ayude al alumnado a mantener la concentraci\u00f3n y energ\u00eda necesarias durante la jornada escolar. Asimismo, es la oportunidad perfecta para socializar con el resto de estudiantes.<br \/>\n<br \/>\nOfrecemos men\u00fas saludables y nutritivos, y fomentamos h\u00e1bitos saludables que perdurar\u00e1n durante la edad adulta.<\/p>\n                        <\/div><\/div><\/div>\n                    <div class=\"col-lg-6 col-md-6    \"><div class=\"component single-img \"><div class=\"ratio ratio-16x9 callout-img halfcol--img image_overlay_5182\" style=\"background-image: url(https:\/\/www.britishschoolbarcelona.com\/wp-content\/uploads\/sites\/76\/2023\/01\/SH_7619.jpg);\"><\/div><\/div> <\/div>\n             <\/div>\n        <\/div>\n<\/section>\n            <\/div>[\/vc_column][\/vc_row][vc_row][vc_column]\n    <section  style='background-image: url(https:\/\/www.britishschoolbarcelona.com\/wp-content\/uploads\/sites\/76\/2023\/02\/Blue-pattern-test1.png);' class=\"section   section--blue    section--withBG \" ><div class=\"bg-overlay\" ><\/div><div class=\"container-fluid\"><div class=\"row\">\n                <div class=\"col-md-12 col-lg-10\">  <div class=\"component title\">\n                                        <p class=\"body-small\">NECESIDADES ALIMENTARIAS DIFERENTES<\/p>\n                                    <\/div><\/div>\n                <\/div><div class=\"row    \"><div class=\" col-lg-6 col-md-6      \" ><div class=\"component mb-1 mt-0  radius-bottom-LR \" style='px'><div class=\"sub-heading component\"><h2  class=\"h6  \">Nos adaptamos a dietas especiales<\/h2><\/div>\n                        <div class=\"sub-heading component \">\n                        <p class=\"body-medium\">Ofrecemos una amplia variedad de opciones para las diferentes necesidades alimentarias de nuestra comunidad internacional. Contamos con una variedad de men\u00fas, como vegetariano, vegano, halal, sin gluten, entre otros.<br \/>\n<br><br \/>\n<\/p>\n                        <\/div><\/div><div class=\"component mb-1 mt-0  radius-bottom-LR \" style='px'><div class=\"sub-heading component\"><h2  class=\"h6  \">Alergias e intolerancias alimenticias<\/h2><\/div>\n                        <div class=\"sub-heading component \">\n                        <p class=\"body-medium\">Nos tomamos muy en serio las alergias e intolerancias alimenticias. Trabajamos con las familias para asegurarnos de ofrecer una dieta correcta y equilibrada a los\/as estudiantes que las tienen, ya que consideramos que es importante que puedan disfrutar del almuerzo con el resto de estudiantes.<\/p>\n                        <\/div><\/div><\/div>\n                    <div class=\"col-lg-6 col-md-6    \"><div class=\"component single-img \"><div class=\"ratio ratio-4x3 callout-img halfcol--img image_overlay_2959\" style=\"background-image: url(https:\/\/www.britishschoolbarcelona.com\/wp-content\/uploads\/sites\/76\/2023\/01\/SH_1237.jpg);\"><\/div><\/div> <\/div>\n             <\/div>\n        <\/div>\n<\/section>\n            <div class=\"wrapper\">\n    <section  style='' class=\"section    container-width    \" ><div class=\"container-fluid\"><div class=\"row\">\n                <div class=\"col-md-12 col-lg-10\">  <div class=\"component title\">\n                                        <p class=\"body-small\">EDUCACI\u00d3N NUTRICIONAL<\/p>\n                                    <\/div><\/div>\n                <\/div><div class=\"row    \"><div class=\" col-lg-6 col-md-6      \" ><div class=\"component mb-1 mt-0  radius-bottom-LR \" style='px'><div class=\"sub-heading component\"><h2  class=\"h6  \">Priorizamos h\u00e1bitos de alimentaci\u00f3n sostenibles y sanos<\/h2><\/div>\n                        <div class=\"sub-heading component \">\n                        <p class=\"body-medium\">Parte de nuestra misi\u00f3n educativa incluye concienciar al alumnado sobre la importancia de llevar una vida sana y cuidar del medio ambiente. Fomentamos pr\u00e1cticas de alimentaci\u00f3n sostenibles y usamos ingredientes de proximidad. Asimismo, aspiramos a alentar la preferencia por alimentos de temporada para contribuir a la reducci\u00f3n de nuestro impacto medioambiental.<\/p>\n                        <\/div><\/div><\/div>\n                    <div class=\"col-lg-6 col-md-6    \"><div class=\"component single-img \"><div class=\"ratio ratio-21x9 callout-img halfcol--img image_overlay_4127\" style=\"background-image: url(https:\/\/www.britishschoolbarcelona.com\/wp-content\/uploads\/sites\/76\/2023\/01\/SH_1280.jpg);\"><\/div><\/div> <\/div>\n             <\/div>\n        <\/div>\n<\/section>\n            <\/div>\n            <div class=\"wrapper\">\n    <section  style='' class=\"section    container-width pt-0   \" ><div class=\"container-fluid\"><div class=\"row    \"><div class=\" col-lg-6 col-md-6      \" ><div class=\"component link\"><div class=\"ratio ratio-16x9 callout-img halfcol--img image_overlay_1408\" style=\"background-image: url(https:\/\/www.britishschoolbarcelona.com\/wp-content\/uploads\/sites\/76\/2023\/01\/SH_1708-e1675941062839.jpg);\"><\/div><\/div><\/div>\n                    <div class=\"col-lg-6 col-md-6    \"><div class=\"component mb-1 mt-0  radius-bottom-LR \" style='px'><div class=\"sub-heading component\"><h2  class=\"h6  \">Desarrollamos su curiosidad culinaria<\/h2><\/div>\n                        <div class=\"sub-heading component \">\n                        <p class=\"body-medium\">Como colegio internacional, celebramos la diversidad cultural como una experiencia enriquecedora. Esto incluye diferentes gastronom\u00edas y tradiciones de todo el mundo.<br \/>\n<br \/>\nOrganizamos d\u00edas de gastronom\u00eda tem\u00e1tica en la que el alumnado tiene la oportunidad de probar recetas nuevas de otros pa\u00edses como, por ejemplo, M\u00e9xico, China, Alemania, Reino Unido o la India.<br \/>\n<br \/>\nNos esforzamos para que, al terminar el curso, el alumnado haya incorporado algo nuevo y nutritivo a su dieta.<\/p>\n                        <\/div><\/div> <\/div>\n             <\/div>\n        <\/div>\n<\/section>\n            <\/div>[\/vc_column][\/vc_row][vc_row css=&#8221;.vc_custom_1693478596731{background-image: url(https:\/\/www.britishschoolbarcelona.com\/wp-content\/uploads\/sites\/76\/2023\/03\/BSB-grey-pattern-new-light.png?id=61886) !important;background-position: center !important;background-repeat: no-repeat !important;background-size: cover !important;}&#8221;][vc_column]\n    <section  style='' class=\"section   section--white     \" ><div class=\"container-fluid\"><div class=\"row\">\n                <div class=\"col-md-12 col-lg-10\">  <div class=\"component title\">\n                                        <p class=\"body-small\">CATERING<\/p>\n                                    <\/div><\/div>\n                <\/div><div class=\"row    \"><div class=\" col-lg-6 col-md-6      \" ><div class=\"component mb-1 mt-0  radius-bottom-LR \" style='px'><div class=\"sub-heading component\"><h2  class=\"h6  \">Saned, gastronom\u00eda escolar<\/h2><\/div>\n                        <div class=\"sub-heading component \">\n                        <p class=\"body-medium\">Saned es la empresa proveedora de catering en todos nuestros campus; una compa\u00f1\u00eda con m\u00e1s de veinte a\u00f1os de experiencia en catering para colegios. Ofrece un servicio gourmet de alta calidad enfocado en crear platos sanos y nutritivos cada d\u00eda.<br \/>\n<br \/>\nSu propuesta gastron\u00f3mica se basa en el uso de fruta y verdura de temporada y de proximidad. Usa siempre ingredientes frescos de proveedores certificados y con la mejor garant\u00eda sanitaria.<\/p>\n                        <\/div><\/div><div class=\"component link\"><a href=\"http:\/\/saned.net\/index.html\" class=\" btn btn-link\" target=\"_blank\">Descubre m\u00e1s sobre SANED<\/a><\/div><\/div>\n                    <div class=\"col-lg-6 col-md-6    \"><div class=\"component single-img \"><div class=\"ratio ratio-16x9 callout-img halfcol--img image_overlay_2281\" style=\"background-image: url(https:\/\/www.britishschoolbarcelona.com\/wp-content\/uploads\/sites\/76\/2023\/01\/SH_1266.jpg);\"><\/div><\/div> <\/div>\n             <\/div>\n        <\/div>\n<\/section>\n    <section  style='margin-bottom:5px;' class=\"section   section--white  pt-0   \" ><div class=\"container-fluid\"><div class=\"row    \"><div class=\" col-lg-6 col-md-6      \" ><div class=\"component link\"><div class=\"ratio ratio-16x9 callout-img halfcol--img image_overlay_2910\" style=\"background-image: url(https:\/\/www.britishschoolbarcelona.com\/wp-content\/uploads\/sites\/76\/2023\/01\/SH_1660.jpg);\"><\/div><\/div><\/div>\n                    <div class=\"col-lg-6 col-md-6    \"><div class=\"component mb-1 mt-0  radius-bottom-LR \" style='px'><div class=\"sub-heading component\"><h2  class=\"h6  \">Men\u00fas mensuales<\/h2><\/div>\n                        <div class=\"sub-heading component \">\n                        <p class=\"body-medium\">Cada mes, el equipo de nutrici\u00f3n y diet\u00e9tica de SANED elabora men\u00fas variados y equilibrados. Estos se adaptan a la variedad de necesidades diet\u00e9ticas, alergias o intolerancias de nuestro alumnado, que reciben su comida por separado, preparada por un equipo con formaci\u00f3n espec\u00edfica en la manipulaci\u00f3n de necesidades diet\u00e9ticas diversas. Todos los platos de nuestros men\u00fas se elaboran en las cocinas del colegio.<\/p>\n                        <\/div><\/div><div class=\"component link\"><a href=\"https:\/\/www.britishschoolbarcelona.com\/wp-content\/uploads\/sites\/76\/2026\/04\/Menu-for-Early-Years-and-Primary-April-2026.pdf\" class=\" btn btn-link\" target=\"_blank\">Men\u00fa de abril para Infantil y Primaria<\/a><\/div><div class=\"component link\"><a href=\"https:\/\/www.britishschoolbarcelona.com\/wp-content\/uploads\/sites\/76\/2026\/04\/Menu-for-Secondary-April-2026.pdf\" class=\" btn btn-link\" target=\"_blank\">Men\u00fa de abril para Secundaria<\/a><\/div><div class=\"component link\"><a href=\"https:\/\/www.britishschoolbarcelona.com\/wp-content\/uploads\/sites\/76\/2026\/04\/Menus-for-Special-Diets-April-2026.pdf\" class=\" btn btn-link\" target=\"_blank\">Men\u00fas de abril para Dietas Especiales<\/a><\/div> <\/div>\n             <\/div>\n        <\/div>\n<\/section>[\/vc_column][\/vc_row][vc_row][vc_column]<section class=\"section section--blue bottom-step TopBottomBorder   \" style=\"background-image: url('https:\/\/www.britishschoolbarcelona.com\/wp-content\/uploads\/sites\/76\/2023\/01\/SH_1719-e1675941239201.jpg');;;\"><style>.bottom-step.section--blue:before {background: rgba(0,0,0,0.4);}<\/style><div class=\"container-fluid\"><div class=\"row\"><div class=\"col-sm-12\"><div class=\"component title\"><p class=\"body-small\">Pr\u00f3ximos pasos<\/p><\/div><\/div><\/div><div class=\"row\"><div class=\"col-md-4\"><div class=\"component linkcard \">\n                                <a class=\"card card--bordered\" href=\"\/es\/puertas-abiertas-y-visitas\/\">\n                                    <div class=\"card-body d-flex align-items-center\">\n                                    <div> <div class=\"component link\">\n                                            <div  class=\"btn btn-link simple-link h5\">Puertas Abiertas y Visitas<\/div>\n                                        <\/div><\/div><\/div><\/a><\/div><\/div><div class=\"col-md-4\"><div class=\"component linkcard \">\n                                <a class=\"card card--bordered\" href=\"\/es\/excelencia-academica\/\">\n                                    <div class=\"card-body d-flex align-items-center\">\n                                    <div> <div class=\"component link\">\n                                            <div  class=\"btn btn-link simple-link h5\">Excelencia acad\u00e9mica<\/div>\n                                        <\/div><\/div><\/div><\/a><\/div><\/div><div class=\"col-md-4\"><div class=\"component linkcard \">\n                                <a class=\"card card--bordered\" href=\"\/es\/instalaciones-y-ubicacion\/\">\n                                    <div class=\"card-body d-flex align-items-center\">\n                                    <div> <div class=\"component link\">\n                                            <div  class=\"btn btn-link simple-link h5\">Instalaciones y ubicaci\u00f3n<\/div>\n                                        <\/div><\/div><\/div><\/a><\/div><\/div><\/div><\/section>[\/vc_column][\/vc_row]<\/p>\n<\/div>","protected":false},"excerpt":{"rendered":"<p>[vc_row][vc_column][\/vc_column][\/vc_row][vc_row][vc_column][\/vc_column][\/vc_row][vc_row][vc_column][\/vc_column][\/vc_row][vc_row css=&#8221;.vc_custom_1693478596731{background-image: url(https:\/\/www.britishschoolbarcelona.com\/wp-content\/uploads\/sites\/76\/2023\/03\/BSB-grey-pattern-new-light.png?id=61886) !important;background-position: center !important;background-repeat: no-repeat !important;background-size: cover !important;}&#8221;][vc_column][\/vc_column][\/vc_row][vc_row][vc_column][\/vc_column][\/vc_row]<\/p>\n","protected":false},"author":390,"featured_media":0,"parent":0,"menu_order":0,"comment_status":"closed","ping_status":"closed","template":"","meta":{"_acf_changed":false,"footnotes":""},"class_list":["post-10735","page","type-page","status-publish","hentry"],"acf":[],"yoast_head":"<!-- This site is optimized with the Yoast SEO plugin v26.5 - https:\/\/yoast.com\/wordpress\/plugins\/seo\/ -->\n<title>Men\u00fa escolar saludable y equilibrado - BSB<\/title>\n<meta name=\"description\" content=\"Descubre nuestro men\u00fa escolar nutritivo y delicioso. A tu hijo\/a le encantar\u00e1 la variedad de opciones para comer siguiendo una dieta sana y equilibrada.\" \/>\n<meta name=\"robots\" content=\"index, follow, max-snippet:-1, max-image-preview:large, max-video-preview:-1\" \/>\n<link rel=\"canonical\" href=\"https:\/\/www.britishschoolbarcelona.com\/es\/dieta-saludable\/\" \/>\n<meta property=\"og:locale\" content=\"es_ES\" \/>\n<meta property=\"og:type\" content=\"article\" \/>\n<meta property=\"og:title\" content=\"Men\u00fa escolar saludable y equilibrado - BSB\" \/>\n<meta property=\"og:description\" content=\"Descubre nuestro men\u00fa escolar nutritivo y delicioso. A tu hijo\/a le encantar\u00e1 la variedad de opciones para comer siguiendo una dieta sana y equilibrada.\" \/>\n<meta property=\"og:url\" content=\"https:\/\/www.britishschoolbarcelona.com\/es\/dieta-saludable\/\" \/>\n<meta property=\"og:site_name\" content=\"British School of Barcelona\" \/>\n<meta property=\"article:publisher\" content=\"https:\/\/www.facebook.com\/britishschoolbarcelonacastelldefels\/\" \/>\n<meta property=\"article:modified_time\" content=\"2026-04-07T07:13:34+00:00\" \/>\n<meta property=\"og:image\" content=\"https:\/\/www.britishschoolbarcelona.com\/wp-content\/uploads\/sites\/76\/2024\/06\/bsb-web-imagen-destacada.jpg\" \/>\n\t<meta property=\"og:image:width\" content=\"1200\" \/>\n\t<meta property=\"og:image:height\" content=\"675\" \/>\n\t<meta property=\"og:image:type\" content=\"image\/jpeg\" \/>\n<meta name=\"twitter:card\" content=\"summary_large_image\" \/>\n<meta name=\"twitter:site\" content=\"@BSB_Barcelona\" \/>\n<meta name=\"twitter:label1\" content=\"Tiempo de lectura\" \/>\n\t<meta name=\"twitter:data1\" content=\"1 minuto\" \/>\n<!-- \/ Yoast SEO plugin. -->","yoast_head_json":{"title":"Men\u00fa escolar saludable y equilibrado - BSB","description":"Descubre nuestro men\u00fa escolar nutritivo y delicioso. A tu hijo\/a le encantar\u00e1 la variedad de opciones para comer siguiendo una dieta sana y equilibrada.","robots":{"index":"index","follow":"follow","max-snippet":"max-snippet:-1","max-image-preview":"max-image-preview:large","max-video-preview":"max-video-preview:-1"},"canonical":"https:\/\/www.britishschoolbarcelona.com\/es\/dieta-saludable\/","og_locale":"es_ES","og_type":"article","og_title":"Men\u00fa escolar saludable y equilibrado - BSB","og_description":"Descubre nuestro men\u00fa escolar nutritivo y delicioso. A tu hijo\/a le encantar\u00e1 la variedad de opciones para comer siguiendo una dieta sana y equilibrada.","og_url":"https:\/\/www.britishschoolbarcelona.com\/es\/dieta-saludable\/","og_site_name":"British School of Barcelona","article_publisher":"https:\/\/www.facebook.com\/britishschoolbarcelonacastelldefels\/","article_modified_time":"2026-04-07T07:13:34+00:00","og_image":[{"width":1200,"height":675,"url":"https:\/\/www.britishschoolbarcelona.com\/wp-content\/uploads\/sites\/76\/2024\/06\/bsb-web-imagen-destacada.jpg","type":"image\/jpeg"}],"twitter_card":"summary_large_image","twitter_site":"@BSB_Barcelona","twitter_misc":{"Tiempo de lectura":"1 minuto"},"schema":{"@context":"https:\/\/schema.org","@graph":[{"@type":"WebPage","@id":"https:\/\/www.britishschoolbarcelona.com\/es\/dieta-saludable\/","url":"https:\/\/www.britishschoolbarcelona.com\/es\/dieta-saludable\/","name":"Men\u00fa escolar saludable y equilibrado - BSB","isPartOf":{"@id":"https:\/\/www.britishschoolbarcelona.com\/es\/#website"},"datePublished":"2021-09-14T04:56:10+00:00","dateModified":"2026-04-07T07:13:34+00:00","description":"Descubre nuestro men\u00fa escolar nutritivo y delicioso. A tu hijo\/a le encantar\u00e1 la variedad de opciones para comer siguiendo una dieta sana y equilibrada.","breadcrumb":{"@id":"https:\/\/www.britishschoolbarcelona.com\/es\/dieta-saludable\/#breadcrumb"},"inLanguage":"es","potentialAction":[{"@type":"ReadAction","target":["https:\/\/www.britishschoolbarcelona.com\/es\/dieta-saludable\/"]}]},{"@type":"BreadcrumbList","@id":"https:\/\/www.britishschoolbarcelona.com\/es\/dieta-saludable\/#breadcrumb","itemListElement":[{"@type":"ListItem","position":1,"name":"Home","item":"https:\/\/www.britishschoolbarcelona.com\/es\/"},{"@type":"ListItem","position":2,"name":"Dieta Saludable"}]},{"@type":"WebSite","@id":"https:\/\/www.britishschoolbarcelona.com\/es\/#website","url":"https:\/\/www.britishschoolbarcelona.com\/es\/","name":"British School of Barcelona","description":"ºÚÁÏÍø is a private international school in Barcelona, Spain. We deliver the British curriculum &amp; IB. Visit us!","publisher":{"@id":"https:\/\/www.britishschoolbarcelona.com\/es\/#organization"},"alternateName":"BSB","potentialAction":[{"@type":"SearchAction","target":{"@type":"EntryPoint","urlTemplate":"https:\/\/www.britishschoolbarcelona.com\/es\/?s={search_term_string}"},"query-input":{"@type":"PropertyValueSpecification","valueRequired":true,"valueName":"search_term_string"}}],"inLanguage":"es"},{"@type":"Organization","@id":"https:\/\/www.britishschoolbarcelona.com\/es\/#organization","name":"ºÚÁÏÍø","alternateName":"BSB","url":"https:\/\/www.britishschoolbarcelona.com\/es\/","logo":{"@type":"ImageObject","inLanguage":"es","@id":"https:\/\/www.britishschoolbarcelona.com\/es\/#\/schema\/logo\/image\/","url":"https:\/\/www.britishschoolbarcelona.com\/wp-content\/uploads\/sites\/76\/2023\/01\/BSB-logo.png","contentUrl":"https:\/\/www.britishschoolbarcelona.com\/wp-content\/uploads\/sites\/76\/2023\/01\/BSB-logo.png","width":1920,"height":1357,"caption":"ºÚÁÏÍø"},"image":{"@id":"https:\/\/www.britishschoolbarcelona.com\/es\/#\/schema\/logo\/image\/"},"sameAs":["https:\/\/www.facebook.com\/britishschoolbarcelonacastelldefels\/","https:\/\/x.com\/BSB_Barcelona","https:\/\/www.instagram.com\/britishschoolbarcelona\/","https:\/\/www.youtube.com\/channel\/UC-Cc996mIB8CwmapwNYQKvg","https:\/\/es.linkedin.com\/school\/british-school-of-barcelona\/"]}]}},"jetpack_sharing_enabled":true,"_links":{"self":[{"href":"https:\/\/www.britishschoolbarcelona.com\/es\/wp-json\/wp\/v2\/pages\/10735","targetHints":{"allow":["GET"]}}],"collection":[{"href":"https:\/\/www.britishschoolbarcelona.com\/es\/wp-json\/wp\/v2\/pages"}],"about":[{"href":"https:\/\/www.britishschoolbarcelona.com\/es\/wp-json\/wp\/v2\/types\/page"}],"author":[{"embeddable":true,"href":"https:\/\/www.britishschoolbarcelona.com\/es\/wp-json\/wp\/v2\/users\/390"}],"replies":[{"embeddable":true,"href":"https:\/\/www.britishschoolbarcelona.com\/es\/wp-json\/wp\/v2\/comments?post=10735"}],"version-history":[{"count":79,"href":"https:\/\/www.britishschoolbarcelona.com\/es\/wp-json\/wp\/v2\/pages\/10735\/revisions"}],"predecessor-version":[{"id":77425,"href":"https:\/\/www.britishschoolbarcelona.com\/es\/wp-json\/wp\/v2\/pages\/10735\/revisions\/77425"}],"wp:attachment":[{"href":"https:\/\/www.britishschoolbarcelona.com\/es\/wp-json\/wp\/v2\/media?parent=10735"}],"curies":[{"name":"wp","href":"https:\/\/api.w.org\/{rel}","templated":true}]}}