  
     {"id":8195,"date":"2021-09-27T15:22:02","date_gmt":"2021-09-27T13:22:02","guid":{"rendered":"https:\/\/www.britishschoolbarcelona.com\/?page_id=8195"},"modified":"2024-10-07T11:48:51","modified_gmt":"2024-10-07T09:48:51","slug":"estudiantes-internacionales","status":"publish","type":"page","link":"https:\/\/www.britishschoolbarcelona.com\/es\/estudiantes-internacionales\/","title":{"rendered":"Estudiantes Internacionales"},"content":{"rendered":"<div class=\"wpb-content-wrapper\"><p>[vc_row][vc_column]<section  class=\"bg-video-wrap hero section hero--centertext  small-header \" style='background: url(https:\/\/www.britishschoolbarcelona.com\/wp-content\/uploads\/sites\/76\/2023\/01\/SH_5461-2-e1676528336824.jpg) top ;background-size:cover ;'>\n                <div class=\"bg-overlay\" style='background:#000000;opacity:0.4;'><\/div>\n                <div class=\"overlay\" >\n                  <div class=\"container-fluid\">\n                    <div class=\"row\">\n                      <div class=\"col-md-12 col-lg-12\">\n\n                        <div class=\"caption text-start\"><div class=\"component sub-heading\" >\n                              <h1 class=\"display-h1\">Estudiantes Internacionales<\/h1>\n                            <\/div><\/div>\n                      <\/div>\n                    <\/div>\n                  <\/div>\n                <\/div>\n              <\/section><div class='row  m-x-0 breadcrumb-wrap ' style=''><div class='container-fluid' >\n                <nav aria-label='breadcrumb'><ol class=\"breadcrumb mt-3\">\n                  <li class=\"breadcrumb-item\"><a href=\"https:\/\/www.britishschoolbarcelona.com\/es\/\">Home<\/a><\/li>\n                  <li class=\"breadcrumb-item active\" aria-current=\"page\">Estudiantes Internacionales<\/li>\n                <\/ol>\n              <\/nav>\n              <\/div>\n            <\/div>\n            <div class=\"wrapper\">\n    <section  style='' class=\"section    container-width    \" ><div class=\"container-fluid\"><div class=\"row    \"><div class=\" col-lg-6 col-md-6      \" ><div class=\"component mb-1 mt-0  radius-bottom-LR \" style='px'><div class=\"sub-heading component\"><h2  class=\"h6  \">Vive la mejor experiencia educativa en un ambiente internacional<\/h2><\/div>\n                        <div class=\"sub-heading component \">\n                        <p class=\"body-medium\">Somos un colegio internacional y acogemos a estudiantes de setenta y una nacionalidades diferentes. <br \/>\n<br \/>\nComprendemos que mudarse a otro pa\u00eds y cambiar de colegio, o empezar Infantil son decisiones muy importantes para una familia; por ello, contamos con procesos establecidos que har\u00e1n que esta transici\u00f3n sea lo m\u00e1s f\u00e1cil posible, que te ayudar\u00e1n a asentarte y a que en seguida te sientas parte de nuestra fant\u00e1stica comunidad BSB.<\/p>\n                        <\/div><\/div><\/div>\n                    <div class=\"col-lg-6 col-md-6    \"><div class=\"component single-img \"><div class=\"ratio ratio-16x9 callout-img halfcol--img image_overlay_4626\" style=\"background-image: url(https:\/\/www.britishschoolbarcelona.com\/wp-content\/uploads\/sites\/76\/2023\/01\/SH_6782-e1676380492537.jpg);\"><\/div><\/div> <\/div>\n             <\/div>\n        <\/div>\n<\/section>\n            <\/div>\n    <section  style='background-image: url(https:\/\/www.britishschoolbarcelona.com\/wp-content\/uploads\/sites\/76\/2023\/02\/Blue-pattern-test1.png);' class=\"section   section--blue    section--withBG \" ><div class=\"bg-overlay\" ><\/div><div class=\"container-fluid\"><div class=\"row\">\n                <div class=\"col-md-12 col-lg-10\">  <div class=\"component title\">\n                                        <p class=\"body-small\">ºÚÁÏÍø<\/p>\n                                    <\/div><\/div>\n                <\/div><div class=\"row    \"><div class=\" col-lg-6 col-md-6      \" ><div class=\"component mb-1 mt-0  radius-bottom-LR \" style='px'><div class=\"sub-heading component\"><h2  class=\"h6  \">Calificaciones internacionales de renombre mundial<\/h2><\/div>\n                        <div class=\"sub-heading component \">\n                        <p class=\"body-medium\">Al ser un colegio internacional brit\u00e1nico, ofrecemos una selecci\u00f3n de itinerarios de renombre mundial: el curr\u00edculo brit\u00e1nico (A Levels) y el Programa del Diploma del Bachillerato Internacional (IBDP)*. Gracias a nuestros m\u00e1s de sesenta y cinco a\u00f1os de experiencia con estudiantes internacionales, podemos garantizar que los\/as alumnos\/as nuevos\/as se adaptar\u00e1n r\u00e1pidamente sin importar a qu\u00e9 etapa educativa se incorporen.<br \/>\n<br \/>\nAsimismo, nuestro plan de estudios tambi\u00e9n cumple con los requisitos del curr\u00edculo nacional espa\u00f1ol para que nuestro alumnado pueda as\u00ed validar las calificaciones espa\u00f1olas de la ESO y el Bachillerato. Esto les da acceso a las mejores universidades internacionales, ya sea en Espa\u00f1a, en el Reino Unido, o en cualquier parte del mundo.<br \/>\n<br><\/p>\n                        <\/div><\/div><div class=\"component mb-1 mt-0  radius-bottom-LR \" style='px'><div class=\"sub-heading component\"><h2  class=\"body-small  \">* En el campus BSB City, nuestra oferta se centra en el Programa del Diploma del Bachillerato Internacional (IBDP).<\/h2><\/div><\/div><\/div>\n                    <div class=\"col-lg-6 col-md-6    \"><div class=\"component single-img \"><div class=\"ratio ratio-4x3 callout-img halfcol--img image_overlay_1157\" style=\"background-image: url(https:\/\/www.britishschoolbarcelona.com\/wp-content\/uploads\/sites\/76\/2023\/01\/SH_9209.jpg);\"><\/div><\/div> <\/div>\n             <\/div>\n        <\/div>\n<\/section>\n    <section  style='' class=\"section        \" ><div class=\"container-fluid\"><div class=\"row\">\n                <div class=\"col-md-12 col-lg-10\">  <div class=\"component title\">\n                                        <p class=\"body-small\">Mudarse a Barcelona<\/p>\n                                    <\/div><\/div>\n                <\/div><div class=\"row    \"><div class=\" col-lg-6 col-md-6      \" ><div class=\"component mb-1 mt-0  radius-bottom-LR \" style='px'><div class=\"sub-heading component\"><h2  class=\"h6  \">Barcelona, la mejor aula para vivir experiencias<\/h2><\/div>\n                        <div class=\"sub-heading component \">\n                        <p class=\"body-medium\">Barcelona es una de las capitales europeas m\u00e1s din\u00e1micas, innovadoras y cosmopolitas, y es el epicentro de importantes eventos art\u00edsticos, culturales y sociales. Situada de cara al Mediterr\u00e1neo y rodeada por la sierra de Collserola, es una ciudad que acoge a visitantes de todo el mundo y ha atra\u00eddo a gente de 176 pa\u00edses diferentes gracias a su car\u00e1cter y estilo de vida vanguardista y experimental.<br \/>\n<br \/>\nAtrae talento internacional y se sit\u00faa entre las mejores start-ups tecnol\u00f3gicas, siendo la primera Smart City de Espa\u00f1a y la cuarta en Europa. Actualmente, el 22% de los\/as habitantes de Barcelona son extranjeros\/as que han escogido Barcelona como destino para alcanzar sus aspiraciones educativas o profesionales.<\/p>\n                        <\/div><\/div><\/div>\n                    <div class=\"col-lg-6 col-md-6    \"><div class=\"component single-img \"><div class=\"ratio ratio-4x3 callout-img halfcol--img image_overlay_1294\" style=\"background-image: url(https:\/\/www.britishschoolbarcelona.com\/wp-content\/uploads\/sites\/76\/2023\/02\/Barcelona.jpg);\"><\/div><\/div> <\/div>\n             <\/div>\n        <\/div>\n<\/section>\n    <section  style='margin-top:-40px;' class=\"section     pt-0   \" ><div class=\"container-fluid\"><div class=\"row    \"><div class=\" col-lg-6 col-md-6      \" ><div class=\"component link\"><div class=\"ratio ratio-16x9 callout-img halfcol--img image_overlay_8915\" style=\"background-image: url(https:\/\/www.britishschoolbarcelona.com\/wp-content\/uploads\/sites\/76\/2023\/11\/bsb-city.main-campus-19-1.jpg);\"><\/div><\/div><\/div>\n                    <div class=\"col-lg-6 col-md-6    \"><div class=\"component mb-1 mt-0  radius-bottom-LR \" style='px'>\n                        <div class=\"sub-heading component \">\n                        <p class=\"body-medium\">En las \u00faltimas tres d\u00e9cadas, Barcelona se ha posicionado como la tercera ciudad del mundo preferida por estudiantes internacionales.<br \/>\n<br \/>\nCon campus situados en el centro de Barcelona (BSB City) y en las localidades vecinas de Castelldefels y Sitges, podemos sacarle el m\u00e1ximo partido a la ciudad y sus alrededores, convirti\u00e9ndolos en aulas experimentales perfectas para dar vida a nuestro curr\u00edculo din\u00e1mico y abierto.<br \/>\n<br \/>\n<b>Las experiencias que presenta vivir y trabajar en un entorno global como Barcelona, Castelldefels y Sitges se encuentran presentes en cada una de las actividades del colegio.<\/b><\/p>\n                        <\/div><\/div> <\/div>\n             <\/div>\n        <\/div>\n<\/section>\n    <section  style='background-image: url(https:\/\/www.britishschoolbarcelona.com\/wp-content\/uploads\/sites\/76\/2023\/02\/red-pattern-test2.png);margin-bottom:5px;' class=\"section   section--blue    section--withBG \" ><div class=\"bg-overlay\" ><\/div><div class=\"container-fluid\"><div class=\"row    \"><div class=\" col-lg-6 col-md-6      \" ><div class=\"component mb-1 mt-0  radius-bottom-LR \" style='px'><div class=\"sub-heading component\"><h2  class=\"h6  \">Te haremos sentir como en casa<\/h2><\/div>\n                        <div class=\"sub-heading component \">\n                        <p class=\"body-medium\">Te apoyaremos a ti y a tu hijo\/a a vuestra llegada con una serie de actividades que depender\u00e1n de la edad del\/de la ni\u00f1o\/a. Desde visitas a casa, citas de juegos y d\u00edas de orientaci\u00f3n para ni\u00f1os\/as antes de empezar el colegio, a sesiones de bienvenida y desayunos con familias en las que ofreceremos informaci\u00f3n importante sobre el colegio; todo est\u00e1 planificado para que os sint\u00e1is a gusto desde el primer d\u00eda.<br \/>\n<br \/>\nAsimismo, nuestro Equipo de Bienestar supervisar\u00e1 el progreso de tu hijo\/a durante sus primeras semanas en el colegio y se le asignar\u00e1 un\/a compa\u00f1ero\/a si entra en Primaria o Secundaria.<\/p>\n                        <\/div><\/div><\/div>\n                    <div class=\"col-lg-6 col-md-6    \"><div class=\"component single-img \"><div class=\"ratio ratio-16x9 callout-img halfcol--img image_overlay_7665\" style=\"background-image: url(https:\/\/www.britishschoolbarcelona.com\/wp-content\/uploads\/sites\/76\/2023\/01\/SH_9148.jpg);\"><\/div><\/div> <\/div>\n             <\/div>\n        <\/div>\n<\/section>[\/vc_column][\/vc_row][vc_row][vc_column]<section class=\"section section--blue bottom-step TopBottomBorder   \" style=\"background-image: url('https:\/\/www.britishschoolbarcelona.com\/wp-content\/uploads\/sites\/76\/2023\/01\/SH_7611-e1676008753913.jpg');;;\"><style>.bottom-step.section--blue:before {background: rgba(0,0,0,0.4);}<\/style><div class=\"container-fluid\"><div class=\"row\"><div class=\"col-sm-12\"><div class=\"component title\"><p class=\"body-small\">Pr\u00f3ximos pasos<\/p><\/div><\/div><\/div><div class=\"row\"><div class=\"col-md-4\"><div class=\"component linkcard \">\n                                <a class=\"card card--bordered\" href=\"\/es\/puertas-abiertas-y-visitas\/\">\n                                    <div class=\"card-body d-flex align-items-center\">\n                                    <div> <div class=\"component link\">\n                                            <div  class=\"btn btn-link simple-link h5\">Puertas Abiertas y Visitas<\/div>\n                                        <\/div><\/div><\/div><\/a><\/div><\/div><div class=\"col-md-4\"><div class=\"component linkcard \">\n                                <a class=\"card card--bordered\" href=\"\/es\/instalaciones-y-ubicacion\/\">\n                                    <div class=\"card-body d-flex align-items-center\">\n                                    <div> <div class=\"component link\">\n                                            <div  class=\"btn btn-link simple-link h5\">Instalaciones y Ubicaci\u00f3n<\/div>\n                                        <\/div><\/div><\/div><\/a><\/div><\/div><div class=\"col-md-4\"><div class=\"component linkcard \">\n                                <a class=\"card card--bordered\" href=\"\/es\/excelencia-academica\/\">\n                                    <div class=\"card-body d-flex align-items-center\">\n                                    <div> <div class=\"component link\">\n                                            <div  class=\"btn btn-link simple-link h5\">Excelencia Acad\u00e9mica<\/div>\n                                        <\/div><\/div><\/div><\/a><\/div><\/div><\/div><\/section>[\/vc_column][\/vc_row]<\/p>\n<\/div>","protected":false},"excerpt":{"rendered":"<p>[vc_row][vc_column][\/vc_column][\/vc_row][vc_row][vc_column][\/vc_column][\/vc_row]<\/p>\n","protected":false},"author":390,"featured_media":0,"parent":0,"menu_order":0,"comment_status":"closed","ping_status":"closed","template":"","meta":{"_acf_changed":false,"footnotes":""},"class_list":["post-8195","page","type-page","status-publish","hentry"],"acf":[],"yoast_head":"<!-- This site is optimized with the Yoast SEO plugin v26.5 - https:\/\/yoast.com\/wordpress\/plugins\/seo\/ -->\n<title>Colegio internacional con estudiantes de todo el mundo - BSB<\/title>\n<meta name=\"description\" content=\"En nuestro colegio brit\u00e1nico BSB, estudiantes de todo el mundo aprenden y crecen juntos, en un entorno multicultural donde valoramos la diversidad.\" \/>\n<meta name=\"robots\" content=\"index, follow, max-snippet:-1, max-image-preview:large, max-video-preview:-1\" \/>\n<link rel=\"canonical\" href=\"https:\/\/www.britishschoolbarcelona.com\/es\/estudiantes-internacionales\/\" \/>\n<meta property=\"og:locale\" content=\"es_ES\" \/>\n<meta property=\"og:type\" content=\"article\" \/>\n<meta property=\"og:title\" content=\"Colegio internacional con estudiantes de todo el mundo - BSB\" \/>\n<meta property=\"og:description\" content=\"En nuestro colegio brit\u00e1nico BSB, estudiantes de todo el mundo aprenden y crecen juntos, en un entorno multicultural donde valoramos la diversidad.\" \/>\n<meta property=\"og:url\" content=\"https:\/\/www.britishschoolbarcelona.com\/es\/estudiantes-internacionales\/\" \/>\n<meta property=\"og:site_name\" content=\"British School of Barcelona\" \/>\n<meta property=\"article:publisher\" content=\"https:\/\/www.facebook.com\/britishschoolbarcelonacastelldefels\/\" \/>\n<meta property=\"article:modified_time\" content=\"2024-10-07T09:48:51+00:00\" \/>\n<meta property=\"og:image\" content=\"https:\/\/www.britishschoolbarcelona.com\/wp-content\/uploads\/sites\/76\/2024\/06\/bsb-web-imagen-destacada.jpg\" \/>\n\t<meta property=\"og:image:width\" content=\"1200\" \/>\n\t<meta property=\"og:image:height\" content=\"675\" \/>\n\t<meta property=\"og:image:type\" content=\"image\/jpeg\" \/>\n<meta name=\"twitter:card\" content=\"summary_large_image\" \/>\n<meta name=\"twitter:site\" content=\"@BSB_Barcelona\" \/>\n<meta name=\"twitter:label1\" content=\"Tiempo de lectura\" \/>\n\t<meta name=\"twitter:data1\" content=\"2 minutos\" \/>\n<!-- \/ Yoast SEO plugin. -->","yoast_head_json":{"title":"Colegio internacional con estudiantes de todo el mundo - BSB","description":"En nuestro colegio brit\u00e1nico BSB, estudiantes de todo el mundo aprenden y crecen juntos, en un entorno multicultural donde valoramos la diversidad.","robots":{"index":"index","follow":"follow","max-snippet":"max-snippet:-1","max-image-preview":"max-image-preview:large","max-video-preview":"max-video-preview:-1"},"canonical":"https:\/\/www.britishschoolbarcelona.com\/es\/estudiantes-internacionales\/","og_locale":"es_ES","og_type":"article","og_title":"Colegio internacional con estudiantes de todo el mundo - BSB","og_description":"En nuestro colegio brit\u00e1nico BSB, estudiantes de todo el mundo aprenden y crecen juntos, en un entorno multicultural donde valoramos la diversidad.","og_url":"https:\/\/www.britishschoolbarcelona.com\/es\/estudiantes-internacionales\/","og_site_name":"British School of Barcelona","article_publisher":"https:\/\/www.facebook.com\/britishschoolbarcelonacastelldefels\/","article_modified_time":"2024-10-07T09:48:51+00:00","og_image":[{"width":1200,"height":675,"url":"https:\/\/www.britishschoolbarcelona.com\/wp-content\/uploads\/sites\/76\/2024\/06\/bsb-web-imagen-destacada.jpg","type":"image\/jpeg"}],"twitter_card":"summary_large_image","twitter_site":"@BSB_Barcelona","twitter_misc":{"Tiempo de lectura":"2 minutos"},"schema":{"@context":"https:\/\/schema.org","@graph":[{"@type":"WebPage","@id":"https:\/\/www.britishschoolbarcelona.com\/es\/estudiantes-internacionales\/","url":"https:\/\/www.britishschoolbarcelona.com\/es\/estudiantes-internacionales\/","name":"Colegio internacional con estudiantes de todo el mundo - BSB","isPartOf":{"@id":"https:\/\/www.britishschoolbarcelona.com\/es\/#website"},"datePublished":"2021-09-27T13:22:02+00:00","dateModified":"2024-10-07T09:48:51+00:00","description":"En nuestro colegio brit\u00e1nico BSB, estudiantes de todo el mundo aprenden y crecen juntos, en un entorno multicultural donde valoramos la diversidad.","breadcrumb":{"@id":"https:\/\/www.britishschoolbarcelona.com\/es\/estudiantes-internacionales\/#breadcrumb"},"inLanguage":"es","potentialAction":[{"@type":"ReadAction","target":["https:\/\/www.britishschoolbarcelona.com\/es\/estudiantes-internacionales\/"]}]},{"@type":"BreadcrumbList","@id":"https:\/\/www.britishschoolbarcelona.com\/es\/estudiantes-internacionales\/#breadcrumb","itemListElement":[{"@type":"ListItem","position":1,"name":"Home","item":"https:\/\/www.britishschoolbarcelona.com\/es\/"},{"@type":"ListItem","position":2,"name":"Estudiantes Internacionales"}]},{"@type":"WebSite","@id":"https:\/\/www.britishschoolbarcelona.com\/es\/#website","url":"https:\/\/www.britishschoolbarcelona.com\/es\/","name":"British School of Barcelona","description":"ºÚÁÏÍø is a private international school in Barcelona, Spain. We deliver the British curriculum &amp; IB. Visit us!","publisher":{"@id":"https:\/\/www.britishschoolbarcelona.com\/es\/#organization"},"alternateName":"BSB","potentialAction":[{"@type":"SearchAction","target":{"@type":"EntryPoint","urlTemplate":"https:\/\/www.britishschoolbarcelona.com\/es\/?s={search_term_string}"},"query-input":{"@type":"PropertyValueSpecification","valueRequired":true,"valueName":"search_term_string"}}],"inLanguage":"es"},{"@type":"Organization","@id":"https:\/\/www.britishschoolbarcelona.com\/es\/#organization","name":"ºÚÁÏÍø","alternateName":"BSB","url":"https:\/\/www.britishschoolbarcelona.com\/es\/","logo":{"@type":"ImageObject","inLanguage":"es","@id":"https:\/\/www.britishschoolbarcelona.com\/es\/#\/schema\/logo\/image\/","url":"https:\/\/www.britishschoolbarcelona.com\/wp-content\/uploads\/sites\/76\/2023\/01\/BSB-logo.png","contentUrl":"https:\/\/www.britishschoolbarcelona.com\/wp-content\/uploads\/sites\/76\/2023\/01\/BSB-logo.png","width":1920,"height":1357,"caption":"ºÚÁÏÍø"},"image":{"@id":"https:\/\/www.britishschoolbarcelona.com\/es\/#\/schema\/logo\/image\/"},"sameAs":["https:\/\/www.facebook.com\/britishschoolbarcelonacastelldefels\/","https:\/\/x.com\/BSB_Barcelona","https:\/\/www.instagram.com\/britishschoolbarcelona\/","https:\/\/www.youtube.com\/channel\/UC-Cc996mIB8CwmapwNYQKvg","https:\/\/es.linkedin.com\/school\/british-school-of-barcelona\/"]}]}},"jetpack_sharing_enabled":true,"_links":{"self":[{"href":"https:\/\/www.britishschoolbarcelona.com\/es\/wp-json\/wp\/v2\/pages\/8195","targetHints":{"allow":["GET"]}}],"collection":[{"href":"https:\/\/www.britishschoolbarcelona.com\/es\/wp-json\/wp\/v2\/pages"}],"about":[{"href":"https:\/\/www.britishschoolbarcelona.com\/es\/wp-json\/wp\/v2\/types\/page"}],"author":[{"embeddable":true,"href":"https:\/\/www.britishschoolbarcelona.com\/es\/wp-json\/wp\/v2\/users\/390"}],"replies":[{"embeddable":true,"href":"https:\/\/www.britishschoolbarcelona.com\/es\/wp-json\/wp\/v2\/comments?post=8195"}],"version-history":[{"count":31,"href":"https:\/\/www.britishschoolbarcelona.com\/es\/wp-json\/wp\/v2\/pages\/8195\/revisions"}],"predecessor-version":[{"id":69910,"href":"https:\/\/www.britishschoolbarcelona.com\/es\/wp-json\/wp\/v2\/pages\/8195\/revisions\/69910"}],"wp:attachment":[{"href":"https:\/\/www.britishschoolbarcelona.com\/es\/wp-json\/wp\/v2\/media?parent=8195"}],"curies":[{"name":"wp","href":"https:\/\/api.w.org\/{rel}","templated":true}]}}