  
     {"id":8201,"date":"2021-09-15T15:17:56","date_gmt":"2021-09-15T13:17:56","guid":{"rendered":"https:\/\/www.britishschoolbarcelona.com\/?page_id=8201"},"modified":"2024-09-30T13:16:18","modified_gmt":"2024-09-30T11:16:18","slug":"nuestra-experiencia-educativa","status":"publish","type":"page","link":"https:\/\/www.britishschoolbarcelona.com\/es\/nuestra-experiencia-educativa\/","title":{"rendered":"Nuestra Experiencia Educativa"},"content":{"rendered":"<div class=\"wpb-content-wrapper\"><p>[vc_row][vc_column]<section  class=\"bg-video-wrap hero section hero--centertext  small-header \" style='background: url(https:\/\/www.britishschoolbarcelona.com\/wp-content\/uploads\/sites\/76\/2023\/01\/SH_6810-e1673519013111.jpg) top ;background-size:cover ;'>\n                <div class=\"bg-overlay\" style='background:#0a0505;opacity:0.2;'><\/div>\n                <div class=\"overlay\" >\n                  <div class=\"container-fluid\">\n                    <div class=\"row\">\n                      <div class=\"col-md-12 col-lg-12\">\n\n                        <div class=\"caption text-start\"><div class=\"component sub-heading\" >\n                              <h1 class=\"display-h1\">Nuestra Experiencia Educativa<\/h1>\n                            <\/div><\/div>\n                      <\/div>\n                    <\/div>\n                  <\/div>\n                <\/div>\n              <\/section><div class='row  m-x-0 breadcrumb-wrap ' style=''><div class='container-fluid' >\n                <nav aria-label='breadcrumb'><ol class=\"breadcrumb mt-3\">\n                  <li class=\"breadcrumb-item\"><a href=\"https:\/\/www.britishschoolbarcelona.com\/es\/\">Home<\/a><\/li>\n                  <li class=\"breadcrumb-item active\" aria-current=\"page\">Nuestra Experiencia Educativa<\/li>\n                <\/ol>\n              <\/nav>\n              <\/div>\n            <\/div>[\/vc_column][\/vc_row][vc_row][vc_column]<div class=\"wrapper\"><section  style='' class=\"section    pb-0 container-width \"><div class=\"container-fluid\"><div class=\"row m-0 align-items-center centerText \" >\n                        <div class=\"col-sm-12 col-md-10 col-lg-9 mx-auto\"><div class=\"sub-heading component\">\n                                        <h2 class=\"h5\">Una experiencia educativa \u00fanica<\/h2>\n                                    <\/div><div class=\"sub-heading component\"><p>Creamos un itinerario personalizado para cada ni\u00f1o\/a desde sus primeros a\u00f1os en el colegio hasta los dieciocho a\u00f1os, combinando un curr\u00edculo innovador con una gran pasi\u00f3n por el aprendizaje. La experiencia educativa de cada estudiante fomenta el amor por el aprendizaje, y les prepara para los retos de los siglos XXI y XXII.<\/p>\n<p>&nbsp;<\/p>\n<p>Ya sea en nuestros campus de Barcelona, Castelldefels o Sitges, tu hijo\/a vivir\u00e1 una experiencia inolvidable en BSB.<\/p>\n<\/div><style>\n                        .flex-button {\n                        margin-top: 25px;\n                    } \n                        \n                    @media (max-width: 767px){\n                     .flex-button {\n                      display: block;\n                      margin-left: 0;\n                    }\n                    .flex-button .text-center{\n                     text-align: left !important;\n                    }\n                    }\n\n\n                        <\/style><\/div><\/div><\/section><\/div>\n            <div class=\"wrapper\"><section  class=\"section age-school  container-width   \" style='margin-top:-40px;'>\n                <div class=\"container-fluid \"><div class=\"row m-0 justify-content-center mt-3 text-center\"><div class=\"col-12 col-md-auto order-3 order-md-2 \"><div class=\"component link arrow-padding-top\">\n                            <a class=\"btn btn-primary fixedage-btn \" href=\"\/es\/educacion-infantil\/\">2-5 a\u00f1os<\/a>\n                             <\/div><\/div><\/div><div class=\"row m-0 one-column pt-4\">\n                                    <div class=\"col-12 col-md-12 col-lg-10 col-xl-8 mx-auto\"><div class=\"component\">\n                                            <div class=\"card card--white\">               <div class=\"d-flex\" >\n                                                    <img decoding=\"async\" src=\"https:\/\/www.britishschoolbarcelona.com\/wp-content\/uploads\/sites\/76\/2023\/01\/SH_1644.jpg\" class=\"card-img-top\" alt=\"img\">\n                                                <\/div>               <div class=\"card-body\">                 <div class=\"component link\"><div class=\"component link\"><a href=\"\/es\/educacion-infantil\/\" class=\"simple-link h5 btn btn-link\">Infantil<\/a><\/div>               <\/div><div class=\"component hash-list d-none flex-fill d-lg-block\">\n                                                        <ul><li>\n                                                                        <p>En BSB tu hijo\/a dar\u00e1 inicio a una maravillosa aventura educativa.<\/p>\n                                                                    <\/li><li>\n                                                                        <p>Nuestros\/as alumnos\/as m\u00e1s peque\u00f1os\/as disfrutan de la oportunidad de explorar y aprender de la mano de nuestro apasionado equipo de docentes especialistas en educaci\u00f3n infantil que encarnan los valores del cari\u00f1o, el cuidado y el respeto.<\/p>\n                                                                    <\/li><\/ul>\n                                                            <\/div><div class=\"component link mt-3  d-none d-lg-block\"><a class=\"btn btn-primary btn-primary--border\" href=\"\/es\/educacion-infantil\/\">Descubre m\u00e1s<\/a><\/div>\n                                                    <\/div>\n                                                <\/div>\n                                        <\/div>\n                                    <\/div>\n                                <\/div><div class=\"row m-0 justify-content-center mt-3 text-center\"><div class=\"col-12 col-md-auto order-3 order-md-2 \"><div class=\"component link arrow-padding-top\">\n                            <a class=\"btn btn-primary fixedage-btn \" href=\"\/es\/primaria\/\">5-11 a\u00f1os<\/a>\n                             <\/div><\/div><\/div><div class=\"row m-0 one-column pt-4\">\n                                    <div class=\"col-12 col-md-12 col-lg-10 col-xl-8 mx-auto\"><div class=\"component\">\n                                            <div class=\"card card--white\">               <div class=\"d-flex\" >\n                                                    <img decoding=\"async\" src=\"https:\/\/www.britishschoolbarcelona.com\/wp-content\/uploads\/sites\/76\/2023\/01\/SH_2717-1.jpg\" class=\"card-img-top\" alt=\"img\">\n                                                <\/div>               <div class=\"card-body\">                 <div class=\"component link\"><div class=\"component link\"><a href=\"\/es\/primaria\/\" class=\"simple-link h5 btn btn-link\">Primaria<\/a><\/div>               <\/div><div class=\"component hash-list d-none flex-fill d-lg-block\">\n                                                        <ul><li>\n                                                                        <p>Dise\u00f1amos el Curr\u00edculo Nacional Ingl\u00e9s de forma innovadora y creativa para que cada estudiante disfrute de un itinerario formativo personalizado que le ayude a alcanzar el \u00e9xito acad\u00e9mico y un progreso sobresaliente.<\/p>\n                                                                    <\/li><li>\n                                                                        <p>Nuestro enfoque educativo basado en la investigaci\u00f3n nos permite desarrollar los principales h\u00e1bitos de aprendizaje que inculcamos a lo largo de toda la educaci\u00f3n en BSB.<\/p>\n                                                                    <\/li><\/ul>\n                                                            <\/div><div class=\"component link mt-3  d-none d-lg-block\"><a class=\"btn btn-primary btn-primary--border\" href=\"\/es\/primaria\/\">Descubre m\u00e1s<\/a><\/div>\n                                                    <\/div>\n                                                <\/div>\n                                        <\/div>\n                                    <\/div>\n                                <\/div><div class=\"row m-0 justify-content-center mt-3 text-center\"><div class=\"col-12 col-md-auto order-3 order-md-2 \"><div class=\"component link arrow-padding-top\">\n                            <a class=\"btn btn-primary fixedage-btn \" href=\"\/es\/secundaria\/\">11-16 a\u00f1os<\/a>\n                             <\/div><\/div><\/div><div class=\"row m-0 one-column pt-4\">\n                                    <div class=\"col-12 col-md-12 col-lg-10 col-xl-8 mx-auto\"><div class=\"component\">\n                                            <div class=\"card card--white\">               <div class=\"d-flex\" >\n                                                    <img decoding=\"async\" src=\"https:\/\/www.britishschoolbarcelona.com\/wp-content\/uploads\/sites\/76\/2023\/01\/SH_7863-1.jpg\" class=\"card-img-top\" alt=\"img\">\n                                                <\/div>               <div class=\"card-body\">                 <div class=\"component link\"><div class=\"component link\"><a href=\"\/es\/secundaria\/\" class=\"simple-link h5 btn btn-link\">Secundaria<\/a><\/div>               <\/div><div class=\"component hash-list d-none flex-fill d-lg-block\">\n                                                        <ul><li>\n                                                                        <p>Nuestro objetivo es que todos\/as los\/as estudiantes de Secundaria sean felices y tengan confianza en s\u00ed mismos\/as, con las competencias, la mentalidad y la determinaci\u00f3n necesarias para tener \u00e9xito y ser capaces de promover un cambio positivo en los\/as dem\u00e1s.<\/p>\n                                                                    <\/li><li>\n                                                                        <p>En Secundaria seguimos los contenidos del Curr\u00edculo Nacional Ingl\u00e9s con la flexibilidad de ofrecer la posibilidad de obtener el certificado de la ESO al finalizar Year 11.<\/p>\n                                                                    <\/li><li>\n                                                                        <p>Las tasas de rendimiento acad\u00e9mico est\u00e1n por encima de la media nacional en todas las etapas educativas del colegio y en particular los resultados de los ex\u00e1menes de GCSE son m\u00e1s que positivos.<\/p>\n                                                                    <\/li><\/ul>\n                                                            <\/div><div class=\"component link mt-3  d-none d-lg-block\"><a class=\"btn btn-primary btn-primary--border\" href=\"\/es\/secundaria\/\">Descubre m\u00e1s<\/a><\/div>\n                                                    <\/div>\n                                                <\/div>\n                                        <\/div>\n                                    <\/div>\n                                <\/div><div class=\"row m-0 justify-content-center mt-3 text-center\"><div class=\"col-12 col-md-auto order-3 order-md-2 \"><div class=\"component link arrow-padding-top\">\n                            <a class=\"btn btn-primary fixedage-btn \" href=\"\/es\/bachillerato\/\">16-18 a\u00f1os<\/a>\n                             <\/div><\/div><\/div><div class=\"row m-0 one-column pt-4\">\n                                    <div class=\"col-12 col-md-12 col-lg-10 col-xl-8 mx-auto\"><div class=\"component\">\n                                            <div class=\"card card--white\">               <div class=\"d-flex\" >\n                                                    <img decoding=\"async\" src=\"https:\/\/www.britishschoolbarcelona.com\/wp-content\/uploads\/sites\/76\/2023\/01\/SH_8402-e1675836636899.jpg\" class=\"card-img-top\" alt=\"img\">\n                                                <\/div>               <div class=\"card-body\">                 <div class=\"component link\"><div class=\"component link\"><a href=\"\/es\/bachillerato\/\" class=\"simple-link h5 btn btn-link\">Bachillerato<\/a><\/div>               <\/div><div class=\"component hash-list d-none flex-fill d-lg-block\">\n                                                        <ul><li>\n                                                                        <p>Nuestro programa preuniversitario es una propuesta educativa excelente para que los\/as j\u00f3venes obtengan las cualificaciones que necesitan para acceder a las mejores universidades del mundo, con el desarrollo social y personal adecuado para prosperar en un mundo en constante evoluci\u00f3n.<\/p>\n                                                                    <\/li><li>\n                                                                        <p>Los\/as estudiantes tienen la opci\u00f3n de escoger entre dos itinerarios de Bachillerato: los A Levels o el Programa del Diploma del Bachillerato Internacional (IBDP). Asimismo, nuestro curr\u00edculo asegura que el alumnado pueda obtener el certificado del Bachillerato espa\u00f1ol si se cumplen los requisitos necesarios.<\/p>\n                                                                    <\/li><li>\n                                                                        <p>El rendimiento acad\u00e9mico en BSB Nexus es excelente, con resultados muy superiores a la media nacional.<\/p>\n                                                                    <\/li><\/ul>\n                                                            <\/div><div class=\"component link mt-3  d-none d-lg-block\"><a class=\"btn btn-primary btn-primary--border\" href=\"\/es\/bachillerato\/\">Descubre m\u00e1s<\/a><\/div>\n                                                    <\/div>\n                                                <\/div>\n                                        <\/div>\n                                    <\/div>\n                                <\/div><\/div>\n        <\/section>\n            <\/div>[\/vc_column][\/vc_row][vc_row css=&#8221;.vc_custom_1676405932980{background-image: url(https:\/\/www.britishschoolbarcelona.com\/wp-content\/uploads\/sites\/76\/2023\/02\/Blue-pattern-test1.png?id=21810) !important;background-position: center !important;background-repeat: no-repeat !important;background-size: cover !important;}&#8221;][vc_column]<section  style='' class=\"section   section--blue   white-section\"><div class=\"container-fluid\"><div class=\"row m-0 align-items-center centerText \" >\n                        <div class=\"col-sm-12 col-md-10 col-lg-9 mx-auto\"><div class=\"sub-heading component\">\n                                        <h2 class=\"h5\">Descubre m\u00e1s sobre BSB<\/h2>\n                                    <\/div><div class=\"sub-heading component\"><\/div><div class=\"component link\"><a href=\"\/es\/descarga-nuestro-catalogo\/\" class=\" btn btn-primary btn-primary--border\">Solicita un cat\u00e1logo<\/a><\/div><style>\n                        .flex-button {\n                        margin-top: 25px;\n                    } \n                        \n                    @media (max-width: 767px){\n                     .flex-button {\n                      display: block;\n                      margin-left: 0;\n                    }\n                    .flex-button .text-center{\n                     text-align: left !important;\n                    }\n                    }\n\n\n                        <\/style><\/div><\/div><\/section>[\/vc_column][\/vc_row][vc_row][vc_column]<section class=\"section section--blue bottom-step TopBottomBorder   \" style=\"background-image: url('https:\/\/www.britishschoolbarcelona.com\/wp-content\/uploads\/sites\/76\/2023\/01\/SH_7848.jpg');;;margin-top:5px;\"><style>.bottom-step.section--blue:before {background: rgba(0,0,0,0.4);}<\/style><div class=\"container-fluid\"><div class=\"row\"><div class=\"col-sm-12\"><div class=\"component title\"><p class=\"body-small\">Pr\u00f3ximos pasos<\/p><\/div><\/div><\/div><div class=\"row\"><div class=\"col-md-4\"><div class=\"component linkcard \">\n                                <a class=\"card card--bordered\" href=\"\/es\/puertas-abiertas-y-visitas\">\n                                    <div class=\"card-body d-flex align-items-center\">\n                                    <div> <div class=\"component link\">\n                                            <div  class=\"btn btn-link simple-link h5\">Puertas Abiertas y Visitas<\/div>\n                                        <\/div><\/div><\/div><\/a><\/div><\/div><div class=\"col-md-4\"><div class=\"component linkcard \">\n                                <a class=\"card card--bordered\" href=\"\/es\/excelencia-academica\/\">\n                                    <div class=\"card-body d-flex align-items-center\">\n                                    <div> <div class=\"component link\">\n                                            <div  class=\"btn btn-link simple-link h5\">Excelencia acad\u00e9mica<\/div>\n                                        <\/div><\/div><\/div><\/a><\/div><\/div><div class=\"col-md-4\"><div class=\"component linkcard \">\n                                <a class=\"card card--bordered\" href=\"\/es\/instalaciones-y-ubicacion\/\">\n                                    <div class=\"card-body d-flex align-items-center\">\n                                    <div> <div class=\"component link\">\n                                            <div  class=\"btn btn-link simple-link h5\">Instalaciones y ubicaci\u00f3n<\/div>\n                                        <\/div><\/div><\/div><\/a><\/div><\/div><\/div><\/section>[\/vc_column][\/vc_row]<\/p>\n<\/div>","protected":false},"excerpt":{"rendered":"<p>[vc_row][vc_column][\/vc_column][\/vc_row][vc_row][vc_column][\/vc_column][\/vc_row][vc_row css=&#8221;.vc_custom_1676405932980{background-image: url(https:\/\/www.britishschoolbarcelona.com\/wp-content\/uploads\/sites\/76\/2023\/02\/Blue-pattern-test1.png?id=21810) !important;background-position: center !important;background-repeat: no-repeat !important;background-size: cover !important;}&#8221;][vc_column][\/vc_column][\/vc_row][vc_row][vc_column][\/vc_column][\/vc_row]<\/p>\n","protected":false},"author":390,"featured_media":0,"parent":0,"menu_order":0,"comment_status":"closed","ping_status":"closed","template":"","meta":{"_acf_changed":false,"footnotes":""},"class_list":["post-8201","page","type-page","status-publish","hentry"],"acf":[],"yoast_head":"<!-- This site is optimized with the Yoast SEO plugin v26.5 - https:\/\/yoast.com\/wordpress\/plugins\/seo\/ -->\n<title>Nuestra Experiencia Educativa - BSB<\/title>\n<meta name=\"description\" content=\"En BSB ofrecemos una experiencia educativa \u00fanica. Creamos un itinerario personalizado para cada uno de nuestros estudiantes desde sus primeros a\u00f1os de colegio.\" \/>\n<meta name=\"robots\" content=\"index, follow, max-snippet:-1, max-image-preview:large, max-video-preview:-1\" \/>\n<link rel=\"canonical\" href=\"https:\/\/www.britishschoolbarcelona.com\/es\/nuestra-experiencia-educativa\/\" \/>\n<meta property=\"og:locale\" content=\"es_ES\" \/>\n<meta property=\"og:type\" content=\"article\" \/>\n<meta property=\"og:title\" content=\"Nuestra Experiencia Educativa - BSB\" \/>\n<meta property=\"og:description\" content=\"En BSB ofrecemos una experiencia educativa \u00fanica. Creamos un itinerario personalizado para cada uno de nuestros estudiantes desde sus primeros a\u00f1os de colegio.\" \/>\n<meta property=\"og:url\" content=\"https:\/\/www.britishschoolbarcelona.com\/es\/nuestra-experiencia-educativa\/\" \/>\n<meta property=\"og:site_name\" content=\"British School of Barcelona\" \/>\n<meta property=\"article:publisher\" content=\"https:\/\/www.facebook.com\/britishschoolbarcelonacastelldefels\/\" \/>\n<meta property=\"article:modified_time\" content=\"2024-09-30T11:16:18+00:00\" \/>\n<meta property=\"og:image\" content=\"https:\/\/www.britishschoolbarcelona.com\/wp-content\/uploads\/sites\/76\/2024\/06\/bsb-web-imagen-destacada.jpg\" \/>\n\t<meta property=\"og:image:width\" content=\"1200\" \/>\n\t<meta property=\"og:image:height\" content=\"675\" \/>\n\t<meta property=\"og:image:type\" content=\"image\/jpeg\" \/>\n<meta name=\"twitter:card\" content=\"summary_large_image\" \/>\n<meta name=\"twitter:site\" content=\"@BSB_Barcelona\" \/>\n<meta name=\"twitter:label1\" content=\"Tiempo de lectura\" \/>\n\t<meta name=\"twitter:data1\" content=\"1 minuto\" \/>\n<!-- \/ Yoast SEO plugin. -->","yoast_head_json":{"title":"Nuestra Experiencia Educativa - BSB","description":"En BSB ofrecemos una experiencia educativa \u00fanica. Creamos un itinerario personalizado para cada uno de nuestros estudiantes desde sus primeros a\u00f1os de colegio.","robots":{"index":"index","follow":"follow","max-snippet":"max-snippet:-1","max-image-preview":"max-image-preview:large","max-video-preview":"max-video-preview:-1"},"canonical":"https:\/\/www.britishschoolbarcelona.com\/es\/nuestra-experiencia-educativa\/","og_locale":"es_ES","og_type":"article","og_title":"Nuestra Experiencia Educativa - BSB","og_description":"En BSB ofrecemos una experiencia educativa \u00fanica. Creamos un itinerario personalizado para cada uno de nuestros estudiantes desde sus primeros a\u00f1os de colegio.","og_url":"https:\/\/www.britishschoolbarcelona.com\/es\/nuestra-experiencia-educativa\/","og_site_name":"British School of Barcelona","article_publisher":"https:\/\/www.facebook.com\/britishschoolbarcelonacastelldefels\/","article_modified_time":"2024-09-30T11:16:18+00:00","og_image":[{"width":1200,"height":675,"url":"https:\/\/www.britishschoolbarcelona.com\/wp-content\/uploads\/sites\/76\/2024\/06\/bsb-web-imagen-destacada.jpg","type":"image\/jpeg"}],"twitter_card":"summary_large_image","twitter_site":"@BSB_Barcelona","twitter_misc":{"Tiempo de lectura":"1 minuto"},"schema":{"@context":"https:\/\/schema.org","@graph":[{"@type":"WebPage","@id":"https:\/\/www.britishschoolbarcelona.com\/es\/nuestra-experiencia-educativa\/","url":"https:\/\/www.britishschoolbarcelona.com\/es\/nuestra-experiencia-educativa\/","name":"Nuestra Experiencia Educativa - BSB","isPartOf":{"@id":"https:\/\/www.britishschoolbarcelona.com\/es\/#website"},"datePublished":"2021-09-15T13:17:56+00:00","dateModified":"2024-09-30T11:16:18+00:00","description":"En BSB ofrecemos una experiencia educativa \u00fanica. Creamos un itinerario personalizado para cada uno de nuestros estudiantes desde sus primeros a\u00f1os de colegio.","breadcrumb":{"@id":"https:\/\/www.britishschoolbarcelona.com\/es\/nuestra-experiencia-educativa\/#breadcrumb"},"inLanguage":"es","potentialAction":[{"@type":"ReadAction","target":["https:\/\/www.britishschoolbarcelona.com\/es\/nuestra-experiencia-educativa\/"]}]},{"@type":"BreadcrumbList","@id":"https:\/\/www.britishschoolbarcelona.com\/es\/nuestra-experiencia-educativa\/#breadcrumb","itemListElement":[{"@type":"ListItem","position":1,"name":"Home","item":"https:\/\/www.britishschoolbarcelona.com\/es\/"},{"@type":"ListItem","position":2,"name":"Nuestra Experiencia Educativa"}]},{"@type":"WebSite","@id":"https:\/\/www.britishschoolbarcelona.com\/es\/#website","url":"https:\/\/www.britishschoolbarcelona.com\/es\/","name":"British School of Barcelona","description":"ºÚÁÏÍø is a private international school in Barcelona, Spain. We deliver the British curriculum &amp; IB. Visit us!","publisher":{"@id":"https:\/\/www.britishschoolbarcelona.com\/es\/#organization"},"alternateName":"BSB","potentialAction":[{"@type":"SearchAction","target":{"@type":"EntryPoint","urlTemplate":"https:\/\/www.britishschoolbarcelona.com\/es\/?s={search_term_string}"},"query-input":{"@type":"PropertyValueSpecification","valueRequired":true,"valueName":"search_term_string"}}],"inLanguage":"es"},{"@type":"Organization","@id":"https:\/\/www.britishschoolbarcelona.com\/es\/#organization","name":"ºÚÁÏÍø","alternateName":"BSB","url":"https:\/\/www.britishschoolbarcelona.com\/es\/","logo":{"@type":"ImageObject","inLanguage":"es","@id":"https:\/\/www.britishschoolbarcelona.com\/es\/#\/schema\/logo\/image\/","url":"https:\/\/www.britishschoolbarcelona.com\/wp-content\/uploads\/sites\/76\/2023\/01\/BSB-logo.png","contentUrl":"https:\/\/www.britishschoolbarcelona.com\/wp-content\/uploads\/sites\/76\/2023\/01\/BSB-logo.png","width":1920,"height":1357,"caption":"ºÚÁÏÍø"},"image":{"@id":"https:\/\/www.britishschoolbarcelona.com\/es\/#\/schema\/logo\/image\/"},"sameAs":["https:\/\/www.facebook.com\/britishschoolbarcelonacastelldefels\/","https:\/\/x.com\/BSB_Barcelona","https:\/\/www.instagram.com\/britishschoolbarcelona\/","https:\/\/www.youtube.com\/channel\/UC-Cc996mIB8CwmapwNYQKvg","https:\/\/es.linkedin.com\/school\/british-school-of-barcelona\/"]}]}},"jetpack_sharing_enabled":true,"_links":{"self":[{"href":"https:\/\/www.britishschoolbarcelona.com\/es\/wp-json\/wp\/v2\/pages\/8201","targetHints":{"allow":["GET"]}}],"collection":[{"href":"https:\/\/www.britishschoolbarcelona.com\/es\/wp-json\/wp\/v2\/pages"}],"about":[{"href":"https:\/\/www.britishschoolbarcelona.com\/es\/wp-json\/wp\/v2\/types\/page"}],"author":[{"embeddable":true,"href":"https:\/\/www.britishschoolbarcelona.com\/es\/wp-json\/wp\/v2\/users\/390"}],"replies":[{"embeddable":true,"href":"https:\/\/www.britishschoolbarcelona.com\/es\/wp-json\/wp\/v2\/comments?post=8201"}],"version-history":[{"count":30,"href":"https:\/\/www.britishschoolbarcelona.com\/es\/wp-json\/wp\/v2\/pages\/8201\/revisions"}],"predecessor-version":[{"id":71408,"href":"https:\/\/www.britishschoolbarcelona.com\/es\/wp-json\/wp\/v2\/pages\/8201\/revisions\/71408"}],"wp:attachment":[{"href":"https:\/\/www.britishschoolbarcelona.com\/es\/wp-json\/wp\/v2\/media?parent=8201"}],"curies":[{"name":"wp","href":"https:\/\/api.w.org\/{rel}","templated":true}]}}