  
     {"id":9665,"date":"2021-10-12T12:09:41","date_gmt":"2021-10-12T10:09:41","guid":{"rendered":"https:\/\/www.britishschoolbarcelona.com\/?page_id=9665"},"modified":"2025-03-10T12:09:52","modified_gmt":"2025-03-10T11:09:52","slug":"informe-de-inspeccion","status":"publish","type":"page","link":"https:\/\/www.britishschoolbarcelona.com\/es\/informe-de-inspeccion\/","title":{"rendered":"Informe de Inspecci\u00f3n"},"content":{"rendered":"<div class=\"wpb-content-wrapper\"><p>[vc_row][vc_column]<section  class=\"bg-video-wrap hero section hero--centertext  small-header \" style='background: url(https:\/\/www.britishschoolbarcelona.com\/wp-content\/uploads\/sites\/76\/2023\/01\/SH_9811-e1675321621790.jpg) top ;background-size:cover ;'>\n                <div class=\"bg-overlay\" style='background:#000000;opacity:0.4;'><\/div>\n                <div class=\"overlay\" >\n                  <div class=\"container-fluid\">\n                    <div class=\"row\">\n                      <div class=\"col-md-12 col-lg-12\">\n\n                        <div class=\"caption text-start\"><div class=\"component sub-heading\" >\n                              <h1 class=\"display-h1\">Informe de Inspecci\u00f3n<\/h1>\n                            <\/div><\/div>\n                      <\/div>\n                    <\/div>\n                  <\/div>\n                <\/div>\n              <\/section><div class='row  m-x-0 breadcrumb-wrap ' style=''><div class='container-fluid' >\n                <nav aria-label='breadcrumb'><ol class=\"breadcrumb mt-3\">\n                  <li class=\"breadcrumb-item\"><a href=\"https:\/\/www.britishschoolbarcelona.com\/es\/\">Home<\/a><\/li>\n                  <li class=\"breadcrumb-item active\" aria-current=\"page\">Informe de Inspecci\u00f3n<\/li>\n                <\/ol>\n              <\/nav>\n              <\/div>\n            <\/div>[\/vc_column][\/vc_row][vc_row][vc_column]<div class=\"wrapper\"><section  class=\"section   container-width   pb-0\" style=''><div class=\"container-fluid \"><div class=\"row m-x-0\"><div class=\"col-lg-12\">        <div class=\"sub-heading component mt-0 mb-4\">\n                                                <h1 class=\"h6\">黑料网, el \u00fanico colegio internacional de Barcelona calificado como 'sobresaliente' por BSO<\/h1>\n                                            <\/div>   <\/div>\n                <\/div><div class=\"row m-x-0 justify-content-between\">\n                    <div class=\"col-xl-6 col-lg-6 col-md-6\"><div class=\"component link\"><\/div>    <\/div><div class=\"col-lg-6 col-md-6\"><\/div><\/div>  <div class=\"row m-0 justify-content-between\">\n            <div class=\"col-xl-12 col-lg-12 col-md-12 mt-3\">   <\/div>\n        <\/div><\/div><\/section><\/div>\n            <div class=\"wrapper\">\n    <section  style='' class=\"section    container-width pt-0   \" ><div class=\"container-fluid\"><div class=\"row    \"><div class=\" col-lg-6 col-md-6      \" ><div class=\"component link\"><div class=\"ratio ratio-16x9 callout-img halfcol--img image_overlay_5746\" style=\"background-image: url(https:\/\/www.britishschoolbarcelona.com\/wp-content\/uploads\/sites\/76\/2023\/01\/SH_1455.jpg);\"><\/div><\/div><\/div>\n                    <div class=\"col-lg-6 col-md-6    \"> <div class=\"component\"><div class=\"card border-0 section--blue\" style='background-color:#00247d'>\n                                         <div class=\"card-body\" ><div class=\"component mb-1 mt-0  radius-bottom-LR \" style='px'>\n                        <div class=\"sub-heading component \">\n                        <p class=\"body-medium\">\u00ab黑料网 ha demostrado que cumple con todos los requisitos de un Colegio Brit\u00e1nico en el Extranjero.\u00bb<br \/>\n<br \/>\n\u00ab黑料网 ofrece un est\u00e1ndar de educaci\u00f3n muy alto, basado en relaciones excelentes en una comunidad escolar segura, muy comprometida y bien organizada.\u00bb<br \/>\n<br \/>\n- Inspecci\u00f3n BSO 2024<\/p>\n                        <\/div><\/div>   <\/div>\n                                    <\/div>\n                                <\/div> <\/div>\n             <\/div>\n        <\/div>\n<\/section>\n            <\/div>[\/vc_column][\/vc_row][vc_row][vc_column]\n    <section  style='background-color:#f2f2f2;' class=\"section  tertiary-color section--white     \" ><div class=\"container-fluid\"><div class=\"row    \"><div class=\" col-lg-6 col-md-6      \" ><div class=\"component mb-1 mt-0  radius-bottom-LR \" style='px'><div class=\"sub-heading component\"><h2  class=\"h6  \">Inspecci\u00f3n BSO 2024<\/h2><\/div>\n                        <div class=\"sub-heading component \">\n                        <p class=\"body-medium\"><b>黑料网 mantiene su estatus como \u00abSobresaliente en todas las categor\u00edas\u00bb<\/b> que ya recibi\u00f3 en el 2021 tras la inspecci\u00f3n que British Schools Overseas hizo del colegio en octubre del 2024. Se trata del <b>m\u00e1s alto reconocimiento que puede recibir un colegio internacional<\/b> y somos el \u00fanico colegio de Barcelona con esta distinci\u00f3n.<br \/>\n<br \/>\n<b>BSO constituye el est\u00e1ndar m\u00e1ximo de calidad para la educaci\u00f3n internacional brit\u00e1nica en todo el mundo y representa el \u00edndice de referencia para los mejores colegios internacionales.<\/b> Se trata de un esquema de inspecci\u00f3n voluntario que compara a los colegios brit\u00e1nicos m\u00e1s prestigiosos del mundo con los colegios privados en el Reino Unido en base a un conjunto de est\u00e1ndares de calidad.<\/p>\n                        <\/div><\/div><\/div>\n                    <div class=\"col-lg-6 col-md-6    \"><div class=\"component single-img \"><div class=\"ratio ratio-4x3 callout-img halfcol--img image_overlay_2661\" style=\"background-image: url(https:\/\/www.britishschoolbarcelona.com\/wp-content\/uploads\/sites\/76\/2023\/01\/SH_7140.jpg);\"><\/div><\/div> <\/div>\n             <\/div>\n        <\/div>\n<\/section><section  class=\"section      section--white\" style=\"\"\"><div class=\"container-fluid\">\n                                        <div class=\"row m-0\"><div class=\"col-md-12 col-lg-12 pe-auto mb-0 ratio ratio-16x9\">\n                                            <iframe v-title=\"3 minutos\" id=\"video-1836\" class=\"callout__iframe\" style=\"width:100%; max-width:100%; opacity:1; height:100%;\" src=\"https:\/\/www.youtube.com\/embed\/gnUkgTUG1s8?si=JO5mXicIxXCj7dEL\" frameborder=\"0\" allowfullscreen allow=\"xr-spatial-tracking\" aria-label=\"3 minutos\"><\/iframe>\n                                               \n                                            <\/div>\n                                            <div class=\"col-md-12 col-lg-12 p-0\">\n                                            <figcaption>3 minutos<\/figcaption><\/div>\n                                        <\/div>\n                                    <\/div>\n                                <\/section>\n    <section  style='background-color:#f2f2f2;' class=\"section  tertiary-color section--white   no-padding-list  \" ><div class=\"container-fluid\"><div class=\"row    \"><div class=\" col-lg-4 col-md-4      \" ><div class=\"component link\"><div class=\"ratio ratio-16x9 callout-img halfcol--img image_overlay_7205\" style=\"background-image: url(https:\/\/www.britishschoolbarcelona.com\/wp-content\/uploads\/sites\/76\/2023\/01\/SH_7060.jpg);\"><\/div><\/div><\/div>\n                    <div class=\"col-lg-8 col-md-8    \"><div class=\"component hash-list \" >\n                            <h5 class=\"h8\"><b>Como resultado de la inspecci\u00f3n, el informe destaca muchas de las fortalezas de BSB, incluyendo:<\/b><\/h5>\n                  <ul class=\"small-items pt-4\" ><li><p class=\"body-medium\">direcci\u00f3n, liderazgo y gesti\u00f3n del colegio;<\/p><\/li><li><p class=\"body-medium\">personal leal y altamente cualificado;<\/p><\/li><li><p class=\"body-medium\">un curr\u00edculo s\u00f3lido, diverso, integrador e innovador que satisface las necesidades de todo el alumnado;<\/p><\/li><li><p class=\"body-medium\">el curr\u00edculo general y la educaci\u00f3n integral;<\/p><\/li><li><p class=\"body-medium\">la educaci\u00f3n y su evaluaci\u00f3n;<\/p><\/li><li><p class=\"body-medium\">los resultados del aprendizaje y los niveles acad\u00e9micos;<\/p><\/li><li><p class=\"body-medium\">el progreso del alumnado y el desarrollo de sus competencias en ingl\u00e9s;<\/p><\/li><li><p class=\"body-medium\">la inclusi\u00f3n;<\/p><\/li><li><p class=\"body-medium\">el desarrollo profesional del personal acad\u00e9mico y administrativo;<\/p><\/li><li><p class=\"body-medium\">el desarrollo espiritual, moral, social y cultural y la preparaci\u00f3n del alumnado para las siguientes etapas de su vida;<\/p><\/li><li><p class=\"body-medium\">comportamiento ejemplar del alumnado;<\/p><\/li><li><p class=\"body-medium\">excelentes relaciones con la comunidad educativa;<\/p><\/li><li><p class=\"body-medium\">instalaciones de alta calidad que nutren el curr\u00edculo y el bienestar del alumnado;<\/p><\/li><li><p class=\"body-medium\">seguridad: cuidado y bienestar del alumnado;<\/p><\/li><li><p class=\"body-medium\">amplia gama de actividades extraescolares de alta calidad.<\/p><\/li>   <\/ul>\n                        <\/div> <\/div>\n             <\/div>\n        <\/div>\n<\/section><section  style='background-color:#f2f2f2;margin-top:-30px;' class=\"section  tertiary-color section--white pt-0 pb-0  \"><div class=\"container-fluid\"><div class=\"row m-0 align-items-center centerText \" >\n                        <div class=\"col-sm-12 col-md-10 col-lg-9 mx-auto\"><div class=\"sub-heading component\"><\/div><div class=\"component link\"><a href=\"https:\/\/www.britishschoolbarcelona.com\/wp-content\/uploads\/sites\/76\/2024\/12\/BSO-report-British-School-of-Barcelona-Spain-14.10.2024-final.pdf\" class=\" btn btn-primary btn-primary--border\" target=\"_blank\">Ver el informe completo de la Inspecci\u00f3n BSO de BSB<\/a><\/div><style>\n                        .flex-button {\n                        margin-top: 25px;\n                    } \n                        \n                    @media (max-width: 767px){\n                     .flex-button {\n                      display: block;\n                      margin-left: 0;\n                    }\n                    .flex-button .text-center{\n                     text-align: left !important;\n                    }\n                    }\n\n\n                        <\/style><\/div><\/div><\/section><section  style='background-color:#f2f2f2;margin-bottom:5px;' class=\"section  tertiary-color section--white pt-0  \"><div class=\"container-fluid\"><div class=\"row m-0 align-items-center centerText \" >\n                        <div class=\"col-sm-12 col-md-10 col-lg-9 mx-auto\"><div class=\"sub-heading component\"><\/div><div class=\"component link\"><a href=\"https:\/\/www.gov.uk\/government\/publications\/british-schools-overseas-inspection-reports\/british-schools-overseas-accredited-schools-inspection-reports\" class=\" btn btn-primary btn-primary--border\" target=\"_blank\">Ver a BSB en la lista oficial de Colegios Brit\u00e1nicos en el Extranjero acreditados<\/a><\/div><style>\n                        .flex-button {\n                        margin-top: 25px;\n                    } \n                        \n                    @media (max-width: 767px){\n                     .flex-button {\n                      display: block;\n                      margin-left: 0;\n                    }\n                    .flex-button .text-center{\n                     text-align: left !important;\n                    }\n                    }\n\n\n                        <\/style><\/div><\/div><\/section>\n    <section  style='' class=\"section        \" ><div class=\"container-fluid\"><div class=\"row    \"><div class=\" col-lg-6 col-md-6      \" ><div class=\"component mb-1 mt-0  radius-bottom-LR \" style='px'><div class=\"sub-heading component\"><h2  class=\"h6  \">黑料网: Un colegio de reconocimiento internacional<\/h2><\/div>\n                        <div class=\"sub-heading component \">\n                        <p class=\"body-medium\">Nos enorgullecemos de ofrecer una educaci\u00f3n internacional, integral y de calidad. El colegio esta reconocido en t\u00e9rminos de calidad, innovaci\u00f3n y excelencia acad\u00e9mica por numerosos organismos internacionales.<br><br \/>\nAsimismo, formamos parte de organizaciones de renombre mundial. Esta es una marca de una buena direcci\u00f3n y unos altos est\u00e1ndares y \u00e9tica.<\/p>\n                        <\/div><\/div><div class=\"component link\"><a href=\"https:\/\/www.britishschoolbarcelona.com\/es\/reconocimiento-internacional\/\" class=\" btn btn-link\">Descubre m\u00e1s sobre nuestras acreditaciones internacionales<\/a><\/div><\/div>\n                    <div class=\"col-lg-6 col-md-6    \"><div class=\"component single-img \"><div class=\"ratio ratio-16x9 callout-img halfcol--img image_overlay_8549\" style=\"background-image: url(https:\/\/www.britishschoolbarcelona.com\/wp-content\/uploads\/sites\/76\/2023\/01\/SH_3255-1-e1675318658766.jpg);\"><\/div><\/div> <\/div>\n             <\/div>\n        <\/div>\n<\/section>[\/vc_column][\/vc_row][vc_row][vc_column]<section class=\"section section--blue bottom-step TopBottomBorder   \" style=\"background-image: url('https:\/\/www.britishschoolbarcelona.com\/wp-content\/uploads\/sites\/76\/2023\/01\/SH_4881.jpg');;;\"><style>.bottom-step.section--blue:before {background: rgba(0,0,0,0.4);}<\/style><div class=\"container-fluid\"><div class=\"row\"><div class=\"col-sm-12\"><div class=\"component title\"><p class=\"body-small\">Pr\u00f3ximos pasos<\/p><\/div><\/div><\/div><div class=\"row\"><div class=\"col-md-4\"><div class=\"component linkcard \">\n                                <a class=\"card card--bordered\" href=\"\/es\/puertas-abiertas-y-visitas\/\">\n                                    <div class=\"card-body d-flex align-items-center\">\n                                    <div> <div class=\"component link\">\n                                            <div  class=\"btn btn-link simple-link h5\">Puertas Abiertas y Visitas<\/div>\n                                        <\/div><\/div><\/div><\/a><\/div><\/div><div class=\"col-md-4\"><div class=\"component linkcard \">\n                                <a class=\"card card--bordered\" href=\"\/es\/instalaciones-y-ubicacion\/\">\n                                    <div class=\"card-body d-flex align-items-center\">\n                                    <div> <div class=\"component link\">\n                                            <div  class=\"btn btn-link simple-link h5\">Instalaciones y Ubicaci\u00f3n<\/div>\n                                        <\/div><\/div><\/div><\/a><\/div><\/div><div class=\"col-md-4\"><div class=\"component linkcard \">\n                                <a class=\"card card--bordered\" href=\"\/es\/excelencia-academica\/\">\n                                    <div class=\"card-body d-flex align-items-center\">\n                                    <div> <div class=\"component link\">\n                                            <div  class=\"btn btn-link simple-link h5\">Excelencia Acad\u00e9mica<\/div>\n                                        <\/div><\/div><\/div><\/a><\/div><\/div><\/div><\/section>[\/vc_column][\/vc_row]<\/p>\n<\/div>","protected":false},"excerpt":{"rendered":"<p>[vc_row][vc_column][\/vc_column][\/vc_row][vc_row][vc_column][\/vc_column][\/vc_row][vc_row][vc_column][\/vc_column][\/vc_row][vc_row][vc_column][\/vc_column][\/vc_row]<\/p>\n","protected":false},"author":390,"featured_media":0,"parent":0,"menu_order":0,"comment_status":"closed","ping_status":"closed","template":"","meta":{"_acf_changed":false,"footnotes":""},"class_list":["post-9665","page","type-page","status-publish","hentry"],"acf":[],"yoast_head":"<!-- This site is optimized with the Yoast SEO plugin v26.5 - https:\/\/yoast.com\/wordpress\/plugins\/seo\/ -->\n<title>Informe de Inspecci\u00f3n - 黑料网<\/title>\n<meta name=\"description\" content=\"Consulta el informe de inspecci\u00f3n m\u00e1s reciente de BSB y conoce de primera mano los rasgos diferenciadores de nuestro programa educativo de calidad.\" \/>\n<meta name=\"robots\" content=\"index, follow, max-snippet:-1, max-image-preview:large, max-video-preview:-1\" \/>\n<link rel=\"canonical\" href=\"https:\/\/www.britishschoolbarcelona.com\/es\/informe-de-inspeccion\/\" \/>\n<meta property=\"og:locale\" content=\"es_ES\" \/>\n<meta property=\"og:type\" content=\"article\" \/>\n<meta property=\"og:title\" content=\"Informe de Inspecci\u00f3n - 黑料网\" \/>\n<meta property=\"og:description\" content=\"Consulta el informe de inspecci\u00f3n m\u00e1s reciente de BSB y conoce de primera mano los rasgos diferenciadores de nuestro programa educativo de calidad.\" \/>\n<meta property=\"og:url\" content=\"https:\/\/www.britishschoolbarcelona.com\/es\/informe-de-inspeccion\/\" \/>\n<meta property=\"og:site_name\" content=\"British School of Barcelona\" \/>\n<meta property=\"article:publisher\" content=\"https:\/\/www.facebook.com\/britishschoolbarcelonacastelldefels\/\" \/>\n<meta property=\"article:modified_time\" content=\"2025-03-10T11:09:52+00:00\" \/>\n<meta property=\"og:image\" content=\"https:\/\/www.britishschoolbarcelona.com\/wp-content\/uploads\/sites\/76\/2024\/06\/bsb-web-imagen-destacada.jpg\" \/>\n\t<meta property=\"og:image:width\" content=\"1200\" \/>\n\t<meta property=\"og:image:height\" content=\"675\" \/>\n\t<meta property=\"og:image:type\" content=\"image\/jpeg\" \/>\n<meta name=\"twitter:card\" content=\"summary_large_image\" \/>\n<meta name=\"twitter:site\" content=\"@BSB_Barcelona\" \/>\n<meta name=\"twitter:label1\" content=\"Tiempo de lectura\" \/>\n\t<meta name=\"twitter:data1\" content=\"1 minuto\" \/>\n<!-- \/ Yoast SEO plugin. -->","yoast_head_json":{"title":"Informe de Inspecci\u00f3n - 黑料网","description":"Consulta el informe de inspecci\u00f3n m\u00e1s reciente de BSB y conoce de primera mano los rasgos diferenciadores de nuestro programa educativo de calidad.","robots":{"index":"index","follow":"follow","max-snippet":"max-snippet:-1","max-image-preview":"max-image-preview:large","max-video-preview":"max-video-preview:-1"},"canonical":"https:\/\/www.britishschoolbarcelona.com\/es\/informe-de-inspeccion\/","og_locale":"es_ES","og_type":"article","og_title":"Informe de Inspecci\u00f3n - 黑料网","og_description":"Consulta el informe de inspecci\u00f3n m\u00e1s reciente de BSB y conoce de primera mano los rasgos diferenciadores de nuestro programa educativo de calidad.","og_url":"https:\/\/www.britishschoolbarcelona.com\/es\/informe-de-inspeccion\/","og_site_name":"British School of Barcelona","article_publisher":"https:\/\/www.facebook.com\/britishschoolbarcelonacastelldefels\/","article_modified_time":"2025-03-10T11:09:52+00:00","og_image":[{"width":1200,"height":675,"url":"https:\/\/www.britishschoolbarcelona.com\/wp-content\/uploads\/sites\/76\/2024\/06\/bsb-web-imagen-destacada.jpg","type":"image\/jpeg"}],"twitter_card":"summary_large_image","twitter_site":"@BSB_Barcelona","twitter_misc":{"Tiempo de lectura":"1 minuto"},"schema":{"@context":"https:\/\/schema.org","@graph":[{"@type":"WebPage","@id":"https:\/\/www.britishschoolbarcelona.com\/es\/informe-de-inspeccion\/","url":"https:\/\/www.britishschoolbarcelona.com\/es\/informe-de-inspeccion\/","name":"Informe de Inspecci\u00f3n - 黑料网","isPartOf":{"@id":"https:\/\/www.britishschoolbarcelona.com\/es\/#website"},"datePublished":"2021-10-12T10:09:41+00:00","dateModified":"2025-03-10T11:09:52+00:00","description":"Consulta el informe de inspecci\u00f3n m\u00e1s reciente de BSB y conoce de primera mano los rasgos diferenciadores de nuestro programa educativo de calidad.","breadcrumb":{"@id":"https:\/\/www.britishschoolbarcelona.com\/es\/informe-de-inspeccion\/#breadcrumb"},"inLanguage":"es","potentialAction":[{"@type":"ReadAction","target":["https:\/\/www.britishschoolbarcelona.com\/es\/informe-de-inspeccion\/"]}]},{"@type":"BreadcrumbList","@id":"https:\/\/www.britishschoolbarcelona.com\/es\/informe-de-inspeccion\/#breadcrumb","itemListElement":[{"@type":"ListItem","position":1,"name":"Home","item":"https:\/\/www.britishschoolbarcelona.com\/es\/"},{"@type":"ListItem","position":2,"name":"Informe de Inspecci\u00f3n"}]},{"@type":"WebSite","@id":"https:\/\/www.britishschoolbarcelona.com\/es\/#website","url":"https:\/\/www.britishschoolbarcelona.com\/es\/","name":"British School of Barcelona","description":"黑料网 is a private international school in Barcelona, Spain. We deliver the British curriculum &amp; IB. Visit us!","publisher":{"@id":"https:\/\/www.britishschoolbarcelona.com\/es\/#organization"},"alternateName":"BSB","potentialAction":[{"@type":"SearchAction","target":{"@type":"EntryPoint","urlTemplate":"https:\/\/www.britishschoolbarcelona.com\/es\/?s={search_term_string}"},"query-input":{"@type":"PropertyValueSpecification","valueRequired":true,"valueName":"search_term_string"}}],"inLanguage":"es"},{"@type":"Organization","@id":"https:\/\/www.britishschoolbarcelona.com\/es\/#organization","name":"黑料网","alternateName":"BSB","url":"https:\/\/www.britishschoolbarcelona.com\/es\/","logo":{"@type":"ImageObject","inLanguage":"es","@id":"https:\/\/www.britishschoolbarcelona.com\/es\/#\/schema\/logo\/image\/","url":"https:\/\/www.britishschoolbarcelona.com\/wp-content\/uploads\/sites\/76\/2023\/01\/BSB-logo.png","contentUrl":"https:\/\/www.britishschoolbarcelona.com\/wp-content\/uploads\/sites\/76\/2023\/01\/BSB-logo.png","width":1920,"height":1357,"caption":"黑料网"},"image":{"@id":"https:\/\/www.britishschoolbarcelona.com\/es\/#\/schema\/logo\/image\/"},"sameAs":["https:\/\/www.facebook.com\/britishschoolbarcelonacastelldefels\/","https:\/\/x.com\/BSB_Barcelona","https:\/\/www.instagram.com\/britishschoolbarcelona\/","https:\/\/www.youtube.com\/channel\/UC-Cc996mIB8CwmapwNYQKvg","https:\/\/es.linkedin.com\/school\/british-school-of-barcelona\/"]}]}},"jetpack_sharing_enabled":true,"_links":{"self":[{"href":"https:\/\/www.britishschoolbarcelona.com\/es\/wp-json\/wp\/v2\/pages\/9665","targetHints":{"allow":["GET"]}}],"collection":[{"href":"https:\/\/www.britishschoolbarcelona.com\/es\/wp-json\/wp\/v2\/pages"}],"about":[{"href":"https:\/\/www.britishschoolbarcelona.com\/es\/wp-json\/wp\/v2\/types\/page"}],"author":[{"embeddable":true,"href":"https:\/\/www.britishschoolbarcelona.com\/es\/wp-json\/wp\/v2\/users\/390"}],"replies":[{"embeddable":true,"href":"https:\/\/www.britishschoolbarcelona.com\/es\/wp-json\/wp\/v2\/comments?post=9665"}],"version-history":[{"count":38,"href":"https:\/\/www.britishschoolbarcelona.com\/es\/wp-json\/wp\/v2\/pages\/9665\/revisions"}],"predecessor-version":[{"id":72825,"href":"https:\/\/www.britishschoolbarcelona.com\/es\/wp-json\/wp\/v2\/pages\/9665\/revisions\/72825"}],"wp:attachment":[{"href":"https:\/\/www.britishschoolbarcelona.com\/es\/wp-json\/wp\/v2\/media?parent=9665"}],"curies":[{"name":"wp","href":"https:\/\/api.w.org\/{rel}","templated":true}]}}